{"id":37196,"date":"2023-09-30T09:25:04","date_gmt":"2023-09-30T06:25:04","guid":{"rendered":"https:\/\/hookahshop.lt\/?post_type=product&#038;p=37196"},"modified":"2026-04-19T23:30:15","modified_gmt":"2026-04-19T20:30:15","slug":"individualus-kaljano-kandiklis-moze-wave-red","status":"publish","type":"product","link":"https:\/\/hookahshop.lt\/pl\/produkt\/niestandardowy-ustnik-do-fajki-wodnej-moze-wave-ed\/","title":{"rendered":"Indywidualny ustnik do fajki wodnej MOZE Wave Red"},"content":{"rendered":"<h2>Indywidualny ustnik do fajki wodnej MOZE Wave Red<\/h2>\n<p>Gwarantuje higieniczne palenie, poniewa\u017c spe\u0142nia funkcj\u0119 jednorazowego ustnika. Ka\u017cdy ustnik MOZE jest wyj\u0105tkowy ze wzgl\u0119du na \u017cywic\u0119 epoksydow\u0105 i gradienty kolor\u00f3w, nigdy nie jest taki sam. Ustniki mo\u017cna pra\u0107 i u\u017cywa\u0107 ponownie. U\u017cywaj\u0105c tego ustnika, zrobisz co\u015b dobrego nie tylko dla siebie i swojej higieny, ale tak\u017ce dla \u015brodowiska, poniewa\u017c ustniki po paleniu nie s\u0105 wyrzucane jak pojedyncze ustniki jednorazowe.<\/p>\n<p>&nbsp;<\/p>\n<p>Czy masz jakie\u015b pytania? Skontaktuj si\u0119 z nami\u00a0<a href=\"https:\/\/hookahshop.lt\/pl\/lacznosc\/\">strona z kontaktami<\/a>\u00a0lub napisz do nas na adres\u00a0<a href=\"https:\/\/facebook.com\/HookahShop.lt\/\" target=\"_blank\" rel=\"noopener\">konto na Facebooku<\/a>\u00a0a my odpowiemy na Twoj\u0105 pro\u015bb\u0119 tego samego dnia.<\/p>","protected":false},"excerpt":{"rendered":"<p>Indywidualny ustnik do fajki wodnej MOZE Wave Red Gwarantuje higieniczne palenie, gdy\u017c spe\u0142nia funkcj\u0119 ustnika jednorazowego u\u017cytku. Ka\u017cdy ustnik MOZE jest wyj\u0105tkowy ze wzgl\u0119du na \u017cywic\u0119 epoksydow\u0105 i gradienty kolor\u00f3w, nigdy nie jest taki sam. Ustniki mo\u017cna pra\u0107 i u\u017cywa\u0107 ponownie. U\u017cywaj\u0105c tego ustnika, nie tylko zrobisz co\u015b dobrego dla siebie i swojej higieny, ale tak\u017ce dla \u015brodowiska, [\u2026]<\/p>","protected":false},"featured_media":37202,"comment_status":"open","ping_status":"closed","template":"","meta":[],"_links":{"self":[{"href":"https:\/\/hookahshop.lt\/pl\/wp-json\/wp\/v2\/product\/37196"}],"collection":[{"href":"https:\/\/hookahshop.lt\/pl\/wp-json\/wp\/v2\/product"}],"about":[{"href":"https:\/\/hookahshop.lt\/pl\/wp-json\/wp\/v2\/types\/product"}],"replies":[{"embeddable":true,"href":"https:\/\/hookahshop.lt\/pl\/wp-json\/wp\/v2\/comments?post=37196"}],"version-history":[{"count":5,"href":"https:\/\/hookahshop.lt\/pl\/wp-json\/wp\/v2\/product\/37196\/revisions"}],"predecessor-version":[{"id":43986,"href":"https:\/\/hookahshop.lt\/pl\/wp-json\/wp\/v2\/product\/37196\/revisions\/43986"}],"wp:featuredmedia":[{"embeddable":true,"href":"https:\/\/hookahshop.lt\/pl\/wp-json\/wp\/v2\/media\/37202"}],"wp:attachment":[{"href":"https:\/\/hookahshop.lt\/pl\/wp-json\/wp\/v2\/media?parent=37196"}],"curies":[{"name":"wp","href":"https:\/\/api.w.org\/{rel}","templated":true}]}}