{"id":37203,"date":"2023-09-30T09:54:39","date_gmt":"2023-09-30T06:54:39","guid":{"rendered":"https:\/\/hookahshop.lt\/?post_type=product&#038;p=37203"},"modified":"2026-05-13T23:30:05","modified_gmt":"2026-05-13T20:30:05","slug":"zarna-silikonine-moze-matt-black","status":"publish","type":"product","link":"https:\/\/hookahshop.lt\/pl\/produkt\/waz-silikon-moze-mat-czarny\/","title":{"rendered":"W\u0105\u017c silikonowy MOZE Matt Black"},"content":{"rendered":"<h2>W\u0105\u017c silikonowy MOZE Matt Black<\/h2>\n<p>Wykonane z mocnego silikonu. W\u0105\u017c jest bardzo \u0142atwy w utrzymaniu czysto\u015bci, odporny na przebarwienia i zapachy, dzi\u0119ki czemu idealnie nadaje si\u0119 do d\u0142ugotrwa\u0142ego u\u017cytkowania.<\/p>\n<p><strong>Specyfikacje:<\/strong><br \/>\nD\u0142ugo\u015b\u0107: 150 cm<br \/>\n\u015arednica zewn\u0119trzna: ~1,7 cm<br \/>\n\u015arednica wewn\u0119trzna: ~1,0 cm<br \/>\nMateria\u0142: mi\u0119kki w dotyku<br \/>\nCzarny kolor<\/p>\n<p>&nbsp;<\/p>\n<p>Czy masz jakie\u015b pytania? Skontaktuj si\u0119 z nami\u00a0<a href=\"https:\/\/hookahshop.lt\/pl\/lacznosc\/\">strona z kontaktami<\/a>\u00a0lub napisz do nas na adres\u00a0<a href=\"https:\/\/facebook.com\/HookahShop.lt\/\" target=\"_blank\" rel=\"noopener\">konto na Facebooku<\/a>\u00a0a my odpowiemy na Twoj\u0105 pro\u015bb\u0119 tego samego dnia.<\/p>","protected":false},"excerpt":{"rendered":"<p>W\u0105\u017c silikonowy MOZE Matt Black Wykonany z mocnego silikonu. W\u0105\u017c jest bardzo \u0142atwy w utrzymaniu czysto\u015bci, odporny na przebarwienia i zapachy, dzi\u0119ki czemu idealnie nadaje si\u0119 do d\u0142ugotrwa\u0142ego u\u017cytkowania. Dane techniczne: D\u0142ugo\u015b\u0107: 150 cm \u015arednica zewn\u0119trzna: ~1,7 cm \u015arednica wewn\u0119trzna: ~1,0 cm Materia\u0142: Mi\u0119kki w dotyku Kolor: Czarny Masz pytania? Skontaktuj si\u0119 z nami na stronie kontaktowej lub napisz do nas na naszym koncie na Facebooku, a my odpowiemy na Twoj\u0105 pro\u015bb\u0119 [\u2026]<\/p>","protected":false},"featured_media":37205,"comment_status":"open","ping_status":"closed","template":"","meta":[],"_links":{"self":[{"href":"https:\/\/hookahshop.lt\/pl\/wp-json\/wp\/v2\/product\/37203"}],"collection":[{"href":"https:\/\/hookahshop.lt\/pl\/wp-json\/wp\/v2\/product"}],"about":[{"href":"https:\/\/hookahshop.lt\/pl\/wp-json\/wp\/v2\/types\/product"}],"replies":[{"embeddable":true,"href":"https:\/\/hookahshop.lt\/pl\/wp-json\/wp\/v2\/comments?post=37203"}],"version-history":[{"count":3,"href":"https:\/\/hookahshop.lt\/pl\/wp-json\/wp\/v2\/product\/37203\/revisions"}],"predecessor-version":[{"id":39519,"href":"https:\/\/hookahshop.lt\/pl\/wp-json\/wp\/v2\/product\/37203\/revisions\/39519"}],"wp:featuredmedia":[{"embeddable":true,"href":"https:\/\/hookahshop.lt\/pl\/wp-json\/wp\/v2\/media\/37205"}],"wp:attachment":[{"href":"https:\/\/hookahshop.lt\/pl\/wp-json\/wp\/v2\/media?parent=37203"}],"curies":[{"name":"wp","href":"https:\/\/api.w.org\/{rel}","templated":true}]}}