{"id":37208,"date":"2023-09-30T10:08:59","date_gmt":"2023-09-30T07:08:59","guid":{"rendered":"https:\/\/hookahshop.lt\/?post_type=product&#038;p=37208"},"modified":"2026-04-15T12:29:38","modified_gmt":"2026-04-15T09:29:38","slug":"zarna-silikonine-caesar-matt-red","status":"publish","type":"product","link":"https:\/\/hookahshop.lt\/pl\/produkt\/waz-silikonowy-cezar-matowany\/","title":{"rendered":"W\u0105\u017c silikonowy CAESAR Matt Red"},"content":{"rendered":"<h2>W\u0105\u017c silikonowy CAESAR Matt Red<\/h2>\n<p>Wykonane z mocnego silikonu. W\u0105\u017c jest bardzo \u0142atwy w utrzymaniu czysto\u015bci, odporny na przebarwienia i zapachy, dzi\u0119ki czemu idealnie nadaje si\u0119 do d\u0142ugotrwa\u0142ego u\u017cytkowania.<\/p>\n<p><strong>Specyfikacje:<\/strong><br \/>\nD\u0142ugo\u015b\u0107: 150 cm<br \/>\n\u015arednica zewn\u0119trzna: ~1,7 cm<br \/>\n\u015arednica wewn\u0119trzna: ~1,0 cm<br \/>\nMateria\u0142: mi\u0119kki w dotyku<br \/>\nKolor: czerwony mat<br \/>\nCzy masz jakie\u015b pytania? Skontaktuj si\u0119 z nami\u00a0<a href=\"https:\/\/hookahshop.lt\/pl\/lacznosc\/\">strona z kontaktami<\/a>\u00a0lub napisz do nas na adres\u00a0<a href=\"https:\/\/facebook.com\/HookahShop.lt\/\" target=\"_blank\" rel=\"noopener\">konto na Facebooku<\/a>\u00a0a my odpowiemy na Twoj\u0105 pro\u015bb\u0119 tego samego dnia.<\/p>\n<p>&nbsp;<\/p>","protected":false},"excerpt":{"rendered":"<p>W\u0105\u017c silikonowy CAESAR Matt Red Wykonany z mocnego silikonu. W\u0105\u017c jest bardzo \u0142atwy w utrzymaniu czysto\u015bci, odporny na przebarwienia i zapachy, dzi\u0119ki czemu idealnie nadaje si\u0119 do d\u0142ugotrwa\u0142ego u\u017cytkowania. Dane techniczne: D\u0142ugo\u015b\u0107: 150 cm \u015arednica zewn\u0119trzna: ~1,7 cm \u015arednica wewn\u0119trzna: ~1,0 cm Materia\u0142: Mi\u0119kki w dotyku Kolor: Czerwony mat Masz pytania? Skontaktuj si\u0119 z nami na stronie kontaktowej lub napisz do nas na naszym koncie na Facebooku, a my odpowiemy na Twoj\u0105 pro\u015bb\u0119 [\u2026]<\/p>","protected":false},"featured_media":37209,"comment_status":"open","ping_status":"closed","template":"","meta":[],"_links":{"self":[{"href":"https:\/\/hookahshop.lt\/pl\/wp-json\/wp\/v2\/product\/37208"}],"collection":[{"href":"https:\/\/hookahshop.lt\/pl\/wp-json\/wp\/v2\/product"}],"about":[{"href":"https:\/\/hookahshop.lt\/pl\/wp-json\/wp\/v2\/types\/product"}],"replies":[{"embeddable":true,"href":"https:\/\/hookahshop.lt\/pl\/wp-json\/wp\/v2\/comments?post=37208"}],"version-history":[{"count":3,"href":"https:\/\/hookahshop.lt\/pl\/wp-json\/wp\/v2\/product\/37208\/revisions"}],"predecessor-version":[{"id":42239,"href":"https:\/\/hookahshop.lt\/pl\/wp-json\/wp\/v2\/product\/37208\/revisions\/42239"}],"wp:featuredmedia":[{"embeddable":true,"href":"https:\/\/hookahshop.lt\/pl\/wp-json\/wp\/v2\/media\/37209"}],"wp:attachment":[{"href":"https:\/\/hookahshop.lt\/pl\/wp-json\/wp\/v2\/media?parent=37208"}],"curies":[{"name":"wp","href":"https:\/\/api.w.org\/{rel}","templated":true}]}}