{"id":37222,"date":"2023-09-30T10:49:56","date_gmt":"2023-09-30T07:49:56","guid":{"rendered":"https:\/\/hookahshop.lt\/?post_type=product&#038;p=37222"},"modified":"2026-04-19T23:30:16","modified_gmt":"2026-04-19T20:30:16","slug":"taurele-kaljanui-fox-phunnel-mini-black","status":"publish","type":"product","link":"https:\/\/hookahshop.lt\/pl\/produkt\/kubek-szisza-lis-lejek-mini-czarny\/","title":{"rendered":"Kubek do fajki wodnej FOX Phunnel Mini Czarny"},"content":{"rendered":"<h2>Kubek do fajki wodnej FOX Phunnel Mini Czarny<\/h2>\n<p>Kubek wykonany jest z wysokiej jako\u015bci gliny, dzi\u0119ki czemu r\u00f3wnomiernie rozprowadza ciep\u0142o i utrzymuje je przez ca\u0142y okres palenia.<\/p>\n<p><strong>Specyfikacje:<\/strong><br \/>\nMateria\u0142: glina<br \/>\nTyp: Phunnel<br \/>\nCzarny kolor<br \/>\nWysoko\u015b\u0107: 7,5 cm<br \/>\n\u015arednica miseczki u g\u00f3ry: 5,5 cm<\/p>\n<p>Czy masz jakie\u015b pytania? Skontaktuj si\u0119 z nami\u00a0<a href=\"https:\/\/hookahshop.lt\/pl\/lacznosc\/\">strona z kontaktami<\/a>\u00a0lub napisz do nas na adres\u00a0<a href=\"https:\/\/facebook.com\/HookahShop.lt\/\" target=\"_blank\" rel=\"noopener\">konto na Facebooku<\/a>\u00a0a my odpowiemy na Twoj\u0105 pro\u015bb\u0119 tego samego dnia.<\/p>\n<p>&nbsp;<\/p>","protected":false},"excerpt":{"rendered":"<p>Kubek do fajki wodnej FOX Phunnel Mini Black Kubek wykonany jest z wysokiej jako\u015bci gliny, dzi\u0119ki czemu r\u00f3wnomiernie rozprowadza ciep\u0142o i utrzymuje je przez ca\u0142y okres palenia. Specyfikacje: Materia\u0142: Glina Typ: Phunnel Kolor: Czarny Wysoko\u015b\u0107: 7,5 cm \u015arednica miseczki u g\u00f3ry: 5,5 cm Pytania? Skontaktuj si\u0119 z nami na stronie kontaktowej lub napisz do nas na naszym koncie na Facebooku, a my odpowiemy na Twoj\u0105 pro\u015bb\u0119 jeszcze tego samego dnia. [\u2026]<\/p>","protected":false},"featured_media":37224,"comment_status":"open","ping_status":"closed","template":"","meta":[],"_links":{"self":[{"href":"https:\/\/hookahshop.lt\/pl\/wp-json\/wp\/v2\/product\/37222"}],"collection":[{"href":"https:\/\/hookahshop.lt\/pl\/wp-json\/wp\/v2\/product"}],"about":[{"href":"https:\/\/hookahshop.lt\/pl\/wp-json\/wp\/v2\/types\/product"}],"replies":[{"embeddable":true,"href":"https:\/\/hookahshop.lt\/pl\/wp-json\/wp\/v2\/comments?post=37222"}],"version-history":[{"count":5,"href":"https:\/\/hookahshop.lt\/pl\/wp-json\/wp\/v2\/product\/37222\/revisions"}],"predecessor-version":[{"id":43497,"href":"https:\/\/hookahshop.lt\/pl\/wp-json\/wp\/v2\/product\/37222\/revisions\/43497"}],"wp:featuredmedia":[{"embeddable":true,"href":"https:\/\/hookahshop.lt\/pl\/wp-json\/wp\/v2\/media\/37224"}],"wp:attachment":[{"href":"https:\/\/hookahshop.lt\/pl\/wp-json\/wp\/v2\/media?parent=37222"}],"curies":[{"name":"wp","href":"https:\/\/api.w.org\/{rel}","templated":true}]}}