{"id":37229,"date":"2023-09-30T13:12:07","date_gmt":"2023-09-30T10:12:07","guid":{"rendered":"https:\/\/hookahshop.lt\/?post_type=product&#038;p=37229"},"modified":"2026-04-19T23:30:16","modified_gmt":"2026-04-19T20:30:16","slug":"taurele-kaljanui-werkbund-polygon-black","status":"publish","type":"product","link":"https:\/\/hookahshop.lt\/pl\/produkt\/kubek-szisza-werkbund-wielokat-czarny\/","title":{"rendered":"Fili\u017canka do fajki wodnej WERKBUND Polygon Black"},"content":{"rendered":"<h2>Fili\u017canka do fajki wodnej WERKBUND Polygon Black<\/h2>\n<p>Wykonany z wysokiej jako\u015bci gliny, r\u00f3wnomiernie rozprowadza ciep\u0142o i utrzymuje je przez ca\u0142y okres w\u0119dzenia.<br \/>\nW kubku mie\u015bci si\u0119 tyto\u0144: 18-20g. (w zale\u017cno\u015bci od zastosowanej metody pakowania).<\/p>\n<p><strong>Specyfikacje:<\/strong><br \/>\nTyp: Phunnel<br \/>\nCzarny kolor<br \/>\nMateria\u0142: glina z szkliwem<br \/>\nSzeroko\u015b\u0107: ~7,5 cm<br \/>\nWysoko\u015b\u0107: ~10,5 cm<br \/>\nG\u0142\u0119boko\u015b\u0107: ~1,3 cm<\/p>\n<p>&nbsp;<\/p>\n<p>Czy masz jakie\u015b pytania? Skontaktuj si\u0119 z nami\u00a0<a href=\"https:\/\/hookahshop.lt\/pl\/lacznosc\/\">strona z kontaktami<\/a>\u00a0lub napisz do nas na adres\u00a0<a href=\"https:\/\/facebook.com\/HookahShop.lt\/\" target=\"_blank\" rel=\"noopener\">konto na Facebooku<\/a>\u00a0a my odpowiemy na Twoj\u0105 pro\u015bb\u0119 tego samego dnia.<\/p>","protected":false},"excerpt":{"rendered":"<p>Cybuch do fajki wodnej WERKBUND Polygon Black Wykonany z wysokiej jako\u015bci gliny, kt\u00f3ra r\u00f3wnomiernie rozprowadza ciep\u0142o i zatrzymuje je przez ca\u0142y czas palenia. Cybuch mie\u015bci tyto\u0144: 18-20g. (w zale\u017cno\u015bci od u\u017cytego sposobu pakowania). Specyfikacja: Typ: Phunnel Kolor: Czarny Materia\u0142: Glina z glazur\u0105 Szeroko\u015b\u0107: ~7,5 cm Wysoko\u015b\u0107: ~10,5 cm G\u0142\u0119boko\u015b\u0107: ~1,3 cm Masz pytania? Skontaktuj si\u0119 z nami na stronie kontaktowej lub napisz [\u2026]<\/p>","protected":false},"featured_media":37230,"comment_status":"open","ping_status":"closed","template":"","meta":[],"_links":{"self":[{"href":"https:\/\/hookahshop.lt\/pl\/wp-json\/wp\/v2\/product\/37229"}],"collection":[{"href":"https:\/\/hookahshop.lt\/pl\/wp-json\/wp\/v2\/product"}],"about":[{"href":"https:\/\/hookahshop.lt\/pl\/wp-json\/wp\/v2\/types\/product"}],"replies":[{"embeddable":true,"href":"https:\/\/hookahshop.lt\/pl\/wp-json\/wp\/v2\/comments?post=37229"}],"version-history":[{"count":4,"href":"https:\/\/hookahshop.lt\/pl\/wp-json\/wp\/v2\/product\/37229\/revisions"}],"predecessor-version":[{"id":42223,"href":"https:\/\/hookahshop.lt\/pl\/wp-json\/wp\/v2\/product\/37229\/revisions\/42223"}],"wp:featuredmedia":[{"embeddable":true,"href":"https:\/\/hookahshop.lt\/pl\/wp-json\/wp\/v2\/media\/37230"}],"wp:attachment":[{"href":"https:\/\/hookahshop.lt\/pl\/wp-json\/wp\/v2\/media?parent=37229"}],"curies":[{"name":"wp","href":"https:\/\/api.w.org\/{rel}","templated":true}]}}