{"id":37233,"date":"2023-09-30T14:17:07","date_gmt":"2023-09-30T11:17:07","guid":{"rendered":"https:\/\/hookahshop.lt\/?post_type=product&#038;p=37233"},"modified":"2026-04-18T23:29:25","modified_gmt":"2026-04-18T20:29:25","slug":"taurele-kaljanui-moon-phunnel-marble-fir","status":"publish","type":"product","link":"https:\/\/hookahshop.lt\/pl\/produkt\/kubek-szisza-ksiezyc-lejek-marmur-jodla\/","title":{"rendered":"Fili\u017canka do fajki wodnej MOON Phunnel Marble Jod\u0142a"},"content":{"rendered":"<h2>Fili\u017canka do fajki wodnej MOON Phunnel Marble Jod\u0142a<\/h2>\n<p>R\u0119cznie robione, doskona\u0142e wykonanie, wykonane z wysokiej jako\u015bci gliny, kubek szkliwiony. Kubek nadaje si\u0119 zar\u00f3wno do ciemnych, jak i jasnych tytoni.<br \/>\nW kubku mie\u015bci si\u0119 ~18-22 g tytoniu. (w zale\u017cno\u015bci od zastosowanej metody pakowania).<br \/>\nDo rozprowadzania tytoniu w kubku do\u0142\u0105czony jest drewniany widelec.<\/p>\n<p><strong>Specyfikacje:<\/strong><br \/>\nTyp: Phunnel<br \/>\nKolor: zielony, bia\u0142y<br \/>\nMateria\u0142: glina z szkliwem<br \/>\nWysoko\u015b\u0107: 1,05 cm<br \/>\n\u015arednica (zewn\u0119trzna): 7,4 cm<br \/>\n\u015arednica (wewn\u0119trzna): 6,7 cm<br \/>\nG\u0142\u0119boko\u015b\u0107: 1 cm<\/p>\n<p>Czy masz jakie\u015b pytania? Skontaktuj si\u0119 z nami\u00a0<a href=\"https:\/\/hookahshop.lt\/pl\/lacznosc\/\">strona z kontaktami<\/a>\u00a0lub napisz do nas na adres\u00a0<a href=\"https:\/\/facebook.com\/HookahShop.lt\/\" target=\"_blank\" rel=\"noopener\">konto na Facebooku<\/a>\u00a0a my odpowiemy na Twoj\u0105 pro\u015bb\u0119 tego samego dnia.<\/p>","protected":false},"excerpt":{"rendered":"<p>Cybuch do fajki wodnej MOON Phunnel Marble Fir R\u0119cznie wykonany, doskona\u0142e wykonanie, wykonany z wysokiej jako\u015bci gliny, glazurowany. Cybuch nadaje si\u0119 zar\u00f3wno do tytoniu ciemnego, jak i jasnego. Cybuch mie\u015bci tyto\u0144 ~ 18-22 g. (w zale\u017cno\u015bci od u\u017cytego sposobu pakowania). W zestawie znajduje si\u0119 drewniany widelec do rozprowadzania tytoniu w cybuchu. Specyfikacja: Typ: Phunnel Kolor: Zielony, bia\u0142y Materia\u0142: Glina z glazur\u0105 Wysoko\u015b\u0107: 1,05 cm \u015arednica [\u2026]<\/p>","protected":false},"featured_media":37234,"comment_status":"open","ping_status":"closed","template":"","meta":[],"_links":{"self":[{"href":"https:\/\/hookahshop.lt\/pl\/wp-json\/wp\/v2\/product\/37233"}],"collection":[{"href":"https:\/\/hookahshop.lt\/pl\/wp-json\/wp\/v2\/product"}],"about":[{"href":"https:\/\/hookahshop.lt\/pl\/wp-json\/wp\/v2\/types\/product"}],"replies":[{"embeddable":true,"href":"https:\/\/hookahshop.lt\/pl\/wp-json\/wp\/v2\/comments?post=37233"}],"version-history":[{"count":4,"href":"https:\/\/hookahshop.lt\/pl\/wp-json\/wp\/v2\/product\/37233\/revisions"}],"predecessor-version":[{"id":45390,"href":"https:\/\/hookahshop.lt\/pl\/wp-json\/wp\/v2\/product\/37233\/revisions\/45390"}],"wp:featuredmedia":[{"embeddable":true,"href":"https:\/\/hookahshop.lt\/pl\/wp-json\/wp\/v2\/media\/37234"}],"wp:attachment":[{"href":"https:\/\/hookahshop.lt\/pl\/wp-json\/wp\/v2\/media?parent=37233"}],"curies":[{"name":"wp","href":"https:\/\/api.w.org\/{rel}","templated":true}]}}