{"id":37243,"date":"2023-09-30T14:35:19","date_gmt":"2023-09-30T11:35:19","guid":{"rendered":"https:\/\/hookahshop.lt\/?post_type=product&#038;p=37243"},"modified":"2026-04-15T23:29:32","modified_gmt":"2026-04-15T20:29:32","slug":"taurele-kaljanui-moon-phunnel-matt-black","status":"publish","type":"product","link":"https:\/\/hookahshop.lt\/pl\/produkt\/filizanka-szisza-ksiezyc-lejek-matowo-czarna\/","title":{"rendered":"Miska na fajki wodne Moon Phunnel Matt Black"},"content":{"rendered":"<h2>Miska na fajki wodne Moon Phunnel Matt Black<\/h2>\n<p>R\u0119cznie robione, doskona\u0142e wykonanie, wykonane z wysokiej jako\u015bci gliny, kubek szkliwiony. Kubek nadaje si\u0119 zar\u00f3wno do ciemnych, jak i jasnych tytoni.<br \/>\nW kubku mie\u015bci si\u0119 ~18-22 g tytoniu. (w zale\u017cno\u015bci od zastosowanej metody pakowania).<br \/>\nDo rozprowadzania tytoniu w kubku do\u0142\u0105czony jest drewniany widelec.<\/p>\n<p><strong>Specyfikacje:<\/strong><br \/>\nTyp: Phunnel<br \/>\nKolor: Czarny mat<br \/>\nMateria\u0142: glina z szkliwem<br \/>\nWysoko\u015b\u0107: 1,05 cm<br \/>\n\u015arednica (zewn\u0119trzna): 7,4 cm<br \/>\n\u015arednica (wewn\u0119trzna): 6,7 cm<br \/>\nG\u0142\u0119boko\u015b\u0107: 1 cm<\/p>\n<p>Czy masz jakie\u015b pytania? Skontaktuj si\u0119 z nami\u00a0<a href=\"https:\/\/hookahshop.lt\/pl\/lacznosc\/\">strona z kontaktami<\/a>\u00a0lub napisz do nas na adres\u00a0<a href=\"https:\/\/facebook.com\/HookahShop.lt\/\" target=\"_blank\" rel=\"noopener\">konto na Facebooku<\/a>\u00a0a my odpowiemy na Twoj\u0105 pro\u015bb\u0119 tego samego dnia.<\/p>","protected":false},"excerpt":{"rendered":"<p>Kubek do fajki wodnej Moon Phunnel Matt Black R\u0119cznie wykonany, doskona\u0142e wykonanie, wykonany z wysokiej jako\u015bci gliny, kubek szkliwiony. Kubek nadaje si\u0119 zar\u00f3wno do ciemnych, jak i jasnych tytoni. W kubku mie\u015bci si\u0119 ~18-22 g tytoniu. (w zale\u017cno\u015bci od zastosowanej metody pakowania). W zestawie drewniany widelec s\u0142u\u017c\u0105cy do rozprowadzania tytoniu w fili\u017cance. Dane techniczne: Rodzaj: Phunnel Kolor: Czarny matowy Materia\u0142: Glina z szkliwem Wysoko\u015b\u0107: 1,05 cm \u015arednica [\u2026]<\/p>","protected":false},"featured_media":37238,"comment_status":"open","ping_status":"closed","template":"","meta":[],"_links":{"self":[{"href":"https:\/\/hookahshop.lt\/pl\/wp-json\/wp\/v2\/product\/37243"}],"collection":[{"href":"https:\/\/hookahshop.lt\/pl\/wp-json\/wp\/v2\/product"}],"about":[{"href":"https:\/\/hookahshop.lt\/pl\/wp-json\/wp\/v2\/types\/product"}],"replies":[{"embeddable":true,"href":"https:\/\/hookahshop.lt\/pl\/wp-json\/wp\/v2\/comments?post=37243"}],"version-history":[{"count":4,"href":"https:\/\/hookahshop.lt\/pl\/wp-json\/wp\/v2\/product\/37243\/revisions"}],"predecessor-version":[{"id":39815,"href":"https:\/\/hookahshop.lt\/pl\/wp-json\/wp\/v2\/product\/37243\/revisions\/39815"}],"wp:featuredmedia":[{"embeddable":true,"href":"https:\/\/hookahshop.lt\/pl\/wp-json\/wp\/v2\/media\/37238"}],"wp:attachment":[{"href":"https:\/\/hookahshop.lt\/pl\/wp-json\/wp\/v2\/media?parent=37243"}],"curies":[{"name":"wp","href":"https:\/\/api.w.org\/{rel}","templated":true}]}}