{"id":37249,"date":"2023-09-30T15:02:38","date_gmt":"2023-09-30T12:02:38","guid":{"rendered":"https:\/\/hookahshop.lt\/?post_type=product&#038;p=37249"},"modified":"2026-04-17T23:29:55","modified_gmt":"2026-04-17T20:29:55","slug":"taurele-kaljanui-cosmo-phunnel-horeca","status":"publish","type":"product","link":"https:\/\/hookahshop.lt\/pl\/produkt\/szklana-szisza-cosmo-lejek-horeca\/","title":{"rendered":"Fili\u017canka do fajki wodnej COSMO Phunnel Horeca"},"content":{"rendered":"<h2>Fili\u017canka do fajki wodnej COSMO Phunnel Horeca<\/h2>\n<p>Wyj\u0105tkowe nie tylko pod wzgl\u0119dem wysokiej jako\u015bci gliny, ale tak\u017ce pod wzgl\u0119dem designu. Trzon kubka owini\u0119ty jest kor\u0105 brzozow\u0105, dzi\u0119ki czemu sp\u00f3d kubka nie przegrzewa si\u0119, a po zako\u0144czeniu fajki wodnej mo\u017cna bezpiecznie i wygodnie wyj\u0105\u0107 kubeczek.<br \/>\nW kubku mie\u015bci si\u0119 ~18-25 g tytoniu (w zale\u017cno\u015bci od zastosowanego sposobu pakowania).<\/p>\n<p><strong>Specyfikacje:<\/strong><br \/>\nTyp: Phunnel<br \/>\nMateria\u0142: glina<br \/>\nWysoko\u015b\u0107 miseczki: ~8,5 cm<\/p>\n<p>&nbsp;<\/p>\n<p>Czy masz jakie\u015b pytania? Skontaktuj si\u0119 z nami\u00a0<a href=\"https:\/\/hookahshop.lt\/pl\/lacznosc\/\">strona z kontaktami<\/a>\u00a0lub napisz do nas na adres\u00a0<a href=\"https:\/\/facebook.com\/HookahShop.lt\/\" target=\"_blank\" rel=\"noopener\">konto na Facebooku<\/a>\u00a0a my odpowiemy na Twoj\u0105 pro\u015bb\u0119 tego samego dnia.<\/p>","protected":false},"excerpt":{"rendered":"<p>Fili\u017canka do fajki wodnej COSMO Phunnel Horeca Wyj\u0105tkowa nie tylko pod wzgl\u0119dem wysokiej jako\u015bci gliny, ale tak\u017ce pod wzgl\u0119dem designu. Trzon kubka owini\u0119ty jest kor\u0105 brzozy, dzi\u0119ki czemu sp\u00f3d kubka nie przegrzewa si\u0119, a po zako\u0144czeniu fajki wodnej mo\u017cna bezpiecznie i wygodnie wyj\u0105\u0107 kubeczek. W kubku mie\u015bci si\u0119 ~18-25 g tytoniu (w zale\u017cno\u015bci od zastosowanego sposobu pakowania). Dane techniczne: Typ: Phunnel Materia\u0142: Glina Wysoko\u015b\u0107 fili\u017canki: ~8,5 cm Masz [\u2026]<\/p>","protected":false},"featured_media":37250,"comment_status":"open","ping_status":"closed","template":"","meta":[],"_links":{"self":[{"href":"https:\/\/hookahshop.lt\/pl\/wp-json\/wp\/v2\/product\/37249"}],"collection":[{"href":"https:\/\/hookahshop.lt\/pl\/wp-json\/wp\/v2\/product"}],"about":[{"href":"https:\/\/hookahshop.lt\/pl\/wp-json\/wp\/v2\/types\/product"}],"replies":[{"embeddable":true,"href":"https:\/\/hookahshop.lt\/pl\/wp-json\/wp\/v2\/comments?post=37249"}],"version-history":[{"count":5,"href":"https:\/\/hookahshop.lt\/pl\/wp-json\/wp\/v2\/product\/37249\/revisions"}],"predecessor-version":[{"id":38869,"href":"https:\/\/hookahshop.lt\/pl\/wp-json\/wp\/v2\/product\/37249\/revisions\/38869"}],"wp:featuredmedia":[{"embeddable":true,"href":"https:\/\/hookahshop.lt\/pl\/wp-json\/wp\/v2\/media\/37250"}],"wp:attachment":[{"href":"https:\/\/hookahshop.lt\/pl\/wp-json\/wp\/v2\/media?parent=37249"}],"curies":[{"name":"wp","href":"https:\/\/api.w.org\/{rel}","templated":true}]}}