{"id":37296,"date":"2023-09-30T16:49:36","date_gmt":"2023-09-30T13:49:36","guid":{"rendered":"https:\/\/hookahshop.lt\/?post_type=product&#038;p=37296"},"modified":"2026-04-14T23:29:39","modified_gmt":"2026-04-14T20:29:39","slug":"stikline-vandens-pypke-breit-leaves-ice-21cm","status":"publish","type":"product","link":"https:\/\/hookahshop.lt\/pl\/produkt\/szklana-fajka-woda-szerokie-liscie-lod-21cm\/","title":{"rendered":"Fajka wodna szklana BREIT Leaves Ice 21cm"},"content":{"rendered":"<h2>Fajka wodna szklana BREIT Leaves Ice 21cm<\/h2>\n<p>Wygodna i kompaktowa szklana fajka z otworami na l\u00f3d. Wi\u0119ksza pojemno\u015b\u0107.<\/p>\n<p><strong>Specyfikacje:<\/strong><br \/>\n\u015arednica: 93\/40 mm<br \/>\nD\u0142ugo\u015b\u0107: 210 mm<br \/>\nCzarny kolor<br \/>\nTyp rury: 14,4 mm<br \/>\nMateria\u0142: szk\u0142o borokrzemianowe;<\/p>\n<p>Czy masz jakie\u015b pytania? Skontaktuj si\u0119 z nami\u00a0<a href=\"https:\/\/hookahshop.lt\/pl\/lacznosc\/\">strona z kontaktami<\/a>\u00a0lub napisz do nas na adres\u00a0<a href=\"https:\/\/facebook.com\/HookahShop.lt\/\" target=\"_blank\" rel=\"noopener noreferrer\">konto na Facebooku<\/a>\u00a0a my odpowiemy na Twoj\u0105 pro\u015bb\u0119 tego samego dnia.<\/p>","protected":false},"excerpt":{"rendered":"<p>Stiklin\u0117 vandens pypk\u0117 BREIT Leaves Ice 21cm Patogi ir kompakti\u0161ka stiklo pypk\u0117 su ledo \u012fpjovomis. Didesn\u0117s talpos. Specifikacijos: Skersmuo: 93\/40 mm Ilgis: 210 mm Spalva: Juoda Vamzdelio tipas: 14,4 mm Med\u017eiaga: Borosilikatinis stiklas Turite klausim\u0173? Susisiekite su mumis\u00a0kontakt\u0173 puslapyje\u00a0arba para\u0161ykite mums \u012f\u00a0Facebook paskyr\u0105\u00a0ir atsakysime \u012f j\u016bs\u0173 u\u017eklaus\u0105 dar t\u0105 pa\u010di\u0105 dien\u0105.<\/p>","protected":false},"featured_media":37297,"comment_status":"open","ping_status":"closed","template":"","meta":[],"_links":{"self":[{"href":"https:\/\/hookahshop.lt\/pl\/wp-json\/wp\/v2\/product\/37296"}],"collection":[{"href":"https:\/\/hookahshop.lt\/pl\/wp-json\/wp\/v2\/product"}],"about":[{"href":"https:\/\/hookahshop.lt\/pl\/wp-json\/wp\/v2\/types\/product"}],"replies":[{"embeddable":true,"href":"https:\/\/hookahshop.lt\/pl\/wp-json\/wp\/v2\/comments?post=37296"}],"version-history":[{"count":5,"href":"https:\/\/hookahshop.lt\/pl\/wp-json\/wp\/v2\/product\/37296\/revisions"}],"predecessor-version":[{"id":43135,"href":"https:\/\/hookahshop.lt\/pl\/wp-json\/wp\/v2\/product\/37296\/revisions\/43135"}],"wp:featuredmedia":[{"embeddable":true,"href":"https:\/\/hookahshop.lt\/pl\/wp-json\/wp\/v2\/media\/37297"}],"wp:attachment":[{"href":"https:\/\/hookahshop.lt\/pl\/wp-json\/wp\/v2\/media?parent=37296"}],"curies":[{"name":"wp","href":"https:\/\/api.w.org\/{rel}","templated":true}]}}