{"id":37317,"date":"2023-09-30T18:48:27","date_gmt":"2023-09-30T15:48:27","guid":{"rendered":"https:\/\/hookahshop.lt\/?post_type=product&#038;p=37317"},"modified":"2026-04-13T23:29:40","modified_gmt":"2026-04-13T20:29:40","slug":"akriline-vandens-pypke-yellow-20cm","status":"publish","type":"product","link":"https:\/\/hookahshop.lt\/pl\/produkt\/akryl-fajka-wodna-zolta-20cm\/","title":{"rendered":"Fajka wodna akrylowa \u017b\u00f3\u0142ta 20cm"},"content":{"rendered":"<h2>Fajka wodna akrylowa \u017b\u00f3\u0142ta 20cm<\/h2>\n<p>Ma\u0142e, por\u0119czne akrylowe bongo z metalow\u0105 rurk\u0105. Wygodny w podr\u00f3\u017cy lub w domu. To bongo ma ma\u0142y otw\u00f3r z gumow\u0105 uszczelk\u0105 oraz elastyczn\u0105 i wyjmowan\u0105 podstaw\u0119 zapewniaj\u0105c\u0105 stabilno\u015b\u0107 i przyczepno\u015b\u0107.<\/p>\n<p><strong>Specyfikacje:<\/strong><br \/>\nWysoko\u015b\u0107: 20 cm<br \/>\n\u015arednica: 3cm<br \/>\nMateria\u0142: akryl<\/p>\n<p>Czy masz jakie\u015b pytania? Skontaktuj si\u0119 z nami\u00a0<a href=\"https:\/\/hookahshop.lt\/pl\/lacznosc\/\">strona z kontaktami<\/a>\u00a0lub napisz do nas na adres\u00a0<a href=\"https:\/\/facebook.com\/HookahShop.lt\/\" target=\"_blank\" rel=\"noopener\">konto na Facebooku<\/a>\u00a0a my odpowiemy na Twoj\u0105 pro\u015bb\u0119 tego samego dnia.<\/p>\n<p>&nbsp;<\/p>","protected":false},"excerpt":{"rendered":"<p>Fajka wodna akrylowa \u017b\u00f3\u0142ta 20cm Ma\u0142e, wygodne bongo akrylowe z metalow\u0105 rurk\u0105. Wygodny w podr\u00f3\u017cy lub w domu. To bongo posiada ma\u0142y otw\u00f3r typu Kick-Hole z gumow\u0105 uszczelk\u0105 oraz elastyczn\u0105 i zdejmowan\u0105 podstaw\u0119 zapewniaj\u0105c\u0105 stabilno\u015b\u0107 i przyczepno\u015b\u0107. Dane techniczne: Wysoko\u015b\u0107: 20 cm \u015arednica: 3 cm Materia\u0142: akryl Pytania? Skontaktuj si\u0119 z nami na stronie kontaktowej lub napisz do nas na naszym koncie na Facebooku, a my odpowiemy na Twoje zapytanie w [\u2026]<\/p>","protected":false},"featured_media":37318,"comment_status":"open","ping_status":"closed","template":"","meta":[],"_links":{"self":[{"href":"https:\/\/hookahshop.lt\/pl\/wp-json\/wp\/v2\/product\/37317"}],"collection":[{"href":"https:\/\/hookahshop.lt\/pl\/wp-json\/wp\/v2\/product"}],"about":[{"href":"https:\/\/hookahshop.lt\/pl\/wp-json\/wp\/v2\/types\/product"}],"replies":[{"embeddable":true,"href":"https:\/\/hookahshop.lt\/pl\/wp-json\/wp\/v2\/comments?post=37317"}],"version-history":[{"count":5,"href":"https:\/\/hookahshop.lt\/pl\/wp-json\/wp\/v2\/product\/37317\/revisions"}],"predecessor-version":[{"id":43289,"href":"https:\/\/hookahshop.lt\/pl\/wp-json\/wp\/v2\/product\/37317\/revisions\/43289"}],"wp:featuredmedia":[{"embeddable":true,"href":"https:\/\/hookahshop.lt\/pl\/wp-json\/wp\/v2\/media\/37318"}],"wp:attachment":[{"href":"https:\/\/hookahshop.lt\/pl\/wp-json\/wp\/v2\/media?parent=37317"}],"curies":[{"name":"wp","href":"https:\/\/api.w.org\/{rel}","templated":true}]}}