{"id":37321,"date":"2023-09-30T19:24:55","date_gmt":"2023-09-30T16:24:55","guid":{"rendered":"https:\/\/hookahshop.lt\/?post_type=product&#038;p=37321"},"modified":"2026-04-19T23:30:16","modified_gmt":"2026-04-19T20:30:16","slug":"akriline-vandens-pypke-yellow-ball-30cm","status":"publish","type":"product","link":"https:\/\/hookahshop.lt\/pl\/produkt\/akryl-fajka-wodna-zolta-kula-30cm\/","title":{"rendered":"Fajka wodna akrylowa \u017b\u00f3\u0142ta Kula 30cm"},"content":{"rendered":"<h2>Fajka wodna akrylowa \u017b\u00f3\u0142ta Kula 30cm<\/h2>\n<p>Z kropkami. Praktyczny w podr\u00f3\u017cy iw domu. Noga jest zdejmowana dla bezpiecznego transportu, a chillum mo\u017cna zdj\u0105\u0107 i odkr\u0119ci\u0107.<\/p>\n<p><strong>Specyfikacje:<\/strong><br \/>\nWysoko\u015b\u0107: 30 cm<br \/>\nKolor \u017c\u00f3\u0142ty<br \/>\nMateria\u0142: akryl<\/p>\n<p>Czy masz jakie\u015b pytania? Skontaktuj si\u0119 z nami\u00a0<a href=\"https:\/\/hookahshop.lt\/pl\/lacznosc\/\">strona z kontaktami<\/a>\u00a0lub napisz do nas na adres\u00a0<a href=\"https:\/\/facebook.com\/HookahShop.lt\/\" target=\"_blank\" rel=\"noopener\">konto na Facebooku<\/a>\u00a0a my odpowiemy na Twoj\u0105 pro\u015bb\u0119 tego samego dnia.<\/p>","protected":false},"excerpt":{"rendered":"<p>Fajka wodna akrylowa \u017b\u00f3\u0142ta Kula 30cm W kropki. Praktyczny w podr\u00f3\u017cy i w domu. Dla bezpiecznego transportu nog\u0119 mo\u017cna zdj\u0105\u0107, a chillum mo\u017cna zdj\u0105\u0107 i odkr\u0119ci\u0107. Dane techniczne: Wysoko\u015b\u0107: 30 cm Kolor: \u017c\u00f3\u0142ty Materia\u0142: akryl Masz pytania? Skontaktuj si\u0119 z nami na stronie kontaktowej lub napisz do nas na naszym koncie na Facebooku, a my odpowiemy na Twoj\u0105 pro\u015bb\u0119 jeszcze tego samego dnia.<\/p>","protected":false},"featured_media":37322,"comment_status":"open","ping_status":"closed","template":"","meta":[],"_links":{"self":[{"href":"https:\/\/hookahshop.lt\/pl\/wp-json\/wp\/v2\/product\/37321"}],"collection":[{"href":"https:\/\/hookahshop.lt\/pl\/wp-json\/wp\/v2\/product"}],"about":[{"href":"https:\/\/hookahshop.lt\/pl\/wp-json\/wp\/v2\/types\/product"}],"replies":[{"embeddable":true,"href":"https:\/\/hookahshop.lt\/pl\/wp-json\/wp\/v2\/comments?post=37321"}],"version-history":[{"count":4,"href":"https:\/\/hookahshop.lt\/pl\/wp-json\/wp\/v2\/product\/37321\/revisions"}],"predecessor-version":[{"id":38268,"href":"https:\/\/hookahshop.lt\/pl\/wp-json\/wp\/v2\/product\/37321\/revisions\/38268"}],"wp:featuredmedia":[{"embeddable":true,"href":"https:\/\/hookahshop.lt\/pl\/wp-json\/wp\/v2\/media\/37322"}],"wp:attachment":[{"href":"https:\/\/hookahshop.lt\/pl\/wp-json\/wp\/v2\/media?parent=37321"}],"curies":[{"name":"wp","href":"https:\/\/api.w.org\/{rel}","templated":true}]}}