{"id":37401,"date":"2023-10-16T00:13:48","date_gmt":"2023-10-15T21:13:48","guid":{"rendered":"https:\/\/hookahshop.lt\/?post_type=product&#038;p=37401"},"modified":"2026-04-14T23:29:39","modified_gmt":"2026-04-14T20:29:39","slug":"akriline-vandens-pypke-ball-ivairiu-spalvu-15cm","status":"publish","type":"product","link":"https:\/\/hookahshop.lt\/pl\/produkt\/akrylowa-kula-fajka-wodna-rozne-kolory-15cm\/","title":{"rendered":"Fajka wodna akrylowa Kula R\u00f3\u017cne kolory 15cm"},"content":{"rendered":"<h2>Fajka wodna akrylowa Kula R\u00f3\u017cne kolory 15cm<\/h2>\n<p>\u015awietne mini bongo wodne, wykonane z najwy\u017cszej jako\u015bci akrylu, dzi\u0119ki czemu mamy pewno\u015b\u0107, \u017ce fajka nie p\u0119knie. W zestawie \u015bredniej wielko\u015bci metalowy kubek.<\/p>\n<p><strong>Specyfikacje:<\/strong><br \/>\nMateria\u0142: akryl;<br \/>\nWysoko\u015b\u0107: 15 cm<br \/>\n\u015arednica: 45\/23mm<br \/>\nKolory: \u017c\u00f3\u0142ty, czerwony, czarny, zielony, niebieski<\/p>\n<p><strong>Kolor mo\u017cna wybra\u0107 zaznaczaj\u0105c go w komentarzu do zam\u00f3wienia, w innym wypadku jeden z kolor\u00f3w zostanie wys\u0142any losowo.<\/strong><\/p>\n<p>&nbsp;<\/p>\n<p>Czy masz jakie\u015b pytania? Skontaktuj si\u0119 z nami <a href=\"https:\/\/hookahshop.lt\/pl\/lacznosc\/\">strona z kontaktami<\/a>\u00a0lub napisz do nas na adres\u00a0<a href=\"https:\/\/facebook.com\/HookahShop.lt\/\" target=\"_blank\" rel=\"noopener noreferrer\">konto na Facebooku<\/a>\u00a0a my odpowiemy na Twoj\u0105 pro\u015bb\u0119 tego samego dnia.<\/p>","protected":false},"excerpt":{"rendered":"<p>Fajka wodna akrylowa Kulka R\u00f3\u017cne kolory 15cm \u015awietne mini bongo wodne wykonane z najwy\u017cszej jako\u015bci akrylu, dzi\u0119ki czemu mamy pewno\u015b\u0107, \u017ce fajka nie p\u0119knie. W zestawie \u015bredniej wielko\u015bci metalowy kubek. Dane techniczne: Materia\u0142: akryl Wysoko\u015b\u0107: 15cm \u015arednica: 45\/23mm Kolory: \u017c\u00f3\u0142ty, czerwony, czarny, zielony, niebieski Kolor mo\u017cesz wybra\u0107 zaznaczaj\u0105c go w komentarzu do zam\u00f3wienia, w przeciwnym razie jeden z kolor\u00f3w zostanie wys\u0142any [\u2026]<\/p>","protected":false},"featured_media":37404,"comment_status":"open","ping_status":"closed","template":"","meta":[],"_links":{"self":[{"href":"https:\/\/hookahshop.lt\/pl\/wp-json\/wp\/v2\/product\/37401"}],"collection":[{"href":"https:\/\/hookahshop.lt\/pl\/wp-json\/wp\/v2\/product"}],"about":[{"href":"https:\/\/hookahshop.lt\/pl\/wp-json\/wp\/v2\/types\/product"}],"replies":[{"embeddable":true,"href":"https:\/\/hookahshop.lt\/pl\/wp-json\/wp\/v2\/comments?post=37401"}],"version-history":[{"count":6,"href":"https:\/\/hookahshop.lt\/pl\/wp-json\/wp\/v2\/product\/37401\/revisions"}],"predecessor-version":[{"id":37435,"href":"https:\/\/hookahshop.lt\/pl\/wp-json\/wp\/v2\/product\/37401\/revisions\/37435"}],"wp:featuredmedia":[{"embeddable":true,"href":"https:\/\/hookahshop.lt\/pl\/wp-json\/wp\/v2\/media\/37404"}],"wp:attachment":[{"href":"https:\/\/hookahshop.lt\/pl\/wp-json\/wp\/v2\/media?parent=37401"}],"curies":[{"name":"wp","href":"https:\/\/api.w.org\/{rel}","templated":true}]}}