{"id":37416,"date":"2023-10-16T00:54:51","date_gmt":"2023-10-15T21:54:51","guid":{"rendered":"https:\/\/hookahshop.lt\/?post_type=product&#038;p=37416"},"modified":"2026-04-16T23:30:08","modified_gmt":"2026-04-16T20:30:08","slug":"sepetelis-siauras-black-32cm","status":"publish","type":"product","link":"https:\/\/hookahshop.lt\/pl\/produkt\/sepetel-waski-czarny-32cm\/","title":{"rendered":"W\u0105ski p\u0119dzel Czarny 32cm"},"content":{"rendered":"<h2>W\u0105ski p\u0119dzel Czarny 32cm<\/h2>\n<p>Dzi\u0119ki temu metalowa szczotka druciana z nylonowym w\u0142osiem idealnie nadaje si\u0119 do czyszczenia misek na fajki wodne, misek bonga i fajek.<\/p>\n<p><strong>Specyfikacje:<\/strong><br \/>\nD\u0142ugo\u015b\u0107: 32,5 cm<br \/>\nSzeroko\u015b\u0107: 1 cm<\/p>\n<p>Czy masz jakie\u015b pytania? Skontaktuj si\u0119 z nami\u00a0<a href=\"https:\/\/hookahshop.lt\/pl\/lacznosc\/\">strona z kontaktami<\/a>\u00a0lub napisz do nas na adres\u00a0<a href=\"https:\/\/facebook.com\/HookahShop.lt\/\" target=\"_blank\" rel=\"noopener noreferrer\">konto na Facebooku<\/a>\u00a0a my odpowiemy na Twoj\u0105 pro\u015bb\u0119 tego samego dnia.<\/p>","protected":false},"excerpt":{"rendered":"<p>Szczotka w\u0105ska Czarna 32cm Metalowa szczotka druciana z nylonowym w\u0142osiem, dzi\u0119ki czemu idealnie nadaje si\u0119 do czyszczenia kubk\u00f3w do fajek wodnych, kubk\u00f3w do bonga i fajek. Dane techniczne: D\u0142ugo\u015b\u0107: 32,5 cm Szeroko\u015b\u0107: 1 cm Pytania? Skontaktuj si\u0119 z nami na stronie kontaktowej lub napisz do nas na naszym koncie na Facebooku, a my odpowiemy na Twoj\u0105 pro\u015bb\u0119 jeszcze tego samego dnia.<\/p>","protected":false},"featured_media":37417,"comment_status":"open","ping_status":"closed","template":"","meta":[],"_links":{"self":[{"href":"https:\/\/hookahshop.lt\/pl\/wp-json\/wp\/v2\/product\/37416"}],"collection":[{"href":"https:\/\/hookahshop.lt\/pl\/wp-json\/wp\/v2\/product"}],"about":[{"href":"https:\/\/hookahshop.lt\/pl\/wp-json\/wp\/v2\/types\/product"}],"replies":[{"embeddable":true,"href":"https:\/\/hookahshop.lt\/pl\/wp-json\/wp\/v2\/comments?post=37416"}],"version-history":[{"count":5,"href":"https:\/\/hookahshop.lt\/pl\/wp-json\/wp\/v2\/product\/37416\/revisions"}],"predecessor-version":[{"id":45692,"href":"https:\/\/hookahshop.lt\/pl\/wp-json\/wp\/v2\/product\/37416\/revisions\/45692"}],"wp:featuredmedia":[{"embeddable":true,"href":"https:\/\/hookahshop.lt\/pl\/wp-json\/wp\/v2\/media\/37417"}],"wp:attachment":[{"href":"https:\/\/hookahshop.lt\/pl\/wp-json\/wp\/v2\/media?parent=37416"}],"curies":[{"name":"wp","href":"https:\/\/api.w.org\/{rel}","templated":true}]}}