{"id":37420,"date":"2023-10-16T01:05:18","date_gmt":"2023-10-15T22:05:18","guid":{"rendered":"https:\/\/hookahshop.lt\/?post_type=product&#038;p=37420"},"modified":"2026-04-22T23:29:58","modified_gmt":"2026-04-22T20:29:58","slug":"smulkintuvas-metalinis-black-leaf-black-mini","status":"publish","type":"product","link":"https:\/\/hookahshop.lt\/pl\/produkt\/niszczarka-metal-czarny-lisc-czarny-mini\/","title":{"rendered":"Metalowy siekacz BLACK LEAF Czarny Mini"},"content":{"rendered":"<h2>Metalowy siekacz BLACK LEAF Czarny Mini<\/h2>\n<p>Czterocz\u0119\u015bciowa niszczarka w miniaturowym formacie z magnetycznie zamykan\u0105 pokryw\u0105 i nylonowym pier\u015bcieniem. Korpus: komora dolna, m\u0142ynek.<\/p>\n<p><strong>Specyfikacje:<\/strong><br \/>\nWysoko\u015b\u0107: 35 mm<br \/>\n\u015arednica: 29\/27mm<br \/>\nCzarny kolor<br \/>\nMateria\u0142: aluminium<br \/>\nCz\u0119\u015bci: 4 szt.<\/p>\n<p>Czy masz jakie\u015b pytania? Skontaktuj si\u0119 z nami\u00a0<a href=\"https:\/\/hookahshop.lt\/pl\/lacznosc\/\">strona z kontaktami<\/a>\u00a0lub napisz do nas na adres\u00a0<a href=\"https:\/\/facebook.com\/HookahShop.lt\/\" target=\"_blank\" rel=\"noopener\">konto na Facebooku<\/a>\u00a0a my odpowiemy na Twoj\u0105 pro\u015bb\u0119 tego samego dnia.<\/p>","protected":false},"excerpt":{"rendered":"<p>Metalowy siekacz BLACK LEAF Black Mini Miniaturowy czterocz\u0119\u015bciowy siekacz z magnetycznie zamykan\u0105 pokryw\u0105 i nylonowym pier\u015bcieniem. Korpus: komora dolna, m\u0142ynek. Dane techniczne: Wysoko\u015b\u0107: 35 mm \u015arednica: 29\/27 mm Kolor: Czarny Materia\u0142: aluminium Cz\u0119\u015bci: 4 szt. Czy masz jakie\u015b pytania? Skontaktuj si\u0119 z nami na stronie kontaktowej lub napisz do nas na naszym koncie na Facebooku, a my odpowiemy na Twoj\u0105 pro\u015bb\u0119 jeszcze tego samego dnia.<\/p>","protected":false},"featured_media":37421,"comment_status":"open","ping_status":"closed","template":"","meta":[],"_links":{"self":[{"href":"https:\/\/hookahshop.lt\/pl\/wp-json\/wp\/v2\/product\/37420"}],"collection":[{"href":"https:\/\/hookahshop.lt\/pl\/wp-json\/wp\/v2\/product"}],"about":[{"href":"https:\/\/hookahshop.lt\/pl\/wp-json\/wp\/v2\/types\/product"}],"replies":[{"embeddable":true,"href":"https:\/\/hookahshop.lt\/pl\/wp-json\/wp\/v2\/comments?post=37420"}],"version-history":[{"count":5,"href":"https:\/\/hookahshop.lt\/pl\/wp-json\/wp\/v2\/product\/37420\/revisions"}],"predecessor-version":[{"id":37427,"href":"https:\/\/hookahshop.lt\/pl\/wp-json\/wp\/v2\/product\/37420\/revisions\/37427"}],"wp:featuredmedia":[{"embeddable":true,"href":"https:\/\/hookahshop.lt\/pl\/wp-json\/wp\/v2\/media\/37421"}],"wp:attachment":[{"href":"https:\/\/hookahshop.lt\/pl\/wp-json\/wp\/v2\/media?parent=37420"}],"curies":[{"name":"wp","href":"https:\/\/api.w.org\/{rel}","templated":true}]}}