{"id":37512,"date":"2023-10-27T13:29:50","date_gmt":"2023-10-27T10:29:50","guid":{"rendered":"https:\/\/hookahshop.lt\/?post_type=product&#038;p=37512"},"modified":"2026-04-17T16:33:43","modified_gmt":"2026-04-17T13:33:43","slug":"znyples-kaljano-anglims-alpha-hookah-x-alpha","status":"publish","type":"product","link":"https:\/\/hookahshop.lt\/pl\/produkt\/szczypce-do-fajki-wodnej-alfa-szisza-x-alfa\/","title":{"rendered":"Szczypce do fajki wodnej ALPHA HOOKAH X Alpha"},"content":{"rendered":"<h2>Szczypce do fajki wodnej ALPHA HOOKAH X Alpha<\/h2>\n<p>Stylowe, kompaktowe rozmiary i ekskluzywne szczypce zosta\u0142y zaprojektowane przez Alpha Hookah, znanego producenta fajek wodnych. Szczypce s\u0105 r\u00f3wnie\u017c wykonane z wysokiej jako\u015bci stali nierdzewnej. Szczypce wyr\u00f3\u017cniaj\u0105 si\u0119 oryginalnym grawerem. W szczypcach wykonano 3 naci\u0119cia u\u0142atwiaj\u0105ce zawieszenie na talerzu.<\/p>\n<p><strong>Charakterystyka:<\/strong><br \/>\nMateria\u0142: Stal nierdzewna<br \/>\nD\u0142ugo\u015b\u0107: 20,3 cm<\/p>\n<p>Czy masz jakie\u015b pytania? Skontaktuj si\u0119 z nami\u00a0<a href=\"https:\/\/hookahshop.lt\/pl\/lacznosc\/\">strona z kontaktami<\/a>\u00a0lub napisz do nas na adres\u00a0<a href=\"https:\/\/facebook.com\/HookahShop.lt\/\" target=\"_blank\" rel=\"noopener noreferrer\">konto na Facebooku<\/a>\u00a0a my odpowiemy na Twoj\u0105 pro\u015bb\u0119 tego samego dnia.<\/p>\n<p>&nbsp;<\/p>","protected":false},"excerpt":{"rendered":"<p>Szczypce do w\u0119gla do fajki wodnej ALPHA HOOKAH X Alpha Stylowe, kompaktowe i ekskluzywne szczypce stworzone przez Alpha Hookah, znanego producenta fajek wodnych. Szczypce s\u0105 r\u00f3wnie\u017c wykonane z wysokiej jako\u015bci stali nierdzewnej. Szczypce wyr\u00f3\u017cniaj\u0105 si\u0119 oryginalnym grawerem. W szczypcach wykonano 3 naci\u0119cia u\u0142atwiaj\u0105ce zawieszenie na talerzu. Charakterystyka: Materia\u0142: Stal nierdzewna D\u0142ugo\u015b\u0107: 20,3 cm Masz pytania? Skontaktuj si\u0119 z nami na stronie kontaktowej lub napisz do nas [...]<\/p>","protected":false},"featured_media":37513,"comment_status":"open","ping_status":"closed","template":"","meta":[],"_links":{"self":[{"href":"https:\/\/hookahshop.lt\/pl\/wp-json\/wp\/v2\/product\/37512"}],"collection":[{"href":"https:\/\/hookahshop.lt\/pl\/wp-json\/wp\/v2\/product"}],"about":[{"href":"https:\/\/hookahshop.lt\/pl\/wp-json\/wp\/v2\/types\/product"}],"replies":[{"embeddable":true,"href":"https:\/\/hookahshop.lt\/pl\/wp-json\/wp\/v2\/comments?post=37512"}],"version-history":[{"count":3,"href":"https:\/\/hookahshop.lt\/pl\/wp-json\/wp\/v2\/product\/37512\/revisions"}],"predecessor-version":[{"id":37515,"href":"https:\/\/hookahshop.lt\/pl\/wp-json\/wp\/v2\/product\/37512\/revisions\/37515"}],"wp:featuredmedia":[{"embeddable":true,"href":"https:\/\/hookahshop.lt\/pl\/wp-json\/wp\/v2\/media\/37513"}],"wp:attachment":[{"href":"https:\/\/hookahshop.lt\/pl\/wp-json\/wp\/v2\/media?parent=37512"}],"curies":[{"name":"wp","href":"https:\/\/api.w.org\/{rel}","templated":true}]}}