{"id":37754,"date":"2023-11-29T22:23:50","date_gmt":"2023-11-29T20:23:50","guid":{"rendered":"https:\/\/hookahshop.lt\/?post_type=product&#038;p=37754"},"modified":"2026-04-10T23:29:41","modified_gmt":"2026-04-10T20:29:41","slug":"kandiklis-kaljanui-aladin-lux-red","status":"publish","type":"product","link":"https:\/\/hookahshop.lt\/pl\/produkt\/ustnik-do-sziszy-aladin-lux-red\/","title":{"rendered":"Ustnik do fajki wodnej ALADIN Lux Red"},"content":{"rendered":"<h2>Ustnik do fajki wodnej ALADIN Lux Red<\/h2>\n<p>Jest to jednocz\u0119\u015bciowy integralny ustnik, odpowiedni do prawie wszystkich w\u0119\u017cy silikonowych. Nadaje si\u0119 do r\u00f3\u017cnych typ\u00f3w jednorazowych ustnik\u00f3w.<\/p>\n<p><strong>Specyfikacja:<\/strong><br \/>\nKolor czerwony<br \/>\nMateria\u0142: aluminium<br \/>\nWymiary: 24,5 cm<\/p>\n<p>Czy masz jakie\u015b pytania? Skontaktuj si\u0119 z nami\u00a0<a href=\"https:\/\/hookahshop.lt\/pl\/lacznosc\/\">strona z kontaktami<\/a>\u00a0lub napisz do nas na adres\u00a0<a href=\"https:\/\/facebook.com\/HookahShop.lt\/\" target=\"_blank\" rel=\"noopener noreferrer\">konto na Facebooku<\/a>\u00a0a my odpowiemy na Twoj\u0105 pro\u015bb\u0119 tego samego dnia.<\/p>","protected":false},"excerpt":{"rendered":"<p>Ustnik do fajki wodnej ALADIN Lux Red Jest to jednocz\u0119\u015bciowy, integralny ustnik, pasuj\u0105cy do prawie wszystkich w\u0119\u017cy silikonowych. Nadaje si\u0119 do r\u00f3\u017cnych typ\u00f3w ustnik\u00f3w jednorazowych. Specyfikacja: Kolor: Czerwony Materia\u0142: Aluminium Wymiary: 24,5 cm Masz pytania? Skontaktuj si\u0119 z nami na stronie kontaktowej lub napisz do nas na Facebooku, a my odpowiemy na Twoj\u0105 pro\u015bb\u0119 jeszcze tego samego dnia.<\/p>","protected":false},"featured_media":37751,"comment_status":"open","ping_status":"closed","template":"","meta":[],"_links":{"self":[{"href":"https:\/\/hookahshop.lt\/pl\/wp-json\/wp\/v2\/product\/37754"}],"collection":[{"href":"https:\/\/hookahshop.lt\/pl\/wp-json\/wp\/v2\/product"}],"about":[{"href":"https:\/\/hookahshop.lt\/pl\/wp-json\/wp\/v2\/types\/product"}],"replies":[{"embeddable":true,"href":"https:\/\/hookahshop.lt\/pl\/wp-json\/wp\/v2\/comments?post=37754"}],"version-history":[{"count":4,"href":"https:\/\/hookahshop.lt\/pl\/wp-json\/wp\/v2\/product\/37754\/revisions"}],"predecessor-version":[{"id":45457,"href":"https:\/\/hookahshop.lt\/pl\/wp-json\/wp\/v2\/product\/37754\/revisions\/45457"}],"wp:featuredmedia":[{"embeddable":true,"href":"https:\/\/hookahshop.lt\/pl\/wp-json\/wp\/v2\/media\/37751"}],"wp:attachment":[{"href":"https:\/\/hookahshop.lt\/pl\/wp-json\/wp\/v2\/media?parent=37754"}],"curies":[{"name":"wp","href":"https:\/\/api.w.org\/{rel}","templated":true}]}}