{"id":37974,"date":"2024-01-12T20:04:58","date_gmt":"2024-01-12T18:04:58","guid":{"rendered":"https:\/\/hookahshop.lt\/?post_type=product&#038;p=37974"},"modified":"2026-04-15T23:29:34","modified_gmt":"2026-04-15T20:29:34","slug":"taurele-kaljanui-oblako-phunnel-m-white-cosmos","status":"publish","type":"product","link":"https:\/\/hookahshop.lt\/pl\/produkt\/kubek-szisza-chmura-lejek-m-bialy-kosmos\/","title":{"rendered":"KUBEK DO FAJKI WODNEJ OBLAKO Phunnel M Bia\u0142y Kosmos"},"content":{"rendered":"<h2>KUBEK DO FAJKI WODNEJ OBLAKO Phunnel M Bia\u0142y Kosmos<\/h2>\n<p>Glazurowana do codziennego palenia, idealna do lekkiego i ci\u0119\u017ckiego tytoniu!<br \/>\nKubek pokryty jest szkliwem, dzi\u0119ki czemu zachowuje swoje pierwotne w\u0142a\u015bciwo\u015bci i wygl\u0105d przez d\u0142ugi czas. OBLAKO u\u017cywa wy\u0142\u0105cznie przyjaznej dla cz\u0142owieka glazury spo\u017cywczej opracowanej przez partner\u00f3w w wyspecjalizowanych laboratoriach zlokalizowanych w Gzhelskoye, jednym z tradycyjnych o\u015brodk\u00f3w produkcji ceramiki w Rosji.<br \/>\nKubek tytoniu mie\u015bci 20\u201323 g.<\/p>\n<p><strong>Specyfikacje:<\/strong><br \/>\nWysoko\u015b\u0107: 118mm<br \/>\n\u015arednica (zewn\u0119trzna): 74 mm<br \/>\n\u015arednica (wewn\u0119trzna): 68 mm<br \/>\nG\u0142\u0119boko\u015b\u0107: 12 mm<br \/>\n\u015arednica otworu: 12mm<br \/>\nLiczba otwor\u00f3w: 1<br \/>\nWaga: ~182g<\/p>\n<p>Czy masz jakie\u015b pytania? Skontaktuj si\u0119 z nami\u00a0<a href=\"https:\/\/hookahshop.lt\/pl\/lacznosc\/\">strona z kontaktami<\/a>\u00a0lub napisz do nas na adres\u00a0<a href=\"https:\/\/facebook.com\/HookahShop.lt\/\" target=\"_blank\" rel=\"noopener noreferrer\">konto na Facebooku<\/a>\u00a0a my odpowiemy na Twoj\u0105 pro\u015bb\u0119 tego samego dnia.<\/p>","protected":false},"excerpt":{"rendered":"<p>Cybuch do fajki wodnej OBLAKO Phunnel M White Cosmos Glazed, przeznaczony do codziennego palenia, idealny do lekkich i ci\u0119\u017ckich tytoni! Cybuch pokryty jest szkliwem, dzi\u0119ki czemu mo\u017ce zachowa\u0107 swoje oryginalne w\u0142a\u015bciwo\u015bci i wygl\u0105d przez d\u0142ugi czas. OBLAKO u\u017cywa wy\u0142\u0105cznie szkliwa spo\u017cywczego, nieszkodliwego dla ludzi, kt\u00f3re zosta\u0142o opracowane przez partner\u00f3w w specjalistycznych laboratoriach zlokalizowanych w G\u017celskoje, jednym z tradycyjnych o\u015brodk\u00f3w rosyjskiej produkcji ceramicznej. Cybuch do tytoniu [\u2026]<\/p>","protected":false},"featured_media":37979,"comment_status":"open","ping_status":"closed","template":"","meta":[],"_links":{"self":[{"href":"https:\/\/hookahshop.lt\/pl\/wp-json\/wp\/v2\/product\/37974"}],"collection":[{"href":"https:\/\/hookahshop.lt\/pl\/wp-json\/wp\/v2\/product"}],"about":[{"href":"https:\/\/hookahshop.lt\/pl\/wp-json\/wp\/v2\/types\/product"}],"replies":[{"embeddable":true,"href":"https:\/\/hookahshop.lt\/pl\/wp-json\/wp\/v2\/comments?post=37974"}],"version-history":[{"count":4,"href":"https:\/\/hookahshop.lt\/pl\/wp-json\/wp\/v2\/product\/37974\/revisions"}],"predecessor-version":[{"id":38022,"href":"https:\/\/hookahshop.lt\/pl\/wp-json\/wp\/v2\/product\/37974\/revisions\/38022"}],"wp:featuredmedia":[{"embeddable":true,"href":"https:\/\/hookahshop.lt\/pl\/wp-json\/wp\/v2\/media\/37979"}],"wp:attachment":[{"href":"https:\/\/hookahshop.lt\/pl\/wp-json\/wp\/v2\/media?parent=37974"}],"curies":[{"name":"wp","href":"https:\/\/api.w.org\/{rel}","templated":true}]}}