{"id":37980,"date":"2024-01-12T20:29:54","date_gmt":"2024-01-12T18:29:54","guid":{"rendered":"https:\/\/hookahshop.lt\/?post_type=product&#038;p=37980"},"modified":"2026-04-14T23:29:40","modified_gmt":"2026-04-14T20:29:40","slug":"kolba-kaljanui-vg-craft-ruffled-grey-smoke","status":"publish","type":"product","link":"https:\/\/hookahshop.lt\/pl\/produkt\/kolba-do-fajki-wodnej-vg-craft-potargany-szary-dym\/","title":{"rendered":"KOLBA DO FAJKI WODNEJ VG Craft Ruffled Grey Smoke"},"content":{"rendered":"<h2>KOLBA DO FAJKI WODNEJ VG Craft Ruffled Grey Smoke<\/h2>\n<p>Ten rodzaj kolb cieszy si\u0119 du\u017c\u0105 popularno\u015bci\u0105 na rynku. Prosta, a zarazem elegancka szklana konstrukcja doskonale komponuje si\u0119 z nowoczesnymi modelami.<\/p>\n<p><strong>Charakterystyka:<\/strong><br \/>\nKszta\u0142t kolby: Craft<br \/>\nWysoko\u015b\u0107: 27 cm<br \/>\nSzeroko\u015b\u0107: 21cm<br \/>\n\u015arednica wewn\u0119trzna: 4,5 cm<br \/>\nWaga: ~1,7kg<br \/>\nPojemno\u015b\u0107 kolby: 1,7l<\/p>\n<p>Czy masz jakie\u015b pytania? Skontaktuj si\u0119 z nami\u00a0<a href=\"https:\/\/hookahshop.lt\/pl\/lacznosc\/\">strona z kontaktami<\/a>\u00a0lub napisz do nas na adres\u00a0<a href=\"https:\/\/facebook.com\/HookahShop.lt\/\" target=\"_blank\" rel=\"noopener noreferrer\">konto na Facebooku<\/a>\u00a0a my odpowiemy na Twoj\u0105 pro\u015bb\u0119 tego samego dnia.<\/p>\n<p>&nbsp;<\/p>\n<p>&nbsp;<\/p>","protected":false},"excerpt":{"rendered":"<p>Kolby do fajki wodnej VG Craft Ruffled Grey Smoke Tego typu kolby ciesz\u0105 si\u0119 du\u017c\u0105 popularno\u015bci\u0105 na rynku. Prosta, a zarazem elegancka szklana konstrukcja doskonale komponuje si\u0119 z nowoczesnymi modelami. Charakterystyka: Kszta\u0142t kolby: Rzemios\u0142o Wysoko\u015b\u0107: 27cm Szeroko\u015b\u0107: 21cm \u015arednica wewn\u0119trzna: 4,5 cm Waga: ~1,7kg Pojemno\u015b\u0107 kolby: 1,7l Masz pytania? Skontaktuj si\u0119 z nami na stronie kontaktowej lub napisz do nas na naszym koncie na Facebooku, a my odpowiemy na Twoje [\u2026]<\/p>","protected":false},"featured_media":37981,"comment_status":"open","ping_status":"closed","template":"","meta":[],"_links":{"self":[{"href":"https:\/\/hookahshop.lt\/pl\/wp-json\/wp\/v2\/product\/37980"}],"collection":[{"href":"https:\/\/hookahshop.lt\/pl\/wp-json\/wp\/v2\/product"}],"about":[{"href":"https:\/\/hookahshop.lt\/pl\/wp-json\/wp\/v2\/types\/product"}],"replies":[{"embeddable":true,"href":"https:\/\/hookahshop.lt\/pl\/wp-json\/wp\/v2\/comments?post=37980"}],"version-history":[{"count":3,"href":"https:\/\/hookahshop.lt\/pl\/wp-json\/wp\/v2\/product\/37980\/revisions"}],"predecessor-version":[{"id":45626,"href":"https:\/\/hookahshop.lt\/pl\/wp-json\/wp\/v2\/product\/37980\/revisions\/45626"}],"wp:featuredmedia":[{"embeddable":true,"href":"https:\/\/hookahshop.lt\/pl\/wp-json\/wp\/v2\/media\/37981"}],"wp:attachment":[{"href":"https:\/\/hookahshop.lt\/pl\/wp-json\/wp\/v2\/media?parent=37980"}],"curies":[{"name":"wp","href":"https:\/\/api.w.org\/{rel}","templated":true}]}}