{"id":37984,"date":"2024-01-12T23:49:41","date_gmt":"2024-01-12T21:49:41","guid":{"rendered":"https:\/\/hookahshop.lt\/?post_type=product&#038;p=37984"},"modified":"2026-04-14T23:29:40","modified_gmt":"2026-04-14T20:29:40","slug":"kolba-kaljanui-karma-black","status":"publish","type":"product","link":"https:\/\/hookahshop.lt\/pl\/produkt\/kolba-do-fajki-wodnej-karma-czarna\/","title":{"rendered":"Kolba do fajki wodnej KARMA Czarna"},"content":{"rendered":"<h2>Kolba do fajki wodnej KARMA Czarna<\/h2>\n<p>Ten typ kolby przeznaczony jest do fajki wodnej KARMA. Prosta, a zarazem elegancka szklana konstrukcja doskonale komponuje si\u0119 z nowoczesnymi modelami.<\/p>\n<p><strong>Charakterystyka:<\/strong><br \/>\nWysoko\u015b\u0107: 30 cm<br \/>\nSzeroko\u015b\u0107: 15,5 cm<br \/>\n\u015arednica wewn\u0119trzna: 4,6 cm<\/p>\n<p>Czy masz jakie\u015b pytania? Skontaktuj si\u0119 z nami\u00a0<a href=\"https:\/\/hookahshop.lt\/pl\/lacznosc\/\">strona z kontaktami<\/a>\u00a0lub napisz do nas na adres\u00a0<a href=\"https:\/\/facebook.com\/HookahShop.lt\/\" target=\"_blank\" rel=\"noopener noreferrer\">konto na Facebooku<\/a>\u00a0a my odpowiemy na Twoj\u0105 pro\u015bb\u0119 tego samego dnia.<\/p>","protected":false},"excerpt":{"rendered":"<p>Piersi\u00f3wka do fajki wodnej KARMA Czarna Ten typ termosu przeznaczony jest do fajki wodnej KARMA. Prosta, a zarazem elegancka szklana konstrukcja doskonale komponuje si\u0119 z nowoczesnymi modelami. Charakterystyka: Wysoko\u015b\u0107: 30 cm Szeroko\u015b\u0107: 15,5 cm \u015arednica wewn\u0119trzna: 4,6 cm Masz pytania? Skontaktuj si\u0119 z nami na stronie kontaktowej lub napisz do nas na naszym koncie na Facebooku, a my odpowiemy na Twoj\u0105 pro\u015bb\u0119 jeszcze tego samego dnia.<\/p>","protected":false},"featured_media":37988,"comment_status":"open","ping_status":"closed","template":"","meta":[],"_links":{"self":[{"href":"https:\/\/hookahshop.lt\/pl\/wp-json\/wp\/v2\/product\/37984"}],"collection":[{"href":"https:\/\/hookahshop.lt\/pl\/wp-json\/wp\/v2\/product"}],"about":[{"href":"https:\/\/hookahshop.lt\/pl\/wp-json\/wp\/v2\/types\/product"}],"replies":[{"embeddable":true,"href":"https:\/\/hookahshop.lt\/pl\/wp-json\/wp\/v2\/comments?post=37984"}],"version-history":[{"count":2,"href":"https:\/\/hookahshop.lt\/pl\/wp-json\/wp\/v2\/product\/37984\/revisions"}],"predecessor-version":[{"id":38024,"href":"https:\/\/hookahshop.lt\/pl\/wp-json\/wp\/v2\/product\/37984\/revisions\/38024"}],"wp:featuredmedia":[{"embeddable":true,"href":"https:\/\/hookahshop.lt\/pl\/wp-json\/wp\/v2\/media\/37988"}],"wp:attachment":[{"href":"https:\/\/hookahshop.lt\/pl\/wp-json\/wp\/v2\/media?parent=37984"}],"curies":[{"name":"wp","href":"https:\/\/api.w.org\/{rel}","templated":true}]}}