{"id":37991,"date":"2024-01-13T14:46:59","date_gmt":"2024-01-13T12:46:59","guid":{"rendered":"https:\/\/hookahshop.lt\/?post_type=product&#038;p=37991"},"modified":"2026-04-18T23:29:27","modified_gmt":"2026-04-18T20:29:27","slug":"znyples-kaljano-anglims-long-su-yla","status":"publish","type":"product","link":"https:\/\/hookahshop.lt\/pl\/produkt\/szisza-wegiel-dlugi-z-fajka-wodna\/","title":{"rendered":"Szczypce do w\u0119gli do fajki wodnej D\u0141UGIE z haczykiem"},"content":{"rendered":"<h2>Szczypce do w\u0119gli do fajki wodnej D\u0141UGIE z haczykiem<\/h2>\n<p>Przeznaczony do umieszczania roz\u017carzonych w\u0119gli w komorze grzewczej i wygodnego transportu ich z komory grzewczej w wybrane miejsce.<\/p>\n<p><strong>Specyfikacje:<\/strong><br \/>\nD\u0142ugo\u015b\u0107: 22 cm<br \/>\nSzeroko\u015b\u0107: 1,8 cm<br \/>\nD\u0142ugo\u015b\u0107 ig\u0142y: 9cm<br \/>\nMateria\u0142: aluminium<\/p>\n<p>Czy masz jakie\u015b pytania? Skontaktuj si\u0119 z nami\u00a0<a href=\"https:\/\/hookahshop.lt\/pl\/lacznosc\/\">strona z kontaktami<\/a>\u00a0lub napisz do nas na adres\u00a0<a href=\"https:\/\/facebook.com\/HookahShop.lt\/\" target=\"_blank\" rel=\"noopener noreferrer\">konto na Facebooku<\/a>\u00a0a my odpowiemy na Twoj\u0105 pro\u015bb\u0119 tego samego dnia.<\/p>","protected":false},"excerpt":{"rendered":"<p>Szczypce do w\u0119gli do fajki wodnej LONG z haczykiem Przeznaczone do umieszczania roz\u017carzonych w\u0119gli w komorze grzewczej i wygodnego transportu ich z komory grzewczej w wybrane miejsce. Dane techniczne: D\u0142ugo\u015b\u0107: 22 cm Szeroko\u015b\u0107: 1,8 cm D\u0142ugo\u015b\u0107 r\u0105czki: 9 cm Materia\u0142: aluminium Masz pytania? Skontaktuj si\u0119 z nami na stronie kontaktowej lub napisz do nas na naszym koncie na Facebooku, a my odpowiemy na Twoj\u0105 pro\u015bb\u0119 jeszcze tego samego dnia.<\/p>","protected":false},"featured_media":37992,"comment_status":"open","ping_status":"closed","template":"","meta":[],"_links":{"self":[{"href":"https:\/\/hookahshop.lt\/pl\/wp-json\/wp\/v2\/product\/37991"}],"collection":[{"href":"https:\/\/hookahshop.lt\/pl\/wp-json\/wp\/v2\/product"}],"about":[{"href":"https:\/\/hookahshop.lt\/pl\/wp-json\/wp\/v2\/types\/product"}],"replies":[{"embeddable":true,"href":"https:\/\/hookahshop.lt\/pl\/wp-json\/wp\/v2\/comments?post=37991"}],"version-history":[{"count":3,"href":"https:\/\/hookahshop.lt\/pl\/wp-json\/wp\/v2\/product\/37991\/revisions"}],"predecessor-version":[{"id":45609,"href":"https:\/\/hookahshop.lt\/pl\/wp-json\/wp\/v2\/product\/37991\/revisions\/45609"}],"wp:featuredmedia":[{"embeddable":true,"href":"https:\/\/hookahshop.lt\/pl\/wp-json\/wp\/v2\/media\/37992"}],"wp:attachment":[{"href":"https:\/\/hookahshop.lt\/pl\/wp-json\/wp\/v2\/media?parent=37991"}],"curies":[{"name":"wp","href":"https:\/\/api.w.org\/{rel}","templated":true}]}}