{"id":37995,"date":"2024-01-13T14:54:24","date_gmt":"2024-01-13T12:54:24","guid":{"rendered":"https:\/\/hookahshop.lt\/?post_type=product&#038;p=37995"},"modified":"2026-04-15T23:29:34","modified_gmt":"2026-04-15T20:29:34","slug":"kolba-kaljanui-bigmaks-craft-smoke-mini","status":"publish","type":"product","link":"https:\/\/hookahshop.lt\/pl\/produkt\/kolba-do-sziszy-bigmaks-craft-dym-mini\/","title":{"rendered":"KOLBA DO FAJKI WODNEJ BIGMAKS Craft Smoke Mini"},"content":{"rendered":"<h2>KOLBA DO FAJKI WODNEJ BIGMAKS Craft Smoke Mini<\/h2>\n<p>Ta mini piersi\u00f3wka jest wykonana z przezroczystego szk\u0142a przeznaczonego do kontaktu z \u017cywno\u015bci\u0105 i wyr\u00f3\u017cnia si\u0119 trwa\u0142o\u015bci\u0105. Kolba nie jest malowana, co oznacza, \u017ce b\u0119dzie Ci s\u0142u\u017cy\u0107 przez wiele lat. Nadaje si\u0119 do u\u017cytku z ka\u017cd\u0105 mini fajk\u0105 wodn\u0105.<\/p>\n<p><strong>Specyfikacje:<\/strong><br \/>\nWysoko\u015b\u0107: 190 mm<br \/>\nWaga: 920 g<br \/>\nZewn\u0119trzna \u015brednica gardzieli: 71 mm<br \/>\nWewn\u0119trzna \u015brednica gardzieli: 48 mm<br \/>\nMateria\u0142 produktu: szk\u0142o<\/p>\n<p>Czy masz jakie\u015b pytania? Skontaktuj si\u0119 z nami\u00a0<a href=\"https:\/\/hookahshop.lt\/pl\/lacznosc\/\">strona z kontaktami<\/a>\u00a0lub napisz do nas na adres\u00a0<a href=\"https:\/\/facebook.com\/HookahShop.lt\/\" target=\"_blank\" rel=\"noopener\">konto na Facebooku<\/a>\u00a0a my odpowiemy na Twoj\u0105 pro\u015bb\u0119 tego samego dnia.<\/p>","protected":false},"excerpt":{"rendered":"<p>Piersi\u00f3wka do fajki wodnej BIGMAKS Craft Smoke Mini Ta mini piersi\u00f3wka wykonana jest z przezroczystego szk\u0142a przeznaczonego do kontaktu z \u017cywno\u015bci\u0105 i wyr\u00f3\u017cnia si\u0119 trwa\u0142o\u015bci\u0105. Kolba nie jest malowana, co oznacza, \u017ce b\u0119dzie Ci s\u0142u\u017cy\u0107 przez wiele lat. Nadaje si\u0119 do stosowania z ka\u017cd\u0105 mini szisz\u0105 wodn\u0105. Dane techniczne: Wysoko\u015b\u0107: 190 mm Waga: 920 g Zewn\u0119trzna \u015brednica gardzieli: 71 mm Wewn\u0119trzna \u015brednica gardzieli: 48 mm Materia\u0142 produktu: szk\u0142o Masz pytania? Kontakt [\u2026]<\/p>","protected":false},"featured_media":37997,"comment_status":"open","ping_status":"closed","template":"","meta":[],"_links":{"self":[{"href":"https:\/\/hookahshop.lt\/pl\/wp-json\/wp\/v2\/product\/37995"}],"collection":[{"href":"https:\/\/hookahshop.lt\/pl\/wp-json\/wp\/v2\/product"}],"about":[{"href":"https:\/\/hookahshop.lt\/pl\/wp-json\/wp\/v2\/types\/product"}],"replies":[{"embeddable":true,"href":"https:\/\/hookahshop.lt\/pl\/wp-json\/wp\/v2\/comments?post=37995"}],"version-history":[{"count":4,"href":"https:\/\/hookahshop.lt\/pl\/wp-json\/wp\/v2\/product\/37995\/revisions"}],"predecessor-version":[{"id":45690,"href":"https:\/\/hookahshop.lt\/pl\/wp-json\/wp\/v2\/product\/37995\/revisions\/45690"}],"wp:featuredmedia":[{"embeddable":true,"href":"https:\/\/hookahshop.lt\/pl\/wp-json\/wp\/v2\/media\/37997"}],"wp:attachment":[{"href":"https:\/\/hookahshop.lt\/pl\/wp-json\/wp\/v2\/media?parent=37995"}],"curies":[{"name":"wp","href":"https:\/\/api.w.org\/{rel}","templated":true}]}}