{"id":38006,"date":"2024-01-13T16:19:34","date_gmt":"2024-01-13T14:19:34","guid":{"rendered":"https:\/\/hookahshop.lt\/?post_type=product&#038;p=38006"},"modified":"2026-04-14T23:29:40","modified_gmt":"2026-04-14T20:29:40","slug":"kolba-kaljanui-vg-sphere-pearl","status":"publish","type":"product","link":"https:\/\/hookahshop.lt\/pl\/produkt\/kolba-szisza-vg-sfera-perla\/","title":{"rendered":"KOLBA DO FAJKI WODNEJ VG Sphere Pearl"},"content":{"rendered":"<h2>KOLBA DO FAJKI WODNEJ VG Sphere Pearl<\/h2>\n<p>Dla fan\u00f3w klasyki. Kolba jest wyj\u0105tkowa, ma wi\u0119ksz\u0105 ni\u017c zwykle obj\u0119to\u015b\u0107. Nadaje si\u0119 do fajek wodnych z d\u0142u\u017cszymi trzonkami.<\/p>\n<p><strong>Charakterystyka:<\/strong><br \/>\nWysoko\u015b\u0107: 28 cm<br \/>\n\u015arednica: 22cm<br \/>\nWaga: ~ 280 g<br \/>\n\u015arednica zewn\u0119trzna: 69 mm<br \/>\n\u015arednica wewn\u0119trzna: 47 mm<br \/>\nMateria\u0142 produktu: szk\u0142o<\/p>\n<p>Czy masz jakie\u015b pytania? Skontaktuj si\u0119 z nami\u00a0<a href=\"https:\/\/hookahshop.lt\/pl\/lacznosc\/\">strona z kontaktami<\/a>\u00a0lub napisz do nas na adres\u00a0<a href=\"https:\/\/facebook.com\/HookahShop.lt\/\" target=\"_blank\" rel=\"noopener noreferrer\">konto na Facebooku<\/a>\u00a0a my odpowiemy na Twoj\u0105 pro\u015bb\u0119 tego samego dnia.<\/p>","protected":false},"excerpt":{"rendered":"<p>Piersi\u00f3wka do fajki wodnej VG Sphere Pearl Dla fan\u00f3w klasyki. Kolba jest wyj\u0105tkowa, ma wi\u0119ksz\u0105 ni\u017c zwykle obj\u0119to\u015b\u0107. Nadaje si\u0119 do fajek wodnych z d\u0142u\u017cszymi trzonkami. Charakterystyka: Wysoko\u015b\u0107: 28 cm \u015arednica: 22 cm Waga: ~ 280 g \u015arednica zewn\u0119trzna: 69 mm \u015arednica wewn\u0119trzna: 47 mm Materia\u0142 produktu: szk\u0142o Masz pytania? Skontaktuj si\u0119 z nami na stronie kontaktowej lub napisz do nas na naszym koncie na Facebooku, a my odpowiemy na Twoj\u0105 pro\u015bb\u0119 [\u2026]<\/p>","protected":false},"featured_media":38008,"comment_status":"open","ping_status":"closed","template":"","meta":[],"_links":{"self":[{"href":"https:\/\/hookahshop.lt\/pl\/wp-json\/wp\/v2\/product\/38006"}],"collection":[{"href":"https:\/\/hookahshop.lt\/pl\/wp-json\/wp\/v2\/product"}],"about":[{"href":"https:\/\/hookahshop.lt\/pl\/wp-json\/wp\/v2\/types\/product"}],"replies":[{"embeddable":true,"href":"https:\/\/hookahshop.lt\/pl\/wp-json\/wp\/v2\/comments?post=38006"}],"version-history":[{"count":2,"href":"https:\/\/hookahshop.lt\/pl\/wp-json\/wp\/v2\/product\/38006\/revisions"}],"predecessor-version":[{"id":38028,"href":"https:\/\/hookahshop.lt\/pl\/wp-json\/wp\/v2\/product\/38006\/revisions\/38028"}],"wp:featuredmedia":[{"embeddable":true,"href":"https:\/\/hookahshop.lt\/pl\/wp-json\/wp\/v2\/media\/38008"}],"wp:attachment":[{"href":"https:\/\/hookahshop.lt\/pl\/wp-json\/wp\/v2\/media?parent=38006"}],"curies":[{"name":"wp","href":"https:\/\/api.w.org\/{rel}","templated":true}]}}