{"id":38031,"date":"2024-01-13T18:23:24","date_gmt":"2024-01-13T16:23:24","guid":{"rendered":"https:\/\/hookahshop.lt\/?post_type=product&#038;p=38031"},"modified":"2026-04-24T23:30:09","modified_gmt":"2026-04-24T20:30:09","slug":"taurele-kaljanui-kolos-horeca-mita","status":"publish","type":"product","link":"https:\/\/hookahshop.lt\/pl\/produkt\/kubek-do-sziszy-coli-horeca-mita\/","title":{"rendered":"KUBEK DO FAJKI WODNEJ KOLOS Horeca Mita"},"content":{"rendered":"<h2>KUBEK DO FAJKI WODNEJ KOLOS Horeca Mita<\/h2>\n<p>Wykonana z najwy\u017cszej jako\u015bci gliny miska ta jest trwa\u0142a, a dzi\u0119ki solidnej jednocz\u0119\u015bciowej konstrukcji jest nie tylko wyj\u0105tkowo mocna, ale tak\u017ce pozwala zachowa\u0107 wi\u0119cej smaku, co skutkuje bardziej intensywn\u0105 sesj\u0105 na fajce wodnej w por\u00f3wnaniu do misek wykonanych z cie\u0144szych misek. materia\u0142y.<\/p>\n<p>Fili\u017canka tytoniu mie\u015bci 13-15 g.<\/p>\n<p><strong>Specyfikacje:<\/strong><br \/>\nTyp: turecki<br \/>\nMateria\u0142: glina<br \/>\nWysoko\u015b\u0107: ~7 cm<br \/>\n\u015arednica zewn\u0119trzna: ~6,6 cm<\/p>\n<p>&nbsp;<\/p>\n<p>Czy masz jakie\u015b pytania? Skontaktuj si\u0119 z nami\u00a0<a href=\"https:\/\/hookahshop.lt\/pl\/lacznosc\/\">strona z kontaktami<\/a>\u00a0lub napisz do nas na adres\u00a0<a href=\"https:\/\/facebook.com\/HookahShop.lt\/\" target=\"_blank\" rel=\"noopener\">konto na Facebooku<\/a>\u00a0a my odpowiemy na Twoj\u0105 pro\u015bb\u0119 tego samego dnia.<\/p>","protected":false},"excerpt":{"rendered":"<p>Kubek do fajki wodnej KOLOS Horeca Mita Kubek ten wykonany jest z najwy\u017cszej jako\u015bci gliny, jest trwa\u0142y, a dzi\u0119ki solidnej jednocz\u0119\u015bciowej konstrukcji jest nie tylko niezwykle mocny, ale tak\u017ce pozwala zachowa\u0107 wi\u0119cej smaku, dzi\u0119ki czemu sesja z fajk\u0105 wodn\u0105 jest bardziej przyjemna intensywne w por\u00f3wnaniu do misek wykonanych z cie\u0144szych materia\u0142\u00f3w. Fili\u017canka tytoniu mie\u015bci 13-15 g. Dane techniczne: Typ: Turecki Materia\u0142: Glina Wysoko\u015b\u0107: ~7 cm Zewn\u0119trzna [\u2026]<\/p>","protected":false},"featured_media":38033,"comment_status":"open","ping_status":"closed","template":"","meta":[],"_links":{"self":[{"href":"https:\/\/hookahshop.lt\/pl\/wp-json\/wp\/v2\/product\/38031"}],"collection":[{"href":"https:\/\/hookahshop.lt\/pl\/wp-json\/wp\/v2\/product"}],"about":[{"href":"https:\/\/hookahshop.lt\/pl\/wp-json\/wp\/v2\/types\/product"}],"replies":[{"embeddable":true,"href":"https:\/\/hookahshop.lt\/pl\/wp-json\/wp\/v2\/comments?post=38031"}],"version-history":[{"count":2,"href":"https:\/\/hookahshop.lt\/pl\/wp-json\/wp\/v2\/product\/38031\/revisions"}],"predecessor-version":[{"id":38089,"href":"https:\/\/hookahshop.lt\/pl\/wp-json\/wp\/v2\/product\/38031\/revisions\/38089"}],"wp:featuredmedia":[{"embeddable":true,"href":"https:\/\/hookahshop.lt\/pl\/wp-json\/wp\/v2\/media\/38033"}],"wp:attachment":[{"href":"https:\/\/hookahshop.lt\/pl\/wp-json\/wp\/v2\/media?parent=38031"}],"curies":[{"name":"wp","href":"https:\/\/api.w.org\/{rel}","templated":true}]}}