{"id":38036,"date":"2024-01-13T18:37:43","date_gmt":"2024-01-13T16:37:43","guid":{"rendered":"https:\/\/hookahshop.lt\/?post_type=product&#038;p=38036"},"modified":"2026-04-14T23:29:41","modified_gmt":"2026-04-14T20:29:41","slug":"vienkartine-zarna-kaljanui-al-mani-black","status":"publish","type":"product","link":"https:\/\/hookahshop.lt\/pl\/produkt\/waz-jednorazowy-do-sziszy-al-mani-czarny\/","title":{"rendered":"Jednorazowy w\u0105\u017c do fajki wodnej AL MANI Czarny"},"content":{"rendered":"<h2>Jednorazowy w\u0105\u017c do fajki wodnej AL MANI Czarny<\/h2>\n<p>W\u0105\u017c ten sk\u0142ada si\u0119 z trzech cz\u0119\u015bci: \u0142\u0105cznika, w\u0119\u017ca i ustnika, jest wi\u0119c tani\u0105 alternatyw\u0105, je\u015bli Tw\u00f3j w\u0105\u017c z ustnikiem uleg\u0142 zu\u017cyciu, a fajk\u0119 wodn\u0105 palisz rzadko i nie chcesz kupowa\u0107 zwyk\u0142ego w\u0119\u017ca.<\/p>\n<p><strong>Specyfikacje:<\/strong><br \/>\nD\u0142ugo\u015b\u0107: 150cm<br \/>\nMateria\u0142: tworzywo sztuczne<br \/>\nCzarny kolor<br \/>\n\u015arednica z\u0142\u0105cza: 1cm<\/p>\n<p>&nbsp;<\/p>\n<p>Czy masz jakie\u015b pytania? Skontaktuj si\u0119 z nami\u00a0<a href=\"https:\/\/hookahshop.lt\/pl\/lacznosc\/\">strona z kontaktami<\/a>\u00a0lub napisz do nas na adres\u00a0<a href=\"https:\/\/facebook.com\/HookahShop.lt\/\" target=\"_blank\" rel=\"noopener\">konto na Facebooku<\/a>\u00a0a my odpowiemy na Twoj\u0105 pro\u015bb\u0119 tego samego dnia.<\/p>\n<p>&nbsp;<\/p>","protected":false},"excerpt":{"rendered":"<p>Jednorazowy w\u0105\u017c do fajki wodnej AL MANI Czarny W\u0105\u017c ten sk\u0142ada si\u0119 z trzech cz\u0119\u015bci: \u0142\u0105cznika, w\u0119\u017ca i ustnika, jest wi\u0119c tani\u0105 alternatyw\u0105, je\u015bli Tw\u00f3j w\u0105\u017c z ustnikiem si\u0119 zu\u017cy\u0142, a fajk\u0119 palisz rzadko i nie chcesz kupowa\u0107 zwyk\u0142y w\u0105\u017c. Dane techniczne: D\u0142ugo\u015b\u0107: 150 cm Materia\u0142: tworzywo sztuczne Kolor: czarny \u015arednica z\u0142\u0105cza: 1 cm Masz pytania? Skontaktuj si\u0119 z nami na stronie kontaktowej lub napisz [...]<\/p>","protected":false},"featured_media":38041,"comment_status":"open","ping_status":"closed","template":"","meta":[],"_links":{"self":[{"href":"https:\/\/hookahshop.lt\/pl\/wp-json\/wp\/v2\/product\/38036"}],"collection":[{"href":"https:\/\/hookahshop.lt\/pl\/wp-json\/wp\/v2\/product"}],"about":[{"href":"https:\/\/hookahshop.lt\/pl\/wp-json\/wp\/v2\/types\/product"}],"replies":[{"embeddable":true,"href":"https:\/\/hookahshop.lt\/pl\/wp-json\/wp\/v2\/comments?post=38036"}],"version-history":[{"count":2,"href":"https:\/\/hookahshop.lt\/pl\/wp-json\/wp\/v2\/product\/38036\/revisions"}],"predecessor-version":[{"id":38090,"href":"https:\/\/hookahshop.lt\/pl\/wp-json\/wp\/v2\/product\/38036\/revisions\/38090"}],"wp:featuredmedia":[{"embeddable":true,"href":"https:\/\/hookahshop.lt\/pl\/wp-json\/wp\/v2\/media\/38041"}],"wp:attachment":[{"href":"https:\/\/hookahshop.lt\/pl\/wp-json\/wp\/v2\/media?parent=38036"}],"curies":[{"name":"wp","href":"https:\/\/api.w.org\/{rel}","templated":true}]}}