{"id":38042,"date":"2024-01-13T19:19:20","date_gmt":"2024-01-13T17:19:20","guid":{"rendered":"https:\/\/hookahshop.lt\/?post_type=product&#038;p=38042"},"modified":"2026-04-18T23:29:27","modified_gmt":"2026-04-18T20:29:27","slug":"taurele-kaljanui-upgrade-form-phunnel","status":"publish","type":"product","link":"https:\/\/hookahshop.lt\/pl\/produkt\/lejek-do-filizanek-sziszy-ulepszen-formy\/","title":{"rendered":"Kubek na fajk\u0119 wodn\u0105 UPGRADE Form Phunnel"},"content":{"rendered":"<h2>Kubek na fajk\u0119 wodn\u0105 UPGRADE Form Phunnel<\/h2>\n<p>Wykonany ze specjalnej kompozycji gliny i majoliki, kt\u00f3ra zosta\u0142a dobrana tak, aby uzyska\u0107 optymalne ogrzewanie tytoniu, minimalne spalanie. Kubek ten wyr\u00f3\u017cnia si\u0119 wytrzyma\u0142o\u015bci\u0105, trwa\u0142o\u015bci\u0105 i odporno\u015bci\u0105 na wysokie temperatury. Dodatkowo glina ta po wypaleniu ma bia\u0142\u0105 barw\u0119, co nadaje im stylowy i pi\u0119kny estetyczny wygl\u0105d.<\/p>\n<p>Kubek tytoniu mie\u015bci 8-10 g.<\/p>\n<p><strong>Specyfikacje:<\/strong><br \/>\nWysoko\u015b\u0107: 8 cm<br \/>\n\u015arednica (zewn\u0119trzna): ~8,5cm<br \/>\n\u015arednica (wewn\u0119trzna): ~7,1cm<br \/>\nG\u0142\u0119boko\u015b\u0107: ~1,7cm<br \/>\n\u015arednica otworu: 1cm<br \/>\nLiczba otwor\u00f3w: 1<br \/>\nWaga: ~240g<\/p>\n<p>&nbsp;<\/p>\n<p>Czy masz jakie\u015b pytania? Skontaktuj si\u0119 z nami\u00a0<a href=\"https:\/\/hookahshop.lt\/pl\/lacznosc\/\">strona z kontaktami<\/a>\u00a0lub napisz do nas na adres\u00a0<a href=\"https:\/\/facebook.com\/HookahShop.lt\/\" target=\"_blank\" rel=\"noopener\">konto na Facebooku<\/a>\u00a0a my odpowiemy na Twoj\u0105 pro\u015bb\u0119 tego samego dnia.<\/p>\n<p>&nbsp;<\/p>","protected":false},"excerpt":{"rendered":"<p>Kubek do fajki wodnej UPGRADE Form Phunnel Wykonany ze specjalnej kompozycji gliny i majoliki, kt\u00f3ra zosta\u0142a dobrana tak, aby uzyska\u0107 optymalne ogrzewanie tytoniu, minimalne spalanie. Kubek ten wyr\u00f3\u017cnia si\u0119 wytrzyma\u0142o\u015bci\u0105, trwa\u0142o\u015bci\u0105 i odporno\u015bci\u0105 na wysokie temperatury. Dodatkowo glina ta po wypaleniu ma bia\u0142\u0105 barw\u0119, co nadaje im stylowy i pi\u0119kny estetyczny wygl\u0105d. Kubek tytoniu mie\u015bci 8-10 g. Dane techniczne: Wysoko\u015b\u0107: 8 cm \u015arednica [\u2026]<\/p>","protected":false},"featured_media":38047,"comment_status":"open","ping_status":"closed","template":"","meta":[],"_links":{"self":[{"href":"https:\/\/hookahshop.lt\/pl\/wp-json\/wp\/v2\/product\/38042"}],"collection":[{"href":"https:\/\/hookahshop.lt\/pl\/wp-json\/wp\/v2\/product"}],"about":[{"href":"https:\/\/hookahshop.lt\/pl\/wp-json\/wp\/v2\/types\/product"}],"replies":[{"embeddable":true,"href":"https:\/\/hookahshop.lt\/pl\/wp-json\/wp\/v2\/comments?post=38042"}],"version-history":[{"count":3,"href":"https:\/\/hookahshop.lt\/pl\/wp-json\/wp\/v2\/product\/38042\/revisions"}],"predecessor-version":[{"id":38091,"href":"https:\/\/hookahshop.lt\/pl\/wp-json\/wp\/v2\/product\/38042\/revisions\/38091"}],"wp:featuredmedia":[{"embeddable":true,"href":"https:\/\/hookahshop.lt\/pl\/wp-json\/wp\/v2\/media\/38047"}],"wp:attachment":[{"href":"https:\/\/hookahshop.lt\/pl\/wp-json\/wp\/v2\/media?parent=38042"}],"curies":[{"name":"wp","href":"https:\/\/api.w.org\/{rel}","templated":true}]}}