{"id":38048,"date":"2024-01-13T19:39:07","date_gmt":"2024-01-13T17:39:07","guid":{"rendered":"https:\/\/hookahshop.lt\/?post_type=product&#038;p=38048"},"modified":"2026-04-14T23:29:41","modified_gmt":"2026-04-14T20:29:41","slug":"taurele-kaljanui-kong-turkish-space-dracula","status":"publish","type":"product","link":"https:\/\/hookahshop.lt\/pl\/produkt\/kubek-szisza-kong-turecki-kosmiczny-dracula\/","title":{"rendered":"KUBEK DO FAJKI WODNEJ KONG Turkish Space Dracula"},"content":{"rendered":"<h2>KUBEK DO FAJKI WODNEJ KONG Turkish Space Dracula<\/h2>\n<p>Klasyczna szklanka firmy Kongo o efektownym designie, kt\u00f3ra podbi\u0142a serca wielu mi\u0142o\u015bnik\u00f3w pysznej fajki wodnej. Kubek ma stosunkowo grube \u015bcianki, dobrze zatrzymuje ciep\u0142o i nie wymaga szczeg\u00f3lnej piel\u0119gnacji. Zapewnia d\u0142ugi proces palenia i nadaje si\u0119 do wszystkich rodzaj\u00f3w tytoniu. Idealnie komponuje si\u0119 z komor\u0105 ciepln\u0105 kalaud. \u015aciany kubka s\u0105 przeszklone, dzi\u0119ki czemu kubek d\u0142u\u017cej zatrzyma ciep\u0142o.<\/p>\n<p>Obj\u0119to\u015b\u0107 mieszaniny wynosi oko\u0142o 15-20 gram\u00f3w.<\/p>\n<p><strong>Specyfikacje:<\/strong><br \/>\nWysoko\u015b\u0107: 8,5 cm<br \/>\n\u015arednica (zewn\u0119trzna): 7,5 cm<br \/>\nG\u0142\u0119boko\u015b\u0107: 16 mm<br \/>\nIlo\u015b\u0107 otwor\u00f3w: 6 szt<\/p>\n<p>Czy masz jakie\u015b pytania? Skontaktuj si\u0119 z nami\u00a0<a href=\"https:\/\/hookahshop.lt\/pl\/lacznosc\/\">strona z kontaktami<\/a>\u00a0lub napisz do nas na adres\u00a0<a href=\"https:\/\/facebook.com\/HookahShop.lt\/\" target=\"_blank\" rel=\"noopener\">konto na Facebooku<\/a>\u00a0a my odpowiemy na Twoj\u0105 pro\u015bb\u0119 tego samego dnia.<\/p>\n<p>&nbsp;<\/p>","protected":false},"excerpt":{"rendered":"<p>Kubek do fajki wodnej KONG Turkish Space Dracula Klasyczny kubek firmy Kongo o efektownym designie, kt\u00f3ry podbi\u0142 serca wielu mi\u0142o\u015bnik\u00f3w pysznej fajki wodnej. Kubek ma stosunkowo grube \u015bcianki, dobrze zatrzymuje ciep\u0142o i nie wymaga szczeg\u00f3lnej piel\u0119gnacji. Zapewnia d\u0142ugi proces palenia i nadaje si\u0119 do wszystkich rodzaj\u00f3w tytoniu. Doskonale komponuje si\u0119 z komor\u0105 ciepln\u0105 kalaud. \u015aciany kubka s\u0105 przeszklone, dzi\u0119ki czemu kubek d\u0142u\u017cej zatrzyma ciep\u0142o. Obj\u0119to\u015b\u0107 mieszaniny [...]<\/p>","protected":false},"featured_media":38054,"comment_status":"open","ping_status":"closed","template":"","meta":[],"_links":{"self":[{"href":"https:\/\/hookahshop.lt\/pl\/wp-json\/wp\/v2\/product\/38048"}],"collection":[{"href":"https:\/\/hookahshop.lt\/pl\/wp-json\/wp\/v2\/product"}],"about":[{"href":"https:\/\/hookahshop.lt\/pl\/wp-json\/wp\/v2\/types\/product"}],"replies":[{"embeddable":true,"href":"https:\/\/hookahshop.lt\/pl\/wp-json\/wp\/v2\/comments?post=38048"}],"version-history":[{"count":4,"href":"https:\/\/hookahshop.lt\/pl\/wp-json\/wp\/v2\/product\/38048\/revisions"}],"predecessor-version":[{"id":43314,"href":"https:\/\/hookahshop.lt\/pl\/wp-json\/wp\/v2\/product\/38048\/revisions\/43314"}],"wp:featuredmedia":[{"embeddable":true,"href":"https:\/\/hookahshop.lt\/pl\/wp-json\/wp\/v2\/media\/38054"}],"wp:attachment":[{"href":"https:\/\/hookahshop.lt\/pl\/wp-json\/wp\/v2\/media?parent=38048"}],"curies":[{"name":"wp","href":"https:\/\/api.w.org\/{rel}","templated":true}]}}