{"id":38055,"date":"2024-01-13T23:25:24","date_gmt":"2024-01-13T21:25:24","guid":{"rendered":"https:\/\/hookahshop.lt\/?post_type=product&#038;p=38055"},"modified":"2026-04-14T23:29:41","modified_gmt":"2026-04-14T20:29:41","slug":"taurele-kaljanui-cosmo-turkish-bolt","status":"publish","type":"product","link":"https:\/\/hookahshop.lt\/pl\/produkt\/kubek-szisza-kosmo-turecki-bolt\/","title":{"rendered":"Fili\u017canka do fajki wodnej COSMO Turkish Bolt"},"content":{"rendered":"<h2>Fili\u017canka do fajki wodnej COSMO Turkish Bolt<\/h2>\n<p>Dobrze rozprasza ciep\u0142o, doskonale oddaje smak tytoniu. Kubek nadaje si\u0119 do lekkich, \u015brednich i mocnych sesji. Uniwersalna opcja dla wszystkich rodzaj\u00f3w tytoniu do fajki wodnej. Dno kubka nie nagrzewa si\u0119 ze wzgl\u0119du na g\u0119st\u0105 glin\u0119, dlatego mo\u017cna go bezpiecznie i wygodnie wyj\u0105\u0107 po sesji fajki wodnej.<br \/>\nW kubku mie\u015bci si\u0119 ~18-20 g tytoniu (w zale\u017cno\u015bci od zastosowanego sposobu pakowania).<\/p>\n<p><strong>Specyfikacje:<\/strong><br \/>\nTyp: turecki<br \/>\nMateria\u0142: glina<br \/>\nWysoko\u015b\u0107: ~8,5 cm<br \/>\n\u015arednica (zewn\u0119trzna): ~6,8 cm<\/p>\n<p>&nbsp;<\/p>\n<p>Czy masz jakie\u015b pytania? Skontaktuj si\u0119 z nami\u00a0<a href=\"https:\/\/hookahshop.lt\/pl\/lacznosc\/\">strona z kontaktami<\/a>\u00a0lub napisz do nas na adres\u00a0<a href=\"https:\/\/facebook.com\/HookahShop.lt\/\" target=\"_blank\" rel=\"noopener\">konto na Facebooku<\/a>\u00a0a my odpowiemy na Twoj\u0105 pro\u015bb\u0119 tego samego dnia.<\/p>","protected":false},"excerpt":{"rendered":"<p>Fili\u017canka do fajki wodnej COSMO Turkish Bolt Dobrze rozprasza ciep\u0142o, doskonale eksponuje smak tytoniu. Kubek nadaje si\u0119 do lekkich, \u015brednich i mocnych sesji. Uniwersalna opcja dla wszystkich rodzaj\u00f3w tytoniu do fajki wodnej. Dno kubka nie nagrzewa si\u0119 ze wzgl\u0119du na g\u0119st\u0105 glin\u0119, dlatego mo\u017cna go bezpiecznie i wygodnie wyj\u0105\u0107 po sesji fajki wodnej. W kubku mie\u015bci si\u0119 ~18-20 g tytoniu (w zale\u017cno\u015bci od zastosowanego sposobu pakowania). Dane techniczne: Typ: turecki [\u2026]<\/p>","protected":false},"featured_media":38059,"comment_status":"open","ping_status":"closed","template":"","meta":[],"_links":{"self":[{"href":"https:\/\/hookahshop.lt\/pl\/wp-json\/wp\/v2\/product\/38055"}],"collection":[{"href":"https:\/\/hookahshop.lt\/pl\/wp-json\/wp\/v2\/product"}],"about":[{"href":"https:\/\/hookahshop.lt\/pl\/wp-json\/wp\/v2\/types\/product"}],"replies":[{"embeddable":true,"href":"https:\/\/hookahshop.lt\/pl\/wp-json\/wp\/v2\/comments?post=38055"}],"version-history":[{"count":5,"href":"https:\/\/hookahshop.lt\/pl\/wp-json\/wp\/v2\/product\/38055\/revisions"}],"predecessor-version":[{"id":41419,"href":"https:\/\/hookahshop.lt\/pl\/wp-json\/wp\/v2\/product\/38055\/revisions\/41419"}],"wp:featuredmedia":[{"embeddable":true,"href":"https:\/\/hookahshop.lt\/pl\/wp-json\/wp\/v2\/media\/38059"}],"wp:attachment":[{"href":"https:\/\/hookahshop.lt\/pl\/wp-json\/wp\/v2\/media?parent=38055"}],"curies":[{"name":"wp","href":"https:\/\/api.w.org\/{rel}","templated":true}]}}