{"id":38067,"date":"2024-01-13T23:48:18","date_gmt":"2024-01-13T21:48:18","guid":{"rendered":"https:\/\/hookahshop.lt\/?post_type=product&#038;p=38067"},"modified":"2026-04-14T23:29:41","modified_gmt":"2026-04-14T20:29:41","slug":"taurele-kaljanui-cosmo-dead-mummy","status":"publish","type":"product","link":"https:\/\/hookahshop.lt\/pl\/produkt\/kubek-szisza-kosmo-martwa-mumia\/","title":{"rendered":"KUBEK DO FAJKI WODNEJ COSMO Martwa Mumia"},"content":{"rendered":"<h2>KUBEK DO FAJKI WODNEJ COSMO Martwa Mumia<\/h2>\n<p>Wytrzymuje wysokie temperatury i zapobiega przegrzaniu tytoniu. Tyto\u0144 jest r\u00f3wnomiernie podgrzewany w fili\u017cance, dzi\u0119ki czemu sesja jest intensywna. Glina, z kt\u00f3rej wykonany jest kubek, zapewnia r\u00f3wnie\u017c d\u0142ug\u0105 \u017cywotno\u015b\u0107 ze wzgl\u0119du na dobr\u0105 odporno\u015b\u0107 na ciep\u0142o.<br \/>\nW kubku mie\u015bci si\u0119 ~18-22 g tytoniu (w zale\u017cno\u015bci od zastosowanego sposobu pakowania).<\/p>\n<p><strong>Specyfikacje:<\/strong><br \/>\nTyp: zab\u00f3jca<br \/>\nMateria\u0142: glina<br \/>\nWysoko\u015b\u0107: ~10,5 cm<br \/>\n\u015arednica (zewn\u0119trzna): ~7,5 cm<br \/>\n\u015arednica (wew.): ~5,6 cm<\/p>\n<p>Czy masz jakie\u015b pytania? Skontaktuj si\u0119 z nami\u00a0<a href=\"https:\/\/hookahshop.lt\/pl\/lacznosc\/\">strona z kontaktami<\/a>\u00a0lub napisz do nas na adres\u00a0<a href=\"https:\/\/facebook.com\/HookahShop.lt\/\" target=\"_blank\" rel=\"noopener\">konto na Facebooku<\/a>\u00a0a my odpowiemy na Twoj\u0105 pro\u015bb\u0119 tego samego dnia.<\/p>","protected":false},"excerpt":{"rendered":"<p>Fili\u017canka do fajki wodnej COSMO Dead Mummy Wytrzymuje wysokie temperatury i zapobiega przegrzaniu tytoniu. Tyto\u0144 jest r\u00f3wnomiernie podgrzewany w fili\u017cance, dzi\u0119ki czemu sesja jest intensywna. Glina, z kt\u00f3rej wykonany jest kubek, zapewnia r\u00f3wnie\u017c d\u0142ug\u0105 \u017cywotno\u015b\u0107 ze wzgl\u0119du na dobr\u0105 odporno\u015b\u0107 na ciep\u0142o. W kubku mie\u015bci si\u0119 ~18-22 g tytoniu (w zale\u017cno\u015bci od zastosowanego sposobu pakowania). Dane techniczne: Typ: Zab\u00f3jca Materia\u0142: Glina Wysoko\u015b\u0107: ~10,5 cm \u015arednica [\u2026]<\/p>","protected":false},"featured_media":38069,"comment_status":"open","ping_status":"closed","template":"","meta":[],"_links":{"self":[{"href":"https:\/\/hookahshop.lt\/pl\/wp-json\/wp\/v2\/product\/38067"}],"collection":[{"href":"https:\/\/hookahshop.lt\/pl\/wp-json\/wp\/v2\/product"}],"about":[{"href":"https:\/\/hookahshop.lt\/pl\/wp-json\/wp\/v2\/types\/product"}],"replies":[{"embeddable":true,"href":"https:\/\/hookahshop.lt\/pl\/wp-json\/wp\/v2\/comments?post=38067"}],"version-history":[{"count":3,"href":"https:\/\/hookahshop.lt\/pl\/wp-json\/wp\/v2\/product\/38067\/revisions"}],"predecessor-version":[{"id":38095,"href":"https:\/\/hookahshop.lt\/pl\/wp-json\/wp\/v2\/product\/38067\/revisions\/38095"}],"wp:featuredmedia":[{"embeddable":true,"href":"https:\/\/hookahshop.lt\/pl\/wp-json\/wp\/v2\/media\/38069"}],"wp:attachment":[{"href":"https:\/\/hookahshop.lt\/pl\/wp-json\/wp\/v2\/media?parent=38067"}],"curies":[{"name":"wp","href":"https:\/\/api.w.org\/{rel}","templated":true}]}}