{"id":38072,"date":"2024-01-14T00:25:56","date_gmt":"2024-01-13T22:25:56","guid":{"rendered":"https:\/\/hookahshop.lt\/?post_type=product&#038;p=38072"},"modified":"2026-04-17T23:29:56","modified_gmt":"2026-04-17T20:29:56","slug":"karscio-kamera-na-grani-al","status":"publish","type":"product","link":"https:\/\/hookahshop.lt\/pl\/produkt\/kamera-cieplna-na-grani-al\/","title":{"rendered":"Komora grzewcza NA GRANI AL"},"content":{"rendered":"<h2>Komora grzewcza NA GRANI AL<\/h2>\n<p>Stosowany zamiast folii na kubku, u\u0142atwia kontrol\u0119 ciep\u0142a. Komora grzewcza NA GRANI wykonana jest z aluminium, aby uzyska\u0107 mniejsz\u0105 intensywno\u015b\u0107. Wyj\u0105tkowo\u015b\u0107 tej komory grzewczej na tle innych aluminiowych kom\u00f3r grzewczych polega na tym, \u017ce jest ona wykonana z solidnego materia\u0142u.<\/p>\n<p><strong>Specyfikacje:<\/strong><br \/>\n\u015arednica zewn\u0119trzna: 74mm<br \/>\n\u015arednica wewn\u0119trzna: 54mm<br \/>\nG\u0142\u0119boko\u015b\u0107: 23,4 mm<br \/>\nWaga: 66g<br \/>\nMateria\u0142: aluminium (lite)<\/p>\n<p><strong>Zalety:<\/strong><br \/>\nStylowy i wysokiej jako\u015bci;<br \/>\nTrwa\u0142e i niezawodne;<br \/>\nZapewnia wygodne palenie fajki wodnej;<br \/>\nZapakowany w markowe drewniane pude\u0142ko.<\/p>\n<p>&nbsp;<\/p>\n<p>Czy masz jakie\u015b pytania? Skontaktuj si\u0119 z nami\u00a0<a href=\"https:\/\/hookahshop.lt\/pl\/lacznosc\/\">strona z kontaktami<\/a>\u00a0lub napisz do nas na adres\u00a0<a href=\"https:\/\/facebook.com\/HookahShop.lt\/\" target=\"_blank\" rel=\"noopener\">konto na Facebooku<\/a>\u00a0a my odpowiemy na Twoj\u0105 pro\u015bb\u0119 tego samego dnia.<\/p>\n<p>&nbsp;<\/p>\n<p>&nbsp;<\/p>","protected":false},"excerpt":{"rendered":"<p>Komora grzewcza NA GRANI AL Stosowana zamiast folii na kubku, u\u0142atwia kontrol\u0119 ciep\u0142a. Komora grzewcza NA GRANI wykonana jest z aluminium, aby uzyska\u0107 mniejsz\u0105 intensywno\u015b\u0107. Wyj\u0105tkowo\u015b\u0107 tej komory grzewczej na tle innych aluminiowych kom\u00f3r grzewczych polega na tym, \u017ce jest ona wykonana z solidnego materia\u0142u. Dane techniczne: \u015arednica zewn\u0119trzna: 74mm \u015arednica wewn\u0119trzna: 54mm G\u0142\u0119boko\u015b\u0107: 23,4mm Waga: 66g Materia\u0142: aluminium (solidne) Zalety: Stylowe [\u2026]<\/p>","protected":false},"featured_media":38073,"comment_status":"open","ping_status":"closed","template":"","meta":[],"_links":{"self":[{"href":"https:\/\/hookahshop.lt\/pl\/wp-json\/wp\/v2\/product\/38072"}],"collection":[{"href":"https:\/\/hookahshop.lt\/pl\/wp-json\/wp\/v2\/product"}],"about":[{"href":"https:\/\/hookahshop.lt\/pl\/wp-json\/wp\/v2\/types\/product"}],"replies":[{"embeddable":true,"href":"https:\/\/hookahshop.lt\/pl\/wp-json\/wp\/v2\/comments?post=38072"}],"version-history":[{"count":2,"href":"https:\/\/hookahshop.lt\/pl\/wp-json\/wp\/v2\/product\/38072\/revisions"}],"predecessor-version":[{"id":38076,"href":"https:\/\/hookahshop.lt\/pl\/wp-json\/wp\/v2\/product\/38072\/revisions\/38076"}],"wp:featuredmedia":[{"embeddable":true,"href":"https:\/\/hookahshop.lt\/pl\/wp-json\/wp\/v2\/media\/38073"}],"wp:attachment":[{"href":"https:\/\/hookahshop.lt\/pl\/wp-json\/wp\/v2\/media?parent=38072"}],"curies":[{"name":"wp","href":"https:\/\/api.w.org\/{rel}","templated":true}]}}