{"id":38081,"date":"2024-01-14T01:29:56","date_gmt":"2024-01-13T23:29:56","guid":{"rendered":"https:\/\/hookahshop.lt\/?post_type=product&#038;p=38081"},"modified":"2026-04-17T23:29:56","modified_gmt":"2026-04-17T20:29:56","slug":"kaljanas-na-grani-model-2","status":"publish","type":"product","link":"https:\/\/hookahshop.lt\/pl\/produkt\/fajka-wodna-na-grani-model-2\/","title":{"rendered":"Fajka wodna NA GRANI Model 2"},"content":{"rendered":"<h2>Fajka wodna NA GRANI Model 2<\/h2>\n<p>Wysoka jako\u015b\u0107 i minimalistyczny design fajki wodnej przyci\u0105ga uwag\u0119. Model ten jest idealny dla tych, kt\u00f3rzy lubi\u0105 kompaktowe fajki wodne lub tych, kt\u00f3rzy chc\u0105 zabra\u0107 ma\u0142\u0105 fajk\u0119 wodn\u0105 w natur\u0119, poniewa\u017c wyr\u00f3\u017cnia si\u0119 tym, \u017ce konstrukcja trzonka sk\u0142ada si\u0119 z kilku cz\u0119\u015bci, co pozwala zmienia\u0107 nie tylko wysoko\u015b\u0107 trzonka, ale tak\u017ce wysoko\u015b\u0107 trzonka, wi\u0119c je\u015bli kupisz mniejsz\u0105 kolb\u0119, b\u0119dziesz mie\u0107 fajk\u0119 wodn\u0105 o mniejszym rozmiarze. Szisza ta wykonana jest ze stali nierdzewnej 100% AISI - 304, co gwarantuje trwa\u0142o\u015b\u0107 i niezawodno\u015b\u0107 fajki wodnej, u\u0142atwia konserwacj\u0119, przechowywanie i transport. Szisza nadaje si\u0119 zar\u00f3wno dla mi\u0142o\u015bnik\u00f3w lekkiego dymu, poniewa\u017c posiada dyfuzor, jak i dla ci\u0119\u017cszych, poniewa\u017c dyfuzor mo\u017cna odkr\u0119ci\u0107. Ta szisza jest r\u00f3wnie\u017c odpowiednia dla nowicjuszy w bran\u017cy fajek wodnych, poniewa\u017c poziom wody jest oznaczony w trzonku fajki wodnej, dzi\u0119ki czemu do kolby zostanie dodana odpowiednia ilo\u015b\u0107 wody.<br \/>\nW pe\u0142ni demontowalna konstrukcja z maksymaln\u0105 zmienno\u015bci\u0105 monta\u017cu wa\u0142u (4 opcje d\u0142ugo\u015bci i wygl\u0105du).<\/p>\n<p><strong>Specyfikacja:<\/strong><br \/>\nTrakcja: klasyczna i dyfuzor (odkr\u0119cany dyfuzor)<br \/>\nWa\u0142 (trzpie\u0144): stal nierdzewna w kilku cz\u0119\u015bciach<br \/>\nDmuchanie fajki wodnej: pionowo w g\u00f3r\u0119.<\/p>\n<p><strong>Charakterystyka:<\/strong><br \/>\n-Wysoko\u015b\u0107 trzonka fajki wodnej: 32 cm<br \/>\n-Wysoko\u015b\u0107 fajki wodnej z kolb\u0105 ~50cm<br \/>\n-Wysoko\u015b\u0107 \u0142odygi: 21,5 cm<br \/>\n-D\u0142ugo\u015b\u0107 ustnika: 27 cm<br \/>\n-Waga: 3,6 kg<\/p>\n<p><strong>Ekwipunek:<\/strong><br \/>\n-Wa\u0142 (z 4 cz\u0119\u015bci) Mo\u017ce by\u0107 u\u017cywany z kolb\u0105 uniwersaln\u0105 i mini.<br \/>\n-P\u0142yta (szybki demonta\u017c)<br \/>\n-Dyfuzor (obroty, bez regulacji)<br \/>\n- Syfon melasowo-syropowy (zintegrowany z p\u0142yt\u0105)<br \/>\n-W\u0105\u017c silikonowy czarny (mi\u0119kki w dotyku)<br \/>\n- Ustnik (w kilku cz\u0119\u015bciach)<br \/>\n- Przek\u0142adki (do kubk\u00f3w, kolb)<br \/>\n-Drewniane pud\u0142o.<\/p>\n<p><strong>Butelka nie jest cz\u0119\u015bci\u0105 zestawu.<\/strong><\/p>\n<p><img decoding=\"async\" loading=\"lazy\" class=\"alignnone size-medium wp-image-38521\" src=\"https:\/\/hookahshop.lt\/wp-content\/uploads\/2020\/09\/stiebas-zarna-kandiklis-1-300x273.jpg\" alt=\"- hookahshop.lt\" width=\"300\" height=\"273\" srcset=\"https:\/\/hookahshop.lt\/wp-content\/uploads\/2020\/09\/stiebas-zarna-kandiklis-1-300x273.jpg 300w, https:\/\/hookahshop.lt\/wp-content\/uploads\/2020\/09\/stiebas-zarna-kandiklis-1-13x12.jpg 13w, https:\/\/hookahshop.lt\/wp-content\/uploads\/2020\/09\/stiebas-zarna-kandiklis-1-64x58.jpg 64w, https:\/\/hookahshop.lt\/wp-content\/uploads\/2020\/09\/stiebas-zarna-kandiklis-1.jpg 420w\" sizes=\"(max-width: 300px) 100vw, 300px\" title=\"\"><\/p>\n<p>&nbsp;<\/p>\n<p>Czy masz jakie\u015b pytania? Skontaktuj si\u0119 z nami\u00a0<a href=\"https:\/\/hookahshop.lt\/pl\/lacznosc\/\">strona z kontaktami<\/a>\u00a0lub napisz do nas na adres\u00a0<a href=\"https:\/\/facebook.com\/HookahShop.lt\/\" target=\"_blank\" rel=\"noopener\">konto na Facebooku<\/a>\u00a0a my odpowiemy na Twoj\u0105 pro\u015bb\u0119 tego samego dnia.<\/p>","protected":false},"excerpt":{"rendered":"<p>Fajka NA GRANI Model 2 Fajka o wysokiej jako\u015bci i minimalistycznym designie przyci\u0105ga uwag\u0119. Dla tych, kt\u00f3rzy lubi\u0105 kompaktowe fajki wodne lub tych, kt\u00f3rzy chc\u0105 zabra\u0107 ma\u0142\u0105 fajk\u0119 wodn\u0105 na zewn\u0105trz, ten model jest idealny, poniewa\u017c wyr\u00f3\u017cnia si\u0119 tym, \u017ce konstrukcja trzonka sk\u0142ada si\u0119 z kilku cz\u0119\u015bci, co pozwala zmienia\u0107 nie tylko wysoko\u015b\u0107 fajki wodnej \u0142odyg\u0119, ale tak\u017ce wysoko\u015b\u0107 trzonka, wi\u0119c je\u015bli kupisz mniejsz\u0105 kolb\u0119, b\u0119dziesz mie\u0107 [\u2026]<\/p>","protected":false},"featured_media":38082,"comment_status":"open","ping_status":"closed","template":"","meta":[],"_links":{"self":[{"href":"https:\/\/hookahshop.lt\/pl\/wp-json\/wp\/v2\/product\/38081"}],"collection":[{"href":"https:\/\/hookahshop.lt\/pl\/wp-json\/wp\/v2\/product"}],"about":[{"href":"https:\/\/hookahshop.lt\/pl\/wp-json\/wp\/v2\/types\/product"}],"replies":[{"embeddable":true,"href":"https:\/\/hookahshop.lt\/pl\/wp-json\/wp\/v2\/comments?post=38081"}],"version-history":[{"count":3,"href":"https:\/\/hookahshop.lt\/pl\/wp-json\/wp\/v2\/product\/38081\/revisions"}],"predecessor-version":[{"id":41767,"href":"https:\/\/hookahshop.lt\/pl\/wp-json\/wp\/v2\/product\/38081\/revisions\/41767"}],"wp:featuredmedia":[{"embeddable":true,"href":"https:\/\/hookahshop.lt\/pl\/wp-json\/wp\/v2\/media\/38082"}],"wp:attachment":[{"href":"https:\/\/hookahshop.lt\/pl\/wp-json\/wp\/v2\/media?parent=38081"}],"curies":[{"name":"wp","href":"https:\/\/api.w.org\/{rel}","templated":true}]}}