{"id":38104,"date":"2024-01-15T16:17:20","date_gmt":"2024-01-15T14:17:20","guid":{"rendered":"https:\/\/hookahshop.lt\/?post_type=product&#038;p=38104"},"modified":"2026-04-16T10:21:39","modified_gmt":"2026-04-16T07:21:39","slug":"kandiklis-kaljanui-karma-metal-matt-black","status":"publish","type":"product","link":"https:\/\/hookahshop.lt\/pl\/produkt\/ustnik-do-fajki-wodnej-karma-metal-matowo-czarny\/","title":{"rendered":"Ustnik do fajki wodnej KARMA Metal Matt Black"},"content":{"rendered":"<h2>Ustnik do fajki wodnej KARMA Metal Matt Black<\/h2>\n<p>Oryginalny ustnik ze stali nierdzewnej znanego ukrai\u0144skiego producenta KARMA Hookah.<\/p>\n<p><strong>Specyfikacja:<\/strong><br \/>\nMateria\u0142: anodowane aluminium<br \/>\nD\u0142ugo\u015b\u0107: 44 cm<br \/>\nKolor: czarny mat<\/p>\n<p>Czy masz jakie\u015b pytania? Skontaktuj si\u0119 z nami\u00a0<a href=\"https:\/\/hookahshop.lt\/pl\/lacznosc\/\">strona z kontaktami<\/a>\u00a0lub napisz do nas na adres\u00a0<a href=\"https:\/\/facebook.com\/HookahShop.lt\/\" target=\"_blank\" rel=\"noopener noreferrer\">konto na Facebooku<\/a>\u00a0a my odpowiemy na Twoj\u0105 pro\u015bb\u0119 tego samego dnia.<\/p>","protected":false},"excerpt":{"rendered":"<p>Ustnik do fajki wodnej KARMA Metal Matt Black Oryginalny ustnik ze stali nierdzewnej znanego ukrai\u0144skiego producenta KARMA Hookah. Specyfikacja: Materia\u0142: aluminium anodyzowane D\u0142ugo\u015b\u0107: 44cm Kolor: czarny mat Masz pytania? Skontaktuj si\u0119 z nami na stronie kontaktowej lub napisz do nas na naszym koncie na Facebooku, a my odpowiemy na Twoj\u0105 pro\u015bb\u0119 jeszcze tego samego dnia.<\/p>","protected":false},"featured_media":38105,"comment_status":"open","ping_status":"closed","template":"","meta":[],"_links":{"self":[{"href":"https:\/\/hookahshop.lt\/pl\/wp-json\/wp\/v2\/product\/38104"}],"collection":[{"href":"https:\/\/hookahshop.lt\/pl\/wp-json\/wp\/v2\/product"}],"about":[{"href":"https:\/\/hookahshop.lt\/pl\/wp-json\/wp\/v2\/types\/product"}],"replies":[{"embeddable":true,"href":"https:\/\/hookahshop.lt\/pl\/wp-json\/wp\/v2\/comments?post=38104"}],"version-history":[{"count":3,"href":"https:\/\/hookahshop.lt\/pl\/wp-json\/wp\/v2\/product\/38104\/revisions"}],"predecessor-version":[{"id":44271,"href":"https:\/\/hookahshop.lt\/pl\/wp-json\/wp\/v2\/product\/38104\/revisions\/44271"}],"wp:featuredmedia":[{"embeddable":true,"href":"https:\/\/hookahshop.lt\/pl\/wp-json\/wp\/v2\/media\/38105"}],"wp:attachment":[{"href":"https:\/\/hookahshop.lt\/pl\/wp-json\/wp\/v2\/media?parent=38104"}],"curies":[{"name":"wp","href":"https:\/\/api.w.org\/{rel}","templated":true}]}}