{"id":38124,"date":"2024-01-15T18:54:33","date_gmt":"2024-01-15T16:54:33","guid":{"rendered":"https:\/\/hookahshop.lt\/?post_type=product&#038;p=38124"},"modified":"2026-04-18T23:29:27","modified_gmt":"2026-04-18T20:29:27","slug":"tarpine-kaljano-kolbai-a1-white","status":"publish","type":"product","link":"https:\/\/hookahshop.lt\/pl\/produkt\/spacer-fajki-fajki-a1-biale\/","title":{"rendered":"Uszczelka do kolby na fajk\u0119 wodn\u0105 A1 Bia\u0142a"},"content":{"rendered":"<h2>Uszczelka do kolby na fajk\u0119 wodn\u0105 A1 Bia\u0142a<\/h2>\n<p>Idealny rozmiar pasuj\u0105cy do wi\u0119kszo\u015bci fajek wodnych. Dzi\u0119ki pow\u0142oce nie \u015blizgaj\u0105 si\u0119 ani nie odpadaj\u0105. Wysokiej jako\u015bci silikon i produkcja przyczyniaj\u0105 si\u0119 do d\u0142ugowieczno\u015bci tych uszczelek.<\/p>\n<p><strong>Specyfikacje:<\/strong><br \/>\n\u015arednica uszczelki: 76mm<br \/>\n\u015arednica zewn\u0119trzna: 55mm<br \/>\n\u015arednica wewn\u0119trzna: 45m<br \/>\nWysoko\u015b\u0107 gwintu: 33mm<br \/>\nNici: 3 szt.<\/p>\n<p>Czy masz jakie\u015b pytania? Skontaktuj si\u0119 z nami\u00a0<a href=\"https:\/\/hookahshop.lt\/pl\/lacznosc\/\">strona z kontaktami<\/a>\u00a0lub napisz do nas na adres\u00a0<a href=\"https:\/\/facebook.com\/HookahShop.lt\/\" target=\"_blank\" rel=\"noopener noreferrer\">konto na Facebooku<\/a>\u00a0a my odpowiemy na Twoj\u0105 pro\u015bb\u0119 tego samego dnia.<\/p>","protected":false},"excerpt":{"rendered":"<p>Przek\u0142adka do kolby Shisha A1 bia\u0142a Idealny rozmiar pasuj\u0105cy do wi\u0119kszo\u015bci fajek wodnych. Dzi\u0119ki pow\u0142oce nie \u015blizgaj\u0105 si\u0119 i nie odpadaj\u0105. Wysoka jako\u015b\u0107 silikonu i produkcja przyczyniaj\u0105 si\u0119 do trwa\u0142o\u015bci tych uszczelek. Dane techniczne: \u015arednica uszczelki: 76mm \u015arednica zewn\u0119trzna: 55mm \u015arednica wewn\u0119trzna: 45m Wysoko\u015b\u0107 gwintu: 33mm Gwinty: 3 szt. Czy masz jakie\u015b pytania? Skontaktuj si\u0119 z nami na stronie kontaktowej lub napisz do nas na naszym koncie na Facebooku, a my odpowiemy na Twoje [...]<\/p>","protected":false},"featured_media":38125,"comment_status":"open","ping_status":"closed","template":"","meta":[],"_links":{"self":[{"href":"https:\/\/hookahshop.lt\/pl\/wp-json\/wp\/v2\/product\/38124"}],"collection":[{"href":"https:\/\/hookahshop.lt\/pl\/wp-json\/wp\/v2\/product"}],"about":[{"href":"https:\/\/hookahshop.lt\/pl\/wp-json\/wp\/v2\/types\/product"}],"replies":[{"embeddable":true,"href":"https:\/\/hookahshop.lt\/pl\/wp-json\/wp\/v2\/comments?post=38124"}],"version-history":[{"count":3,"href":"https:\/\/hookahshop.lt\/pl\/wp-json\/wp\/v2\/product\/38124\/revisions"}],"predecessor-version":[{"id":45698,"href":"https:\/\/hookahshop.lt\/pl\/wp-json\/wp\/v2\/product\/38124\/revisions\/45698"}],"wp:featuredmedia":[{"embeddable":true,"href":"https:\/\/hookahshop.lt\/pl\/wp-json\/wp\/v2\/media\/38125"}],"wp:attachment":[{"href":"https:\/\/hookahshop.lt\/pl\/wp-json\/wp\/v2\/media?parent=38124"}],"curies":[{"name":"wp","href":"https:\/\/api.w.org\/{rel}","templated":true}]}}