{"id":38184,"date":"2024-01-27T17:42:10","date_gmt":"2024-01-27T15:42:10","guid":{"rendered":"https:\/\/hookahshop.lt\/?post_type=product&#038;p=38184"},"modified":"2026-04-22T23:30:00","modified_gmt":"2026-04-22T20:30:00","slug":"kandiklis-kaljanui-el-badia-black","status":"publish","type":"product","link":"https:\/\/hookahshop.lt\/pl\/produkt\/ustnik-do-sziszy-el-badia-czarny\/","title":{"rendered":"Ustnik do fajki wodnej EL BADIA Czarny"},"content":{"rendered":"<h2>Ustnik do fajki wodnej EL BADIA Czarny<\/h2>\n<p>Ustnik EL BADIA wykonany jest z aluminium i sk\u0142ada si\u0119 z dw\u00f3ch cz\u0119\u015bci: ustnika i \u0142\u0105cznika. Nadaje si\u0119 do prawie wszystkich w\u0119\u017cy silikonowych i r\u00f3\u017cnego rodzaju jednorazowych ustnik\u00f3w.<\/p>\n<p><strong>Specyfikacja:<\/strong><br \/>\nCzarny kolor<br \/>\nMateria\u0142: aluminium<br \/>\nD\u0142ugo\u015b\u0107: 38 cm<\/p>\n<p>&nbsp;<\/p>\n<p>Czy masz jakie\u015b pytania? Skontaktuj si\u0119 z nami\u00a0<a href=\"https:\/\/hookahshop.lt\/pl\/lacznosc\/\">strona z kontaktami<\/a>\u00a0lub napisz do nas na adres\u00a0<a href=\"https:\/\/facebook.com\/HookahShop.lt\/\" target=\"_blank\" rel=\"noopener\">konto na Facebooku<\/a>\u00a0a my odpowiemy na Twoj\u0105 pro\u015bb\u0119 tego samego dnia.<\/p>","protected":false},"excerpt":{"rendered":"<p>Ustnik do fajki wodnej EL BADIA Czarny Ustnik EL BADIA wykonany jest z aluminium i sk\u0142ada si\u0119 z dw\u00f3ch cz\u0119\u015bci: ustnika i \u0142\u0105cznika. Nadaje si\u0119 do prawie wszystkich w\u0119\u017cy silikonowych i r\u00f3\u017cnego rodzaju jednorazowych ustnik\u00f3w. Specyfikacja: Kolor: Czarny Materia\u0142: Aluminium D\u0142ugo\u015b\u0107: 38 cm Masz pytania? Skontaktuj si\u0119 z nami na stronie kontaktowej lub napisz do nas na naszym koncie na Facebooku, a my odpowiemy na Twoje zapytanie w [\u2026]<\/p>","protected":false},"featured_media":38186,"comment_status":"open","ping_status":"closed","template":"","meta":[],"_links":{"self":[{"href":"https:\/\/hookahshop.lt\/pl\/wp-json\/wp\/v2\/product\/38184"}],"collection":[{"href":"https:\/\/hookahshop.lt\/pl\/wp-json\/wp\/v2\/product"}],"about":[{"href":"https:\/\/hookahshop.lt\/pl\/wp-json\/wp\/v2\/types\/product"}],"replies":[{"embeddable":true,"href":"https:\/\/hookahshop.lt\/pl\/wp-json\/wp\/v2\/comments?post=38184"}],"version-history":[{"count":3,"href":"https:\/\/hookahshop.lt\/pl\/wp-json\/wp\/v2\/product\/38184\/revisions"}],"predecessor-version":[{"id":41066,"href":"https:\/\/hookahshop.lt\/pl\/wp-json\/wp\/v2\/product\/38184\/revisions\/41066"}],"wp:featuredmedia":[{"embeddable":true,"href":"https:\/\/hookahshop.lt\/pl\/wp-json\/wp\/v2\/media\/38186"}],"wp:attachment":[{"href":"https:\/\/hookahshop.lt\/pl\/wp-json\/wp\/v2\/media?parent=38184"}],"curies":[{"name":"wp","href":"https:\/\/api.w.org\/{rel}","templated":true}]}}