{"id":38189,"date":"2024-01-27T17:45:53","date_gmt":"2024-01-27T15:45:53","guid":{"rendered":"https:\/\/hookahshop.lt\/?post_type=product&#038;p=38189"},"modified":"2026-04-18T23:29:27","modified_gmt":"2026-04-18T20:29:27","slug":"kandiklis-kaljanui-el-badia-silver","status":"publish","type":"product","link":"https:\/\/hookahshop.lt\/pl\/produkt\/ustnik-do-sziszy-el-badia-srebrny\/","title":{"rendered":"Ustnik do fajki wodnej EL BADIA Srebrny"},"content":{"rendered":"<h2>Ustnik do fajki wodnej EL BADIA Srebrny<\/h2>\n<p>Ustnik EL BADIA wykonany jest z aluminium i sk\u0142ada si\u0119 z dw\u00f3ch cz\u0119\u015bci: ustnika i \u0142\u0105cznika. Nadaje si\u0119 do prawie wszystkich w\u0119\u017cy silikonowych i r\u00f3\u017cnego rodzaju jednorazowych ustnik\u00f3w.<\/p>\n<p><strong>Specyfikacja:<\/strong><br \/>\nKolor: srebrny<br \/>\nMateria\u0142: aluminium<br \/>\nD\u0142ugo\u015b\u0107: 38 cm<\/p>\n<p>&nbsp;<\/p>\n<p>Czy masz jakie\u015b pytania? Skontaktuj si\u0119 z nami\u00a0<a href=\"https:\/\/hookahshop.lt\/pl\/lacznosc\/\">strona z kontaktami<\/a>\u00a0lub napisz do nas na adres\u00a0<a href=\"https:\/\/facebook.com\/HookahShop.lt\/\" target=\"_blank\" rel=\"noopener\">konto na Facebooku<\/a>\u00a0a my odpowiemy na Twoj\u0105 pro\u015bb\u0119 tego samego dnia.<\/p>","protected":false},"excerpt":{"rendered":"<p>Ustnik do fajki wodnej EL BADIA Srebrny Ustnik EL BADIA wykonany jest z aluminium i sk\u0142ada si\u0119 z dw\u00f3ch cz\u0119\u015bci: ustnika i \u0142\u0105cznika. Nadaje si\u0119 do prawie wszystkich w\u0119\u017cy silikonowych i r\u00f3\u017cnego rodzaju jednorazowych ustnik\u00f3w. Specyfikacja: Kolor: Srebrny Materia\u0142: Aluminium D\u0142ugo\u015b\u0107: 38 cm Masz pytania? Skontaktuj si\u0119 z nami na stronie kontaktowej lub napisz do nas na naszym koncie na Facebooku, a my odpowiemy na Twoje zapytanie w [\u2026]<\/p>","protected":false},"featured_media":38190,"comment_status":"open","ping_status":"closed","template":"","meta":[],"_links":{"self":[{"href":"https:\/\/hookahshop.lt\/pl\/wp-json\/wp\/v2\/product\/38189"}],"collection":[{"href":"https:\/\/hookahshop.lt\/pl\/wp-json\/wp\/v2\/product"}],"about":[{"href":"https:\/\/hookahshop.lt\/pl\/wp-json\/wp\/v2\/types\/product"}],"replies":[{"embeddable":true,"href":"https:\/\/hookahshop.lt\/pl\/wp-json\/wp\/v2\/comments?post=38189"}],"version-history":[{"count":2,"href":"https:\/\/hookahshop.lt\/pl\/wp-json\/wp\/v2\/product\/38189\/revisions"}],"predecessor-version":[{"id":38264,"href":"https:\/\/hookahshop.lt\/pl\/wp-json\/wp\/v2\/product\/38189\/revisions\/38264"}],"wp:featuredmedia":[{"embeddable":true,"href":"https:\/\/hookahshop.lt\/pl\/wp-json\/wp\/v2\/media\/38190"}],"wp:attachment":[{"href":"https:\/\/hookahshop.lt\/pl\/wp-json\/wp\/v2\/media?parent=38189"}],"curies":[{"name":"wp","href":"https:\/\/api.w.org\/{rel}","templated":true}]}}