{"id":38198,"date":"2024-01-27T18:12:15","date_gmt":"2024-01-27T16:12:15","guid":{"rendered":"https:\/\/hookahshop.lt\/?post_type=product&#038;p=38198"},"modified":"2026-04-10T23:29:43","modified_gmt":"2026-04-10T20:29:43","slug":"kandiklis-kaljanui-orden-gold","status":"publish","type":"product","link":"https:\/\/hookahshop.lt\/pl\/produkt\/szisza-ustnik-orden-zloty\/","title":{"rendered":"Ustnik do fajki wodnej ORDEN Gold"},"content":{"rendered":"<h2>Ustnik do fajki wodnej ORDEN Gold<\/h2>\n<p>Wyko\u0144czenie uzyskuje si\u0119 poprzez polerowanie chemiczne, dlatego konstrukcja tego ustnika jest minimalistyczna. Nadaje si\u0119 do wi\u0119kszo\u015bci w\u0119\u017cy silikonowych i r\u00f3\u017cnego rodzaju jednorazowych ustnik\u00f3w.<\/p>\n<p><strong>Specyfikacje:<\/strong><br \/>\nKolor: z\u0142oty<br \/>\nMateria\u0142: Stal nierdzewna<br \/>\nD\u0142ugo\u015b\u0107: 34 cm<br \/>\nSzeroko\u015b\u0107: 1,3 cm<\/p>\n<p>Czy masz jakie\u015b pytania? Skontaktuj si\u0119 z nami\u00a0<a href=\"https:\/\/hookahshop.lt\/pl\/lacznosc\/\">strona z kontaktami<\/a>\u00a0lub napisz do nas na adres\u00a0<a href=\"https:\/\/facebook.com\/HookahShop.lt\/\" target=\"_blank\" rel=\"noopener\">konto na Facebooku<\/a>\u00a0a my odpowiemy na Twoj\u0105 pro\u015bb\u0119 tego samego dnia.<\/p>","protected":false},"excerpt":{"rendered":"<p>Ustnik do fajki wodnej ORDEN Gold Wyko\u0144czenie uzyskuje si\u0119 poprzez chemiczne polerowanie, dzi\u0119ki czemu konstrukcja tego ustnika jest minimalistyczna. Nadaje si\u0119 do wi\u0119kszo\u015bci w\u0119\u017cy silikonowych i r\u00f3\u017cnego rodzaju jednorazowych ustnik\u00f3w. Specyfikacje: Kolor: Z\u0142oto Materia\u0142: Stal nierdzewna D\u0142ugo\u015b\u0107: 34 cm Szeroko\u015b\u0107: 1,3 cm Pytania? Skontaktuj si\u0119 z nami na stronie kontaktowej lub napisz do nas na naszym koncie na Facebooku, a my odpowiemy na Twoj\u0105 pro\u015bb\u0119 jeszcze tego samego dnia.<\/p>","protected":false},"featured_media":38199,"comment_status":"open","ping_status":"closed","template":"","meta":[],"_links":{"self":[{"href":"https:\/\/hookahshop.lt\/pl\/wp-json\/wp\/v2\/product\/38198"}],"collection":[{"href":"https:\/\/hookahshop.lt\/pl\/wp-json\/wp\/v2\/product"}],"about":[{"href":"https:\/\/hookahshop.lt\/pl\/wp-json\/wp\/v2\/types\/product"}],"replies":[{"embeddable":true,"href":"https:\/\/hookahshop.lt\/pl\/wp-json\/wp\/v2\/comments?post=38198"}],"version-history":[{"count":1,"href":"https:\/\/hookahshop.lt\/pl\/wp-json\/wp\/v2\/product\/38198\/revisions"}],"predecessor-version":[{"id":38200,"href":"https:\/\/hookahshop.lt\/pl\/wp-json\/wp\/v2\/product\/38198\/revisions\/38200"}],"wp:featuredmedia":[{"embeddable":true,"href":"https:\/\/hookahshop.lt\/pl\/wp-json\/wp\/v2\/media\/38199"}],"wp:attachment":[{"href":"https:\/\/hookahshop.lt\/pl\/wp-json\/wp\/v2\/media?parent=38198"}],"curies":[{"name":"wp","href":"https:\/\/api.w.org\/{rel}","templated":true}]}}