{"id":38202,"date":"2024-01-27T18:19:07","date_gmt":"2024-01-27T16:19:07","guid":{"rendered":"https:\/\/hookahshop.lt\/?post_type=product&#038;p=38202"},"modified":"2026-04-09T12:29:21","modified_gmt":"2026-04-09T09:29:21","slug":"kandiklis-kaljanui-orden-silver","status":"publish","type":"product","link":"https:\/\/hookahshop.lt\/pl\/produkt\/ustnik-do-fajki-wodnej-orden-srebrny\/","title":{"rendered":"Ustnik do fajki wodnej ORDEN Srebrny"},"content":{"rendered":"<h2>Ustnik do fajki wodnej ORDEN Srebrny<\/h2>\n<p>Konstrukcja tego ustnika jest minimalistyczna i ma rowki u\u0142atwiaj\u0105ce trzymanie. Nadaje si\u0119 do wi\u0119kszo\u015bci w\u0119\u017cy silikonowych i r\u00f3\u017cnego rodzaju jednorazowych ustnik\u00f3w.<\/p>\n<p><strong>Specyfikacje:<\/strong><br \/>\nKolor: srebrny<br \/>\nMateria\u0142: Stal nierdzewna<br \/>\nD\u0142ugo\u015b\u0107: 32 cm<br \/>\nSzeroko\u015b\u0107: 1,3 cm<\/p>\n<p>Czy masz jakie\u015b pytania? Skontaktuj si\u0119 z nami\u00a0<a href=\"https:\/\/hookahshop.lt\/pl\/lacznosc\/\">strona z kontaktami<\/a>\u00a0lub napisz do nas na adres\u00a0<a href=\"https:\/\/facebook.com\/HookahShop.lt\/\" target=\"_blank\" rel=\"noopener\">konto na Facebooku<\/a>\u00a0a my odpowiemy na Twoj\u0105 pro\u015bb\u0119 tego samego dnia.<\/p>","protected":false},"excerpt":{"rendered":"<p>Ustnik do fajki wodnej ORDEN Silver Ten ustnik ma minimalistyczn\u0105 konstrukcj\u0119 z rowkami dla wygodniejszego przechowywania. Nadaje si\u0119 do wi\u0119kszo\u015bci w\u0119\u017cy silikonowych i r\u00f3\u017cnego rodzaju jednorazowych ustnik\u00f3w. Specyfikacje: Kolor: Srebrny Materia\u0142: Stal nierdzewna D\u0142ugo\u015b\u0107: 32 cm Szeroko\u015b\u0107: 1,3 cm Pytania? Skontaktuj si\u0119 z nami na stronie kontaktowej lub napisz do nas na naszym koncie na Facebooku, a my odpowiemy na Twoj\u0105 pro\u015bb\u0119 jeszcze tego samego dnia.<\/p>","protected":false},"featured_media":38203,"comment_status":"open","ping_status":"closed","template":"","meta":[],"_links":{"self":[{"href":"https:\/\/hookahshop.lt\/pl\/wp-json\/wp\/v2\/product\/38202"}],"collection":[{"href":"https:\/\/hookahshop.lt\/pl\/wp-json\/wp\/v2\/product"}],"about":[{"href":"https:\/\/hookahshop.lt\/pl\/wp-json\/wp\/v2\/types\/product"}],"replies":[{"embeddable":true,"href":"https:\/\/hookahshop.lt\/pl\/wp-json\/wp\/v2\/comments?post=38202"}],"version-history":[{"count":2,"href":"https:\/\/hookahshop.lt\/pl\/wp-json\/wp\/v2\/product\/38202\/revisions"}],"predecessor-version":[{"id":38261,"href":"https:\/\/hookahshop.lt\/pl\/wp-json\/wp\/v2\/product\/38202\/revisions\/38261"}],"wp:featuredmedia":[{"embeddable":true,"href":"https:\/\/hookahshop.lt\/pl\/wp-json\/wp\/v2\/media\/38203"}],"wp:attachment":[{"href":"https:\/\/hookahshop.lt\/pl\/wp-json\/wp\/v2\/media?parent=38202"}],"curies":[{"name":"wp","href":"https:\/\/api.w.org\/{rel}","templated":true}]}}