{"id":38206,"date":"2024-01-27T18:32:50","date_gmt":"2024-01-27T16:32:50","guid":{"rendered":"https:\/\/hookahshop.lt\/?post_type=product&#038;p=38206"},"modified":"2026-04-20T23:29:37","modified_gmt":"2026-04-20T20:29:37","slug":"kandiklis-kaljanui-starbuzz-phantom-su-zarna","status":"publish","type":"product","link":"https:\/\/hookahshop.lt\/pl\/produkt\/szisza-ustnik-starbuzz-phantom-z-wezem\/","title":{"rendered":"Ustnik do fajki wodnej STARBUZZ Phantom z w\u0119\u017cem"},"content":{"rendered":"<h2>Ustnik do fajki wodnej STARBUZZ Phantom z w\u0119\u017cem<\/h2>\n<p>Ameryka\u0144ska marka STARBUZZ PHANTOM wyposa\u017cona jest w silikonowy w\u0105\u017c z ustnikiem z anodyzowanego aluminium. Ustnik jest rze\u017abiony i pokryty mi\u0119kk\u0105 w dotyku gum\u0105 dla wygodniejszego trzymania. Ustnik z w\u0119\u017cem zapewnia przyjemne uczucie dymu i p\u0142ynny proces palenia.<\/p>\n<p><strong>Specyfikacje:<\/strong><br \/>\nCzarny kolor<br \/>\nMateria\u0142: aluminium<br \/>\nD\u0142ugo\u015b\u0107: 32 cm<br \/>\nKolor w\u0119\u017ca: Czarny (mi\u0119kki w dotyku)<br \/>\nD\u0142ugo\u015b\u0107 w\u0119\u017ca: 150 cm<\/p>\n<p><strong>Ekwipunek:<\/strong><br \/>\nPude\u0142ko, ustnik, w\u0105\u017c.<\/p>\n<p>Czy masz jakie\u015b pytania? Skontaktuj si\u0119 z nami\u00a0<a href=\"https:\/\/hookahshop.lt\/pl\/lacznosc\/\">strona z kontaktami<\/a>\u00a0lub napisz do nas na adres\u00a0<a href=\"https:\/\/facebook.com\/HookahShop.lt\/\" target=\"_blank\" rel=\"noopener\">konto na Facebooku<\/a>\u00a0a my odpowiemy na Twoj\u0105 pro\u015bb\u0119 tego samego dnia.<\/p>\n<p>&nbsp;<\/p>","protected":false},"excerpt":{"rendered":"<p>Ustnik do fajki wodnej STARBUZZ Phantom z w\u0119\u017cem Zestaw ameryka\u0144skiej marki STARBUZZ PHANTOM zawiera w\u0105\u017c silikonowy z ustnikiem z anodyzowanego aluminium. Ustnik jest rze\u017abiony i pokryty mi\u0119kk\u0105 w dotyku gum\u0105 dla wygodniejszego trzymania. Ustnik z w\u0119\u017cem zapewnia przyjemne uczucie dymu i p\u0142ynny proces palenia. Dane techniczne: Kolor: Czarny Materia\u0142: Aluminium D\u0142ugo\u015b\u0107: 32 cm Kolor w\u0119\u017ca: Czarny (mi\u0119kki w dotyku) D\u0142ugo\u015b\u0107 w\u0119\u017ca: [\u2026]<\/p>","protected":false},"featured_media":38207,"comment_status":"open","ping_status":"closed","template":"","meta":[],"_links":{"self":[{"href":"https:\/\/hookahshop.lt\/pl\/wp-json\/wp\/v2\/product\/38206"}],"collection":[{"href":"https:\/\/hookahshop.lt\/pl\/wp-json\/wp\/v2\/product"}],"about":[{"href":"https:\/\/hookahshop.lt\/pl\/wp-json\/wp\/v2\/types\/product"}],"replies":[{"embeddable":true,"href":"https:\/\/hookahshop.lt\/pl\/wp-json\/wp\/v2\/comments?post=38206"}],"version-history":[{"count":5,"href":"https:\/\/hookahshop.lt\/pl\/wp-json\/wp\/v2\/product\/38206\/revisions"}],"predecessor-version":[{"id":38260,"href":"https:\/\/hookahshop.lt\/pl\/wp-json\/wp\/v2\/product\/38206\/revisions\/38260"}],"wp:featuredmedia":[{"embeddable":true,"href":"https:\/\/hookahshop.lt\/pl\/wp-json\/wp\/v2\/media\/38207"}],"wp:attachment":[{"href":"https:\/\/hookahshop.lt\/pl\/wp-json\/wp\/v2\/media?parent=38206"}],"curies":[{"name":"wp","href":"https:\/\/api.w.org\/{rel}","templated":true}]}}