{"id":38225,"date":"2024-01-27T19:17:31","date_gmt":"2024-01-27T17:17:31","guid":{"rendered":"https:\/\/hookahshop.lt\/?post_type=product&#038;p=38225"},"modified":"2026-04-15T23:29:35","modified_gmt":"2026-04-15T20:29:35","slug":"zarna-silikonine-el-badia-black","status":"publish","type":"product","link":"https:\/\/hookahshop.lt\/pl\/produkt\/waz-silikon-el-badia-czarny\/","title":{"rendered":"W\u0105\u017c silikonowy EL BADIA Czarny"},"content":{"rendered":"<h2>W\u0105\u017c silikonowy EL BADIA Czarny<\/h2>\n<p>Wykonane z silikonu medycznego z pow\u0142ok\u0105 antystatyczn\u0105. Jest bezpieczny dla zdrowia, nie wydziela szkodliwych zanieczyszcze\u0144 po podgrzaniu i nie posiada obcych zapach\u00f3w. W\u0105\u017c silikonowy pokryty pow\u0142ok\u0105 \u201eSoft touch\u201d jest przyjemny w dotyku, nie zbiera kurzu, pozostaje elastyczny.<\/p>\n<p><strong>Specyfikacje:<\/strong><br \/>\nCzarny kolor<br \/>\nD\u0142ugo\u015b\u0107: 1,50 m<br \/>\nMateria\u0142: silikonowy mi\u0119kki w dotyku<\/p>\n<p>&nbsp;<\/p>\n<p>Czy masz jakie\u015b pytania? Skontaktuj si\u0119 z nami\u00a0<a href=\"https:\/\/hookahshop.lt\/pl\/lacznosc\/\">strona z kontaktami<\/a>\u00a0lub napisz do nas na adres\u00a0<a href=\"https:\/\/facebook.com\/HookahShop.lt\/\" target=\"_blank\" rel=\"noopener\">konto na Facebooku<\/a>\u00a0a my odpowiemy na Twoj\u0105 pro\u015bb\u0119 tego samego dnia.<\/p>","protected":false},"excerpt":{"rendered":"<p>W\u0105\u017c silikonowy EL BADIA Czarny Wykonany z silikonu medycznego z pow\u0142ok\u0105 antystatyczn\u0105. Jest bezpieczny dla zdrowia, nie wydziela szkodliwych zanieczyszcze\u0144 po podgrzaniu i nie wydziela obcych zapach\u00f3w. W\u0105\u017c silikonowy pokryty pow\u0142ok\u0105 \u201eSoft touch\u201d jest przyjemny w dotyku, nie zbiera kurzu, pozostaje elastyczny. Specyfikacja: Kolor: Czarny D\u0142ugo\u015b\u0107: 1,50 m Materia\u0142: Silikon Soft Touch Masz pytania? Skontaktuj si\u0119 z nami na stronie kontaktowej lub napisz do nas [\u2026]<\/p>","protected":false},"featured_media":38232,"comment_status":"open","ping_status":"closed","template":"","meta":[],"_links":{"self":[{"href":"https:\/\/hookahshop.lt\/pl\/wp-json\/wp\/v2\/product\/38225"}],"collection":[{"href":"https:\/\/hookahshop.lt\/pl\/wp-json\/wp\/v2\/product"}],"about":[{"href":"https:\/\/hookahshop.lt\/pl\/wp-json\/wp\/v2\/types\/product"}],"replies":[{"embeddable":true,"href":"https:\/\/hookahshop.lt\/pl\/wp-json\/wp\/v2\/comments?post=38225"}],"version-history":[{"count":3,"href":"https:\/\/hookahshop.lt\/pl\/wp-json\/wp\/v2\/product\/38225\/revisions"}],"predecessor-version":[{"id":38257,"href":"https:\/\/hookahshop.lt\/pl\/wp-json\/wp\/v2\/product\/38225\/revisions\/38257"}],"wp:featuredmedia":[{"embeddable":true,"href":"https:\/\/hookahshop.lt\/pl\/wp-json\/wp\/v2\/media\/38232"}],"wp:attachment":[{"href":"https:\/\/hookahshop.lt\/pl\/wp-json\/wp\/v2\/media?parent=38225"}],"curies":[{"name":"wp","href":"https:\/\/api.w.org\/{rel}","templated":true}]}}