{"id":38233,"date":"2024-01-27T19:33:00","date_gmt":"2024-01-27T17:33:00","guid":{"rendered":"https:\/\/hookahshop.lt\/?post_type=product&#038;p=38233"},"modified":"2026-04-15T12:29:40","modified_gmt":"2026-04-15T09:29:40","slug":"zarna-silikonine-el-badia-white","status":"publish","type":"product","link":"https:\/\/hookahshop.lt\/pl\/produkt\/waz-silikon-el-badia-bialy\/","title":{"rendered":"W\u0105\u017c silikonowy EL BADIA bia\u0142y"},"content":{"rendered":"<h2>W\u0105\u017c silikonowy EL BADIA bia\u0142y<\/h2>\n<p>Wykonane z silikonu medycznego z pow\u0142ok\u0105 antystatyczn\u0105. Jest bezpieczny dla zdrowia, nie wydziela szkodliwych zanieczyszcze\u0144 po podgrzaniu i nie posiada obcych zapach\u00f3w. W\u0105\u017c silikonowy pokryty pow\u0142ok\u0105 \u201eSoft touch\u201d jest przyjemny w dotyku, nie zbiera kurzu, pozostaje elastyczny.<\/p>\n<p><strong>Specyfikacje:<\/strong><br \/>\nKolor bia\u0142y<br \/>\nD\u0142ugo\u015b\u0107: 1,50 m<br \/>\nMateria\u0142: silikonowy mi\u0119kki w dotyku<\/p>\n<p>&nbsp;<\/p>\n<p>Czy masz jakie\u015b pytania? Skontaktuj si\u0119 z nami\u00a0<a href=\"https:\/\/hookahshop.lt\/pl\/lacznosc\/\">strona z kontaktami<\/a>\u00a0lub napisz do nas na adres\u00a0<a href=\"https:\/\/facebook.com\/HookahShop.lt\/\" target=\"_blank\" rel=\"noopener\">konto na Facebooku<\/a>\u00a0a my odpowiemy na Twoj\u0105 pro\u015bb\u0119 tego samego dnia.<\/p>","protected":false},"excerpt":{"rendered":"<p>W\u0105\u017c silikonowy EL BADIA bia\u0142y Wykonany z silikonu medycznego z pow\u0142ok\u0105 antystatyczn\u0105. Jest bezpieczny dla zdrowia, nie wydziela szkodliwych zanieczyszcze\u0144 po podgrzaniu i nie posiada obcych zapach\u00f3w. W\u0105\u017c silikonowy pokryty pow\u0142ok\u0105 \u201eSoft touch\u201d jest przyjemny w dotyku, nie zbiera kurzu, pozostaje elastyczny. Dane techniczne: Kolor: Bia\u0142y D\u0142ugo\u015b\u0107: 1,50 m Materia\u0142: silikonowy mi\u0119kki w dotyku Masz jakie\u015b pytania? Skontaktuj si\u0119 z nami na stronie kontaktowej lub napisz do nas [...]<\/p>","protected":false},"featured_media":38237,"comment_status":"open","ping_status":"closed","template":"","meta":[],"_links":{"self":[{"href":"https:\/\/hookahshop.lt\/pl\/wp-json\/wp\/v2\/product\/38233"}],"collection":[{"href":"https:\/\/hookahshop.lt\/pl\/wp-json\/wp\/v2\/product"}],"about":[{"href":"https:\/\/hookahshop.lt\/pl\/wp-json\/wp\/v2\/types\/product"}],"replies":[{"embeddable":true,"href":"https:\/\/hookahshop.lt\/pl\/wp-json\/wp\/v2\/comments?post=38233"}],"version-history":[{"count":2,"href":"https:\/\/hookahshop.lt\/pl\/wp-json\/wp\/v2\/product\/38233\/revisions"}],"predecessor-version":[{"id":38266,"href":"https:\/\/hookahshop.lt\/pl\/wp-json\/wp\/v2\/product\/38233\/revisions\/38266"}],"wp:featuredmedia":[{"embeddable":true,"href":"https:\/\/hookahshop.lt\/pl\/wp-json\/wp\/v2\/media\/38237"}],"wp:attachment":[{"href":"https:\/\/hookahshop.lt\/pl\/wp-json\/wp\/v2\/media?parent=38233"}],"curies":[{"name":"wp","href":"https:\/\/api.w.org\/{rel}","templated":true}]}}