{"id":38234,"date":"2024-01-27T19:44:01","date_gmt":"2024-01-27T17:44:01","guid":{"rendered":"https:\/\/hookahshop.lt\/?post_type=product&#038;p=38234"},"modified":"2026-04-20T23:29:37","modified_gmt":"2026-04-20T20:29:37","slug":"sepetelis-kaljano-sachtai-white-36cm","status":"publish","type":"product","link":"https:\/\/hookahshop.lt\/pl\/produkt\/sepetelis-szisza-zamki-biale-36cm\/","title":{"rendered":"P\u0119dzel do trzonka fajki wodnej Bia\u0142y 36cm"},"content":{"rendered":"<h2>P\u0119dzel do trzonka fajki wodnej Bia\u0142y 36cm<\/h2>\n<p>Metalowa szczotka druciana z nylonowym w\u0142osiem, idealna do czyszczenia trzonk\u00f3w fajek wodnych, misek, misek bonga i fajek.<\/p>\n<p><strong>Specyfikacje:<\/strong><br \/>\nD\u0142ugo\u015b\u0107: 36 cm<br \/>\nD\u0142ugo\u015b\u0107 w\u0142osia: 19cm<br \/>\nSzeroko\u015b\u0107: 1,5 cm<\/p>\n<p>&nbsp;<\/p>\n<p>Czy masz jakie\u015b pytania? Skontaktuj si\u0119 z nami\u00a0<a href=\"https:\/\/hookahshop.lt\/pl\/lacznosc\/\">strona z kontaktami<\/a>\u00a0lub napisz do nas na adres\u00a0<a href=\"https:\/\/facebook.com\/HookahShop.lt\/\" target=\"_blank\" rel=\"noopener\">konto na Facebooku<\/a>\u00a0a my odpowiemy na Twoj\u0105 pro\u015bb\u0119 tego samego dnia.<\/p>","protected":false},"excerpt":{"rendered":"<p>Szczotka do fajki wodnej Bia\u0142a 36 cm Szczotka druciana z nylonowym w\u0142osiem, dzi\u0119ki czemu idealnie nadaje si\u0119 do czyszczenia trzonk\u00f3w fajki wodnej, kubk\u00f3w, kubk\u00f3w do bonga i fajek. Dane techniczne: D\u0142ugo\u015b\u0107: 36 cm D\u0142ugo\u015b\u0107 w\u0142osia: 19 cm Szeroko\u015b\u0107: 1,5 cm Pytania? Skontaktuj si\u0119 z nami na stronie kontaktowej lub napisz do nas na naszym koncie na Facebooku, a my odpowiemy na Twoj\u0105 pro\u015bb\u0119 jeszcze tego samego dnia.<\/p>","protected":false},"featured_media":38240,"comment_status":"open","ping_status":"closed","template":"","meta":[],"_links":{"self":[{"href":"https:\/\/hookahshop.lt\/pl\/wp-json\/wp\/v2\/product\/38234"}],"collection":[{"href":"https:\/\/hookahshop.lt\/pl\/wp-json\/wp\/v2\/product"}],"about":[{"href":"https:\/\/hookahshop.lt\/pl\/wp-json\/wp\/v2\/types\/product"}],"replies":[{"embeddable":true,"href":"https:\/\/hookahshop.lt\/pl\/wp-json\/wp\/v2\/comments?post=38234"}],"version-history":[{"count":4,"href":"https:\/\/hookahshop.lt\/pl\/wp-json\/wp\/v2\/product\/38234\/revisions"}],"predecessor-version":[{"id":40079,"href":"https:\/\/hookahshop.lt\/pl\/wp-json\/wp\/v2\/product\/38234\/revisions\/40079"}],"wp:featuredmedia":[{"embeddable":true,"href":"https:\/\/hookahshop.lt\/pl\/wp-json\/wp\/v2\/media\/38240"}],"wp:attachment":[{"href":"https:\/\/hookahshop.lt\/pl\/wp-json\/wp\/v2\/media?parent=38234"}],"curies":[{"name":"wp","href":"https:\/\/api.w.org\/{rel}","templated":true}]}}