{"id":38243,"date":"2024-01-27T19:49:04","date_gmt":"2024-01-27T17:49:04","guid":{"rendered":"https:\/\/hookahshop.lt\/?post_type=product&#038;p=38243"},"modified":"2026-04-14T23:29:41","modified_gmt":"2026-04-14T20:29:41","slug":"sepetelis-kaljano-sachtai-white-20cm","status":"publish","type":"product","link":"https:\/\/hookahshop.lt\/pl\/produkt\/sepetelis-szisza-zamki-biale-20cm\/","title":{"rendered":"P\u0119dzel do trzonka fajki wodnej Bia\u0142y 20cm"},"content":{"rendered":"<h2>P\u0119dzel do trzonka fajki wodnej Bia\u0142y 20cm<\/h2>\n<p>Metalowa szczotka druciana z nylonowym w\u0142osiem, idealna do czyszczenia mniejszych trzonk\u00f3w fajek wodnych, misek, misek bonga i fajek.<\/p>\n<p><strong>Specyfikacje:<\/strong><br \/>\nD\u0142ugo\u015b\u0107: 20cm<br \/>\nD\u0142ugo\u015b\u0107 w\u0142osia: 12cm<br \/>\nSzeroko\u015b\u0107: 2cm<\/p>\n<p>&nbsp;<\/p>\n<p>Czy masz jakie\u015b pytania? Skontaktuj si\u0119 z nami\u00a0<a href=\"https:\/\/hookahshop.lt\/pl\/lacznosc\/\">strona z kontaktami<\/a>\u00a0lub napisz do nas na adres\u00a0<a href=\"https:\/\/facebook.com\/HookahShop.lt\/\" target=\"_blank\" rel=\"noopener\">konto na Facebooku<\/a>\u00a0a my odpowiemy na Twoj\u0105 pro\u015bb\u0119 tego samego dnia.<\/p>","protected":false},"excerpt":{"rendered":"<p>Szczotka do trzonka fajki wodnej Bia\u0142a 20cm Szczotka druciana z nylonowego w\u0142osia, dzi\u0119ki czemu idealnie nadaje si\u0119 do czyszczenia mniejszych trzonk\u00f3w fajki wodnej, kubk\u00f3w, kubk\u00f3w do bonga i fajek. Dane techniczne: D\u0142ugo\u015b\u0107: 20 cm D\u0142ugo\u015b\u0107 w\u0142osia: 12 cm Szeroko\u015b\u0107: 2 cm Masz pytania? Skontaktuj si\u0119 z nami na stronie kontaktowej lub napisz do nas na naszym koncie na Facebooku, a my odpowiemy na Twoj\u0105 pro\u015bb\u0119 jeszcze tego samego dnia.<\/p>","protected":false},"featured_media":38244,"comment_status":"open","ping_status":"closed","template":"","meta":[],"_links":{"self":[{"href":"https:\/\/hookahshop.lt\/pl\/wp-json\/wp\/v2\/product\/38243"}],"collection":[{"href":"https:\/\/hookahshop.lt\/pl\/wp-json\/wp\/v2\/product"}],"about":[{"href":"https:\/\/hookahshop.lt\/pl\/wp-json\/wp\/v2\/types\/product"}],"replies":[{"embeddable":true,"href":"https:\/\/hookahshop.lt\/pl\/wp-json\/wp\/v2\/comments?post=38243"}],"version-history":[{"count":5,"href":"https:\/\/hookahshop.lt\/pl\/wp-json\/wp\/v2\/product\/38243\/revisions"}],"predecessor-version":[{"id":45720,"href":"https:\/\/hookahshop.lt\/pl\/wp-json\/wp\/v2\/product\/38243\/revisions\/45720"}],"wp:featuredmedia":[{"embeddable":true,"href":"https:\/\/hookahshop.lt\/pl\/wp-json\/wp\/v2\/media\/38244"}],"wp:attachment":[{"href":"https:\/\/hookahshop.lt\/pl\/wp-json\/wp\/v2\/media?parent=38243"}],"curies":[{"name":"wp","href":"https:\/\/api.w.org\/{rel}","templated":true}]}}