{"id":38450,"date":"2024-03-03T19:39:42","date_gmt":"2024-03-03T17:39:42","guid":{"rendered":"https:\/\/hookahshop.lt\/?post_type=product&#038;p=38450"},"modified":"2026-04-15T12:29:40","modified_gmt":"2026-04-15T09:29:40","slug":"taurele-kaljanui-cosmo-turkish-classic","status":"publish","type":"product","link":"https:\/\/hookahshop.lt\/pl\/produkt\/filizanka-szisza-kosmo-turecka-klasyczna\/","title":{"rendered":"Fili\u017canka do fajki wodnej COSMO Turecka klasyka"},"content":{"rendered":"<h2>Fili\u017canka do fajki wodnej COSMO Turecka klasyka<\/h2>\n<p>Dobrze rozprasza ciep\u0142o, doskonale oddaje smak tytoniu. Kubek nadaje si\u0119 do lekkich, \u015brednich i mocnych sesji. Uniwersalna opcja dla wszystkich rodzaj\u00f3w tytoniu do fajki wodnej. Dno kubka nie nagrzewa si\u0119 ze wzgl\u0119du na g\u0119st\u0105 glin\u0119, dlatego mo\u017cna go bezpiecznie i wygodnie wyj\u0105\u0107 po sesji fajki wodnej.<br \/>\nW kubku mie\u015bci si\u0119 ~18-25 g tytoniu (w zale\u017cno\u015bci od zastosowanego sposobu pakowania).<\/p>\n<p><strong>Specyfikacje:<\/strong><br \/>\nTyp: turecki<br \/>\nMateria\u0142: glina<br \/>\nWysoko\u015b\u0107: ~8,5 cm<br \/>\n\u015arednica (zewn\u0119trzna): ~6,8 cm<\/p>\n<p>&nbsp;<\/p>\n<p>Czy masz jakie\u015b pytania? Skontaktuj si\u0119 z nami\u00a0<a href=\"https:\/\/hookahshop.lt\/pl\/lacznosc\/\">strona z kontaktami<\/a>\u00a0lub napisz do nas na adres\u00a0<a href=\"https:\/\/facebook.com\/HookahShop.lt\/\" target=\"_blank\" rel=\"noopener\">konto na Facebooku<\/a>\u00a0a my odpowiemy na Twoj\u0105 pro\u015bb\u0119 tego samego dnia.<\/p>","protected":false},"excerpt":{"rendered":"<p>Fili\u017canka do fajki wodnej COSMO Turkish Classic Dobrze rozprasza ciep\u0142o, doskonale eksponuje smak tytoniu. Kubek nadaje si\u0119 do lekkich, \u015brednich i mocnych sesji. Uniwersalna opcja dla wszystkich rodzaj\u00f3w tytoniu do fajki wodnej. Dno kubka nie nagrzewa si\u0119 ze wzgl\u0119du na g\u0119st\u0105 glin\u0119, dlatego mo\u017cna go bezpiecznie i wygodnie wyj\u0105\u0107 po seansie z fajk\u0105 wodn\u0105. W kubku mie\u015bci si\u0119 ~18-25 g tytoniu (w zale\u017cno\u015bci od zastosowanego sposobu pakowania). Dane techniczne: Typ: turecki [\u2026]<\/p>","protected":false},"featured_media":38456,"comment_status":"open","ping_status":"closed","template":"","meta":[],"_links":{"self":[{"href":"https:\/\/hookahshop.lt\/pl\/wp-json\/wp\/v2\/product\/38450"}],"collection":[{"href":"https:\/\/hookahshop.lt\/pl\/wp-json\/wp\/v2\/product"}],"about":[{"href":"https:\/\/hookahshop.lt\/pl\/wp-json\/wp\/v2\/types\/product"}],"replies":[{"embeddable":true,"href":"https:\/\/hookahshop.lt\/pl\/wp-json\/wp\/v2\/comments?post=38450"}],"version-history":[{"count":3,"href":"https:\/\/hookahshop.lt\/pl\/wp-json\/wp\/v2\/product\/38450\/revisions"}],"predecessor-version":[{"id":45614,"href":"https:\/\/hookahshop.lt\/pl\/wp-json\/wp\/v2\/product\/38450\/revisions\/45614"}],"wp:featuredmedia":[{"embeddable":true,"href":"https:\/\/hookahshop.lt\/pl\/wp-json\/wp\/v2\/media\/38456"}],"wp:attachment":[{"href":"https:\/\/hookahshop.lt\/pl\/wp-json\/wp\/v2\/media?parent=38450"}],"curies":[{"name":"wp","href":"https:\/\/api.w.org\/{rel}","templated":true}]}}