{"id":38654,"date":"2024-03-24T14:00:20","date_gmt":"2024-03-24T12:00:20","guid":{"rendered":"https:\/\/hookahshop.lt\/?post_type=product&#038;p=38654"},"modified":"2025-11-06T20:59:54","modified_gmt":"2025-11-06T18:59:54","slug":"kavos-pupeles-coffee-cruise-sweet-brazil","status":"publish","type":"product","link":"https:\/\/hookahshop.lt\/pl\/produkt\/kawa-ziarnista-kawa-rejs-slodka-brazylia\/","title":{"rendered":"Kawa ziarnista KAWOWA REJS S\u0142odka Brazylia 1kg"},"content":{"rendered":"<h2>Kawa ziarnista KAWOWA REJS S\u0142odka Brazylia 1kg<\/h2>\n<p>Kawa o zr\u00f3wnowa\u017conym smaku, charakteryzuj\u0105ca si\u0119 nisk\u0105 kwasowo\u015bci\u0105. Intensywny, d\u0142ugotrwa\u0142y posmak, kt\u00f3ry si\u0119 wyr\u00f3\u017cnia <strong><em>orzechy<\/em><\/strong>,\u00a0<em><strong>gorzka czekolada<\/strong><\/em>\u00a0I\u00a0<strong><em>suszone owoce<\/em><\/strong> nuty zapraszaj\u0105 Ci\u0119 do ponownego cieszenia si\u0119 s\u0142odkim brazylijskim s\u0142o\u0144cem. Smak jest \u0142agodny i bardzo przyjemny. Goryczka ciemnej czekolady podczas picia tej kawy przypadnie do gustu mi\u0142o\u015bnikom kawy, kt\u00f3rzy racz\u0105 si\u0119 kilkoma fili\u017cankami w ci\u0105gu dnia. D\u0142ugi okres przygotowania ziaren kawy nadaje jej dojrza\u0142o\u015b\u0107, solidno\u015b\u0107 i dobre walory smakowe, kt\u00f3re ceni\u0105 prawdziwi koneserzy kawy.<\/p>\n<p><strong>Cechy:<\/strong><\/p>\n<ul>\n<li>Rodzaj kawy: Arabika 100%<\/li>\n<li>Si\u0142a: 4\/10<\/li>\n<li>Pra\u017cenie:\u00a0<strong>Przeci\u0119tny<\/strong>.<\/li>\n<li>Cia\u0142o:<strong>\u00a0\u0141atwy.<\/strong>\u00a0Idealny do delektowania si\u0119 \u0142agodn\u0105 kaw\u0105;<\/li>\n<li>Aromat i s\u0142odycz:\u00a0<strong>Kakao i czekolada.<\/strong><\/li>\n<li>Gorycz:\u00a0<strong>Orzechy.<\/strong><\/li>\n<li>P\u0142odno\u015b\u0107:\u00a0<strong>Rodzynki.<\/strong><\/li>\n<li><b>Op\u0142aca si\u0119 kupi\u0107:<\/b> 1 kg \u2248 100 fili\u017canek kawy,<\/li>\n<li>Wysoce polecany\u00a0<b>do ekspres\u00f3w do kawy<\/b>.<\/li>\n<\/ul>\n<p>Czy masz jakie\u015b pytania? Skontaktuj si\u0119 z nami\u00a0<a href=\"https:\/\/hookahshop.lt\/pl\/lacznosc\/\">strona z kontaktami<\/a>\u00a0lub napisz do nas na adres\u00a0<a href=\"https:\/\/facebook.com\/HookahShop.lt\/\" target=\"_blank\" rel=\"noopener\">konto na Facebooku<\/a>\u00a0a my odpowiemy na Twoj\u0105 pro\u015bb\u0119 tego samego dnia.<\/p>\n<p>&nbsp;<\/p>\n<p>&nbsp;<\/p>","protected":false},"excerpt":{"rendered":"<p>Kawa ziarnista COFFEE CRUISE S\u0142odka Brazylia 1kg Kawa o zr\u00f3wnowa\u017conym smaku, charakteryzuj\u0105ca si\u0119 nisk\u0105 kwasowo\u015bci\u0105. Intensywny, d\u0142ugotrwa\u0142y posmak, w kt\u00f3rym wy\u0142aniaj\u0105 si\u0119 nuty orzech\u00f3w, ciemnej czekolady i suszonych owoc\u00f3w, sk\u0142oni Ci\u0119 do ponownego skosztowania s\u0142odkiego brazylijskiego s\u0142o\u0144ca. Smak jest \u0142agodny i bardzo przyjemny. Goryczka ciemnej czekolady podczas picia tej kawy przypadnie do gustu mi\u0142o\u015bnikom kawy, kt\u00f3rzy racz\u0105 si\u0119 kilkoma fili\u017cankami w ci\u0105gu dnia. D\u0142uga kawa [\u2026]<\/p>","protected":false},"featured_media":38655,"comment_status":"open","ping_status":"closed","template":"","meta":[],"_links":{"self":[{"href":"https:\/\/hookahshop.lt\/pl\/wp-json\/wp\/v2\/product\/38654"}],"collection":[{"href":"https:\/\/hookahshop.lt\/pl\/wp-json\/wp\/v2\/product"}],"about":[{"href":"https:\/\/hookahshop.lt\/pl\/wp-json\/wp\/v2\/types\/product"}],"replies":[{"embeddable":true,"href":"https:\/\/hookahshop.lt\/pl\/wp-json\/wp\/v2\/comments?post=38654"}],"version-history":[{"count":5,"href":"https:\/\/hookahshop.lt\/pl\/wp-json\/wp\/v2\/product\/38654\/revisions"}],"predecessor-version":[{"id":39138,"href":"https:\/\/hookahshop.lt\/pl\/wp-json\/wp\/v2\/product\/38654\/revisions\/39138"}],"wp:featuredmedia":[{"embeddable":true,"href":"https:\/\/hookahshop.lt\/pl\/wp-json\/wp\/v2\/media\/38655"}],"wp:attachment":[{"href":"https:\/\/hookahshop.lt\/pl\/wp-json\/wp\/v2\/media?parent=38654"}],"curies":[{"name":"wp","href":"https:\/\/api.w.org\/{rel}","templated":true}]}}