{"id":38680,"date":"2024-03-24T14:31:53","date_gmt":"2024-03-24T12:31:53","guid":{"rendered":"https:\/\/hookahshop.lt\/?post_type=product&#038;p=38680"},"modified":"2025-11-06T20:59:53","modified_gmt":"2025-11-06T18:59:53","slug":"malta-kava-coffee-cruise-santos-250g","status":"publish","type":"product","link":"https:\/\/hookahshop.lt\/pl\/produkt\/kawa-mielona-cruise-santos-250g\/","title":{"rendered":"Kawa mielona COFFEE CRUISE Santos 250g"},"content":{"rendered":"<h2>Kawa mielona COFFEE CRUISE Santos 250g<\/h2>\n<p>Charakteryzuje si\u0119 nisk\u0105 kwasowo\u015bci\u0105. Mi\u0142o\u015bnicy zr\u00f3wnowa\u017conego smaku b\u0119d\u0105 zachwyceni t\u0105 kaw\u0105 <b><strong><i><em>czekolada i owoce<\/em><\/i><\/strong><\/b>\u00a0nuty i przyjemnie s\u0142odkie\u00a0<i><em><b><strong>karmelki<\/strong><\/b><\/em><\/i> aromat. To kawa, w kt\u00f3rej dominuj\u0105 delikatne nuty, kt\u00f3re pozwalaj\u0105 poczu\u0107 bogaty smak kawy i pow\u0105cha\u0107 jej aromat. Po\u0142\u0105czenie s\u0142odyczy i goryczy kawy jest tak delikatne i harmonijne, \u017ce cz\u0119sto okre\u015bla si\u0119 je zbiorczo jako oznak\u0119 kawy wysokiej jako\u015bci. Kawa uprawiana w Brazylii uznawana jest za wyj\u0105tkowo aromatyczn\u0105, z wyra\u017anym karmelowym posmakiem i subteln\u0105 goryczk\u0105, co sugeruje, \u017ce kawa by\u0142a zbierana w okresie maksymalnej dojrza\u0142o\u015bci.<\/p>\n<p><strong>Cechy:<\/strong><\/p>\n<ul>\n<li>Rodzaj kawy: Arabika 100%<\/li>\n<li>Si\u0142a: 4\/10<\/li>\n<li>Pra\u017cenie:\u00a0<strong>Przeci\u0119tny<\/strong>.<\/li>\n<li>Cia\u0142o:<strong>\u00a0\u0141atwy.<\/strong>\u00a0Idealny do delektowania si\u0119 \u0142agodn\u0105 kaw\u0105;<\/li>\n<li>Aromat i s\u0142odycz:\u00a0<strong>Karmelki.<\/strong><\/li>\n<li>Gorycz:\u00a0<strong>Gorzka czekolada.<\/strong><\/li>\n<li>P\u0142odno\u015b\u0107:\u00a0<strong>Daktyle.<\/strong><\/li>\n<li aria-level=\"1\"><b>Op\u0142aca si\u0119 kupi\u0107:<\/b> 250g \u2248 20 fili\u017canek kawy.<\/li>\n<li aria-level=\"1\">Wysoce polecany\u00a0<b>do ekspres\u00f3w do kawy<\/b>.<\/li>\n<\/ul>\n<p>Czy masz jakie\u015b pytania? Skontaktuj si\u0119 z nami\u00a0<a href=\"https:\/\/hookahshop.lt\/pl\/lacznosc\/\">strona z kontaktami<\/a>\u00a0lub napisz do nas na adres\u00a0<a href=\"https:\/\/facebook.com\/HookahShop.lt\/\" target=\"_blank\" rel=\"noopener\">konto na Facebooku<\/a>\u00a0a my odpowiemy na Twoj\u0105 pro\u015bb\u0119 tego samego dnia.<\/p>","protected":false},"excerpt":{"rendered":"<p>Kawa mielona COFFEE CRUISE Santos 250g Charakteryzuje si\u0119 nisk\u0105 kwasowo\u015bci\u0105. Mi\u0142o\u015bnicy zr\u00f3wnowa\u017conego smaku b\u0119d\u0105 zachwyceni t\u0105 kaw\u0105 z nutami czekolady i owoc\u00f3w oraz przyjemnie s\u0142odkim karmelowym aromatem. To kawa, w kt\u00f3rej dominuj\u0105 delikatne nuty, kt\u00f3re pozwalaj\u0105 poczu\u0107 bogaty smak kawy i pow\u0105cha\u0107 jej aromat. Po\u0142\u0105czenie s\u0142odyczy i goryczy kawy \u2013 jest na tyle delikatne i harmonijne, \u017ce cz\u0119sto okre\u015bla si\u0119 j\u0105 zbiorczo mianem kawy jako\u015bciowej [...]<\/p>","protected":false},"featured_media":38681,"comment_status":"open","ping_status":"closed","template":"","meta":[],"_links":{"self":[{"href":"https:\/\/hookahshop.lt\/pl\/wp-json\/wp\/v2\/product\/38680"}],"collection":[{"href":"https:\/\/hookahshop.lt\/pl\/wp-json\/wp\/v2\/product"}],"about":[{"href":"https:\/\/hookahshop.lt\/pl\/wp-json\/wp\/v2\/types\/product"}],"replies":[{"embeddable":true,"href":"https:\/\/hookahshop.lt\/pl\/wp-json\/wp\/v2\/comments?post=38680"}],"version-history":[{"count":3,"href":"https:\/\/hookahshop.lt\/pl\/wp-json\/wp\/v2\/product\/38680\/revisions"}],"predecessor-version":[{"id":39135,"href":"https:\/\/hookahshop.lt\/pl\/wp-json\/wp\/v2\/product\/38680\/revisions\/39135"}],"wp:featuredmedia":[{"embeddable":true,"href":"https:\/\/hookahshop.lt\/pl\/wp-json\/wp\/v2\/media\/38681"}],"wp:attachment":[{"href":"https:\/\/hookahshop.lt\/pl\/wp-json\/wp\/v2\/media?parent=38680"}],"curies":[{"name":"wp","href":"https:\/\/api.w.org\/{rel}","templated":true}]}}