{"id":38693,"date":"2024-03-24T15:10:20","date_gmt":"2024-03-24T13:10:20","guid":{"rendered":"https:\/\/hookahshop.lt\/?post_type=product&#038;p=38693"},"modified":"2025-11-06T20:59:52","modified_gmt":"2025-11-06T18:59:52","slug":"malta-kava-coffee-cruise-peru-250g","status":"publish","type":"product","link":"https:\/\/hookahshop.lt\/pl\/produkt\/kawa-mielona-kawa-rejs-peru-250g\/","title":{"rendered":"Kawa mielona COFFEE CRUISE Peru 250g"},"content":{"rendered":"<h2>Kawa mielona COFFEE CRUISE Peru 250g<\/h2>\n<p>To kawa zbierana wy\u0142\u0105cznie ludzkimi r\u0119kami, rezygnuj\u0105c z technologii, dok\u0142adnie oceniaj\u0105c i monitoruj\u0105c ca\u0142y proces zbierania i przetwarzania kawy. Posiadanie delikatnej, mi\u0142ej osobowo\u015bci <strong>migda\u0142y<\/strong>\u00a0dodana goryczka\u00a0<strong>karmelki<\/strong>\u00a0s\u0142odycz i ledwo wyczuwalna\u00a0<strong>orzechy<\/strong> posmaku, zaskakuje lekko\u015bci\u0105 i delikatno\u015bci\u0105. Owocowo\u015b\u0107 jag\u00f3d jest ledwo wyczuwalna, a przyjemna kwasowo\u015b\u0107 zach\u0119ca do wypicia kolejnego \u0142yku, delektowania si\u0119 nim powoli i niespiesznie. Koneserzy kawy szczeg\u00f3lnie doceniaj\u0105 wyj\u0105tkowy aromat kawy peruwia\u0144skiej, kt\u00f3ra charakteryzuje si\u0119 aromatem zi\u00f3\u0142 i kwiat\u00f3w. A po degustacji orzechy i karmel, migda\u0142owa goryczka i ledwo czu\u0107 gr\u0119 gorzkiej czekolady.<\/p>\n<p><strong>Cechy:<\/strong><\/p>\n<ul>\n<li>Rodzaj kawy: Arabika 100%<\/li>\n<li>Si\u0142a: 5\/10<\/li>\n<li>Pra\u017cenie:\u00a0<strong>Przeci\u0119tny<\/strong>.<\/li>\n<li>Cia\u0142o:<strong>\u00a0\u0141atwy.<\/strong>\u00a0Idealny do delektowania si\u0119 \u0142agodn\u0105 kaw\u0105;<\/li>\n<li>Aromat i s\u0142odycz:\u00a0<strong>Karmel i zio\u0142a.<\/strong><\/li>\n<li>Gorycz:\u00a0<strong>migda\u0142y<\/strong><strong>.<\/strong><\/li>\n<li>P\u0142odno\u015b\u0107:\u00a0<strong>Jagody<\/strong><strong>.<\/strong><\/li>\n<li aria-level=\"1\"><b>Op\u0142aca si\u0119 kupi\u0107:<\/b> 1 kg \u2248 100 fili\u017canek kawy.<\/li>\n<li aria-level=\"1\">Wysoce polecany\u00a0<b>do ekspres\u00f3w do kawy<\/b>.<\/li>\n<\/ul>\n<p>Czy masz jakie\u015b pytania? Skontaktuj si\u0119 z nami\u00a0<a href=\"https:\/\/hookahshop.lt\/pl\/lacznosc\/\">strona z kontaktami<\/a>\u00a0lub napisz do nas na adres\u00a0<a href=\"https:\/\/facebook.com\/HookahShop.lt\/\" target=\"_blank\" rel=\"noopener\">konto na Facebooku<\/a>\u00a0a my odpowiemy na Twoj\u0105 pro\u015bb\u0119 tego samego dnia.<\/p>\n<p>&nbsp;<\/p>","protected":false},"excerpt":{"rendered":"<p>Kawa mielona COFFEE CRUISE Peru 250g Jest to kawa zbierana wy\u0142\u0105cznie ludzkimi r\u0119kami, po porzuceniu tej techniki, dok\u0142adnej ocenie i monitorowaniu ca\u0142ego procesu zbierania i przetwarzania kawy. Zawieraj\u0105cy \u0142agodn\u0105, przyjemn\u0105 goryczk\u0119 migda\u0142\u00f3w, kt\u00f3r\u0105 dope\u0142nia s\u0142odycz karmelu i ledwo wyczuwalny posmak orzech\u00f3w, zaskakuje lekko\u015bci\u0105 i delikatno\u015bci\u0105. Owocowo\u015b\u0107 jag\u00f3d jest ledwo wyczuwalna, a przyjemna kwasowo\u015b\u0107 zach\u0119ca do spr\u00f3bowania kolejnego \u0142yku, powolnego delektowania si\u0119 [...]<\/p>","protected":false},"featured_media":38696,"comment_status":"open","ping_status":"closed","template":"","meta":[],"_links":{"self":[{"href":"https:\/\/hookahshop.lt\/pl\/wp-json\/wp\/v2\/product\/38693"}],"collection":[{"href":"https:\/\/hookahshop.lt\/pl\/wp-json\/wp\/v2\/product"}],"about":[{"href":"https:\/\/hookahshop.lt\/pl\/wp-json\/wp\/v2\/types\/product"}],"replies":[{"embeddable":true,"href":"https:\/\/hookahshop.lt\/pl\/wp-json\/wp\/v2\/comments?post=38693"}],"version-history":[{"count":3,"href":"https:\/\/hookahshop.lt\/pl\/wp-json\/wp\/v2\/product\/38693\/revisions"}],"predecessor-version":[{"id":39133,"href":"https:\/\/hookahshop.lt\/pl\/wp-json\/wp\/v2\/product\/38693\/revisions\/39133"}],"wp:featuredmedia":[{"embeddable":true,"href":"https:\/\/hookahshop.lt\/pl\/wp-json\/wp\/v2\/media\/38696"}],"wp:attachment":[{"href":"https:\/\/hookahshop.lt\/pl\/wp-json\/wp\/v2\/media?parent=38693"}],"curies":[{"name":"wp","href":"https:\/\/api.w.org\/{rel}","templated":true}]}}