{"id":38701,"date":"2024-03-24T15:27:02","date_gmt":"2024-03-24T13:27:02","guid":{"rendered":"https:\/\/hookahshop.lt\/?post_type=product&#038;p=38701"},"modified":"2026-04-14T23:29:48","modified_gmt":"2026-04-14T20:29:48","slug":"kavos-pupeles-coffee-cruise-nicaragua-1kg","status":"publish","type":"product","link":"https:\/\/hookahshop.lt\/pl\/produkt\/kawa-ziarna-rejs-kawowy-nikaragua-1kg\/","title":{"rendered":"Kawa ziarnista KAWOWA REJS Nikaragua 1kg"},"content":{"rendered":"<h2>Kawa ziarnista KAWOWA REJS Nikaragua 1kg<\/h2>\n<p>Ziarna kawy w regionie Nikaragui s\u0105 niezwykle du\u017ce, dlatego jest to jedna z zalet zbior\u00f3w kawy w tym regionie. Procesy zbierania i przetwarzania kawy odbywaj\u0105 si\u0119 wy\u0142\u0105cznie za pomoc\u0105 ludzkich r\u0105k. Kawa z Nikaragui kusi swoich mi\u0142o\u015bnik\u00f3w przyjemnym aromatem karmelu i czekolady, kt\u00f3ry unosi si\u0119 zaraz po zaparzeniu kawy lub naci\u015bni\u0119ciu przycisku ekspresu. Lekki owocowy posmak bawi si\u0119 <strong>kakao<\/strong>\u00a0charakterystyczna goryczka, och\u00a0<strong>Mi\u00f3d<\/strong>\u00a0s\u0142odycz dodaje ca\u0142o\u015bci tekstury. Ju\u017c pierwszy \u0142yk kawy z Nikaragui sprawi, \u017ce poczujesz si\u0119 lepiej\u00a0<strong>karmel<\/strong>\u00a0nuta przeplataj\u0105ca si\u0119 ze \u015bwie\u017co\u015bci\u0105\u00a0<strong>cytryny<\/strong>,\u00a0<strong>mandarynki<\/strong>\u00a0z posmakiem, kt\u00f3ry uzupe\u0142nia\u00a0<strong>morela<\/strong>\u00a0owocowa s\u0142odycz. G\u0142adka, kremowa pianka \u015bwiadczy o intensywnym smaku kawy. Delikatnie rozprzestrzeniaj\u0105cy si\u0119 aromat rozgrzeje Ci\u0119\u00a0<strong>karmel<\/strong>. To wie\u0144czy wszystko\u00a0<strong>czekolada<\/strong> po\u0142\u0105czenie cierpko\u015bci i s\u0142odyczy.<\/p>\n<p><strong>Cechy:<\/strong><\/p>\n<ul>\n<li>Rodzaj kawy: Arabika 100%<\/li>\n<li>Si\u0142a: 9\/10<\/li>\n<li>Pra\u017cenie:\u00a0<strong>Przeci\u0119tny<\/strong>.<\/li>\n<li>Cia\u0142o:<strong>\u00a0Przeci\u0119tny.<\/strong> Idealny do delektowania si\u0119 wyj\u0105tkow\u0105 kaw\u0105.<\/li>\n<li>Aromat i s\u0142odycz:\u00a0<strong>Karmel i mi\u00f3d.<\/strong><\/li>\n<li>Gorycz:\u00a0<strong>Kakao<\/strong><strong>.<\/strong><\/li>\n<li>P\u0142odno\u015b\u0107:\u00a0<strong>Owoce cytrusowe<\/strong><strong>.<\/strong><\/li>\n<li aria-level=\"1\"><b>Op\u0142aca si\u0119 kupi\u0107:<\/b> 250g \u2248 20 fili\u017canek kawy.<\/li>\n<li aria-level=\"1\">Wysoce polecany\u00a0<b>do ekspres\u00f3w do kawy<\/b>.<\/li>\n<\/ul>\n<p>Czy masz jakie\u015b pytania? Skontaktuj si\u0119 z nami\u00a0<a href=\"https:\/\/hookahshop.lt\/pl\/lacznosc\/\">strona z kontaktami<\/a>\u00a0lub napisz do nas na adres\u00a0<a href=\"https:\/\/facebook.com\/HookahShop.lt\/\" target=\"_blank\" rel=\"noopener\">konto na Facebooku<\/a>\u00a0a my odpowiemy na Twoj\u0105 pro\u015bb\u0119 tego samego dnia.<\/p>\n<p>&nbsp;<\/p>\n<p>&nbsp;<\/p>","protected":false},"excerpt":{"rendered":"<p>Kawa ziarnista KAWOWY REJS Nikaragua 1kg Ziarna kawy z regionu Nikaragui s\u0105 niezwykle du\u017ce, co jest jedn\u0105 z zalet zbior\u00f3w kawy w tym regionie. Procesy zbierania i przetwarzania kawy odbywaj\u0105 si\u0119 wy\u0142\u0105cznie za pomoc\u0105 ludzkich r\u0105k. Kawa z Nikaragui kusi swoich mi\u0142o\u015bnik\u00f3w przyjemnym aromatem karmelu i czekolady, kt\u00f3ry unosi si\u0119 zaraz po zaparzeniu kawy lub naci\u015bni\u0119ciu przycisku ekspresu. Lekki owocowy posmak odgrywa [\u2026]<\/p>","protected":false},"featured_media":38702,"comment_status":"open","ping_status":"closed","template":"","meta":[],"_links":{"self":[{"href":"https:\/\/hookahshop.lt\/pl\/wp-json\/wp\/v2\/product\/38701"}],"collection":[{"href":"https:\/\/hookahshop.lt\/pl\/wp-json\/wp\/v2\/product"}],"about":[{"href":"https:\/\/hookahshop.lt\/pl\/wp-json\/wp\/v2\/types\/product"}],"replies":[{"embeddable":true,"href":"https:\/\/hookahshop.lt\/pl\/wp-json\/wp\/v2\/comments?post=38701"}],"version-history":[{"count":5,"href":"https:\/\/hookahshop.lt\/pl\/wp-json\/wp\/v2\/product\/38701\/revisions"}],"predecessor-version":[{"id":43858,"href":"https:\/\/hookahshop.lt\/pl\/wp-json\/wp\/v2\/product\/38701\/revisions\/43858"}],"wp:featuredmedia":[{"embeddable":true,"href":"https:\/\/hookahshop.lt\/pl\/wp-json\/wp\/v2\/media\/38702"}],"wp:attachment":[{"href":"https:\/\/hookahshop.lt\/pl\/wp-json\/wp\/v2\/media?parent=38701"}],"curies":[{"name":"wp","href":"https:\/\/api.w.org\/{rel}","templated":true}]}}