{"id":38717,"date":"2024-03-24T15:50:39","date_gmt":"2024-03-24T13:50:39","guid":{"rendered":"https:\/\/hookahshop.lt\/?post_type=product&#038;p=38717"},"modified":"2025-11-06T20:59:51","modified_gmt":"2025-11-06T18:59:51","slug":"malta-kava-coffee-cruise-colombia-250g","status":"publish","type":"product","link":"https:\/\/hookahshop.lt\/pl\/produkt\/kawa-mielona-kawa-rejs-kolumbia-250g\/","title":{"rendered":"Kawa mielona COFFEE CRUISE Kolumbia 250g"},"content":{"rendered":"<h2>Kawa mielona COFFEE CRUISE Kolumbia 250g<\/h2>\n<p>Delikatny <strong>karmel<\/strong>\u00a0notatki powi\u0105zane z\u00a0<strong>czekolada<\/strong>\u00a0goryczka, kt\u00f3r\u0105 uzupe\u0142nia dojrza\u0142o\u015b\u0107\u00a0<strong>wi\u015bnia<\/strong>\u00a0kwasowo\u015b\u0107. Harmonia smak\u00f3w zawarta w jednej fili\u017cance kawy to najlepsze okre\u015blenie kawy z Kolumbii. Jego wyj\u0105tkowo\u015bci nadaje goryczka s\u0142odu, do kt\u00f3rej idealnie pasuje\u00a0<strong>klony<\/strong>\u00a0Syrop wydobywa najlepsze walory smakowe Columbii. To kawa pochodz\u0105ca z Kolumbii, charakteryzuj\u0105ca si\u0119 odmiennym charakterem i klimatem, kt\u00f3ra ma idealne warunki, aby nawet kilka razy w roku rozpieszcza\u0107 koneser\u00f3w kawy nowymi zbiorami. Doce\u0144 jako\u015b\u0107 i \u015bwie\u017co\u015b\u0107. Polecamy wybiera\u0107 t\u0119 kaw\u0119 do s\u0142odkich deser\u00f3w lub delektowa\u0107 si\u0119 ni\u0105 w przerwie mi\u0119dzy prac\u0105.<\/p>\n<p><strong>Cechy:<\/strong><\/p>\n<ul>\n<li>Rodzaj kawy: Arabika 100%<\/li>\n<li>Si\u0142a: 4\/10<\/li>\n<li>Pra\u017cenie:\u00a0<strong>Przeci\u0119tny<\/strong>.<\/li>\n<li>Cia\u0142o:<strong>\u00a0Przeci\u0119tny.<\/strong>\u00a0Idealny do delektowania si\u0119 wyj\u0105tkow\u0105 kaw\u0105;<\/li>\n<li>Aromat i s\u0142odycz:\u00a0<strong>Syrop klonowy i jagody.<\/strong><\/li>\n<li>Gorycz:\u00a0<strong>S\u0142\u00f3d<\/strong><strong>.<\/strong><\/li>\n<li>P\u0142odno\u015b\u0107:\u00a0<strong>wi\u015bnia<\/strong><strong>.<\/strong><\/li>\n<li aria-level=\"1\"><b>Op\u0142aca si\u0119 kupi\u0107:<\/b> 250g \u2248 20 fili\u017canek kawy.<\/li>\n<li aria-level=\"1\">Wysoce polecany\u00a0<b>do ekspres\u00f3w do kawy<\/b>.<\/li>\n<\/ul>\n<p>Czy masz jakie\u015b pytania? Skontaktuj si\u0119 z nami\u00a0<a href=\"https:\/\/hookahshop.lt\/pl\/lacznosc\/\">strona z kontaktami<\/a>\u00a0lub napisz do nas na adres\u00a0<a href=\"https:\/\/facebook.com\/HookahShop.lt\/\" target=\"_blank\" rel=\"noopener\">konto na Facebooku<\/a>\u00a0a my odpowiemy na Twoj\u0105 pro\u015bb\u0119 tego samego dnia.<\/p>\n<p>&nbsp;<\/p>\n<p>&nbsp;<\/p>\n<p>&nbsp;<\/p>","protected":false},"excerpt":{"rendered":"<p>Kawa mielona COFFEE CRUISE Kolumbia 250g Delikatne nuty karmelu przeplataj\u0105 si\u0119 z czekoladow\u0105 goryczk\u0105, uzupe\u0142nion\u0105 kwasowo\u015bci\u0105 dojrza\u0142ych wi\u015bni. Harmonia smak\u00f3w zawarta w jednej fili\u017cance kawy to najlepsze okre\u015blenie kawy z Kolumbii. Goryczka s\u0142odu nadaje mu wyj\u0105tkowo\u015bci, a syrop klonowy doskonale komponuje si\u0119 z najlepszymi walorami smakowymi Columbii.  Jest to kawa pochodz\u0105ca z Kolumbii, charakteryzuj\u0105ca si\u0119 odmiennym charakterem i klimatem, w idealnych warunkach nawet kilka razy w roku [...]<\/p>","protected":false},"featured_media":38721,"comment_status":"open","ping_status":"closed","template":"","meta":[],"_links":{"self":[{"href":"https:\/\/hookahshop.lt\/pl\/wp-json\/wp\/v2\/product\/38717"}],"collection":[{"href":"https:\/\/hookahshop.lt\/pl\/wp-json\/wp\/v2\/product"}],"about":[{"href":"https:\/\/hookahshop.lt\/pl\/wp-json\/wp\/v2\/types\/product"}],"replies":[{"embeddable":true,"href":"https:\/\/hookahshop.lt\/pl\/wp-json\/wp\/v2\/comments?post=38717"}],"version-history":[{"count":5,"href":"https:\/\/hookahshop.lt\/pl\/wp-json\/wp\/v2\/product\/38717\/revisions"}],"predecessor-version":[{"id":39129,"href":"https:\/\/hookahshop.lt\/pl\/wp-json\/wp\/v2\/product\/38717\/revisions\/39129"}],"wp:featuredmedia":[{"embeddable":true,"href":"https:\/\/hookahshop.lt\/pl\/wp-json\/wp\/v2\/media\/38721"}],"wp:attachment":[{"href":"https:\/\/hookahshop.lt\/pl\/wp-json\/wp\/v2\/media?parent=38717"}],"curies":[{"name":"wp","href":"https:\/\/api.w.org\/{rel}","templated":true}]}}