{"id":38725,"date":"2024-03-24T20:54:42","date_gmt":"2024-03-24T18:54:42","guid":{"rendered":"https:\/\/hookahshop.lt\/?post_type=product&#038;p=38725"},"modified":"2025-11-06T20:59:51","modified_gmt":"2025-11-06T18:59:51","slug":"kavos-pupeles-coffee-cruise-papua-new","status":"publish","type":"product","link":"https:\/\/hookahshop.lt\/pl\/produkt\/kawa-ziarnista-kawa-rejs-papua-nowa\/","title":{"rendered":"Kawa ziarnista KAWOWA REJS Papua Nowa Gwinea 1kg"},"content":{"rendered":"<h2>Kawa ziarnista KAWOWA REJS Papua Nowa Gwinea 1kg<\/h2>\n<p>Ziarna kawy uprawiane na wolno\u015bci s\u0105 przysmakiem <strong>o\u017cywi\u0107<\/strong>\u00a0gorycz, kt\u00f3ra dodaje energii i oczyszcza umys\u0142. \u0141\u0105czenie z imbirem\u00a0<strong>Mi\u00f3d<\/strong>\u00a0przynosi s\u0142odycz, kt\u00f3r\u0105 uzupe\u0142nia lekka, przyjemna\u00a0<strong>\u015bliwki<\/strong>\u00a0I\u00a0<strong>rodzynki<\/strong>\u00a0smak Unikaln\u0105, wyr\u00f3\u017cniaj\u0105c\u0105 cech\u0105 tej kawy jest\u00a0<strong>wino jab\u0142kowe<\/strong> posmak Intensywna, pikantna i s\u0142odka kawa o poranku poprawia nastr\u00f3j na ca\u0142y dzie\u0144, a po po\u0142udniu dostarcza tak potrzebnej energii. Jest to kawa niezwykle wysokiej jako\u015bci, nale\u017c\u0105ca do kategorii kaw organicznych, kt\u00f3ra cieszy si\u0119 du\u017cym uznaniem w\u015br\u00f3d koneser\u00f3w kawy.<span class=\"Apple-converted-space\">\u00a0\u00a0<\/span>W przypadku kawy wybieramy \u015brednie palenie, aby w pe\u0142ni wydoby\u0107 jej walory smakowe.<\/p>\n<p><strong>Cechy:<\/strong><\/p>\n<ul>\n<li>Rodzaj kawy: Arabika 100%<\/li>\n<li>Si\u0142a: 3\/10<\/li>\n<li>Pra\u017cenie:\u00a0<strong>Przeci\u0119tny<\/strong>.<\/li>\n<li>Cia\u0142o:<strong>\u00a0Przeci\u0119tny.<\/strong><\/li>\n<li>Aromat i s\u0142odycz:\u00a0<strong>Kwiaty i mi\u00f3d.<\/strong><\/li>\n<li>Gorycz:\u00a0<strong>O\u017cywi\u0107.<\/strong><\/li>\n<li>P\u0142odno\u015b\u0107:\u00a0<strong>\u015aliwka<\/strong><strong>.<\/strong><\/li>\n<li aria-level=\"1\"><b>Op\u0142aca si\u0119 kupi\u0107:<\/b> 1 kg \u2248 100 fili\u017canek kawy.<\/li>\n<li aria-level=\"1\">Wysoce polecany\u00a0<b>do ekspres\u00f3w do kawy<\/b>.<\/li>\n<\/ul>\n<p>Czy masz jakie\u015b pytania? Skontaktuj si\u0119 z nami\u00a0<a href=\"https:\/\/hookahshop.lt\/pl\/lacznosc\/\">strona z kontaktami<\/a>\u00a0lub napisz do nas na adres\u00a0<a href=\"https:\/\/facebook.com\/HookahShop.lt\/\" target=\"_blank\" rel=\"noopener\">konto na Facebooku<\/a>\u00a0a my odpowiemy na Twoj\u0105 pro\u015bb\u0119 tego samego dnia.<\/p>","protected":false},"excerpt":{"rendered":"<p>Kawa ziarnista KAWOWY REJS Papua Nowa Gwinea 1kg Kawa ziarnista uprawiana na wolno\u015bci wita delikatn\u0105 goryczk\u0105 imbiru, kt\u00f3ra dodaje energii i oczyszcza umys\u0142. Mi\u00f3d w po\u0142\u0105czeniu z imbirem dodaje s\u0142odyczy, kt\u00f3r\u0105 uzupe\u0142nia lekki, przyjemny smak suszonych \u015bliwek i rodzynek. Ekskluzywn\u0105, wyr\u00f3\u017cniaj\u0105c\u0105 cech\u0105 tej kawy jest posmak wina jab\u0142kowego. Intensywna, pikantna i s\u0142odka kawa o poranku poprawia nastr\u00f3j na ca\u0142y dzie\u0144, a po po\u0142udniu dostarcza tak potrzebnej energii. To [\u2026]<\/p>","protected":false},"featured_media":38726,"comment_status":"open","ping_status":"closed","template":"","meta":[],"_links":{"self":[{"href":"https:\/\/hookahshop.lt\/pl\/wp-json\/wp\/v2\/product\/38725"}],"collection":[{"href":"https:\/\/hookahshop.lt\/pl\/wp-json\/wp\/v2\/product"}],"about":[{"href":"https:\/\/hookahshop.lt\/pl\/wp-json\/wp\/v2\/types\/product"}],"replies":[{"embeddable":true,"href":"https:\/\/hookahshop.lt\/pl\/wp-json\/wp\/v2\/comments?post=38725"}],"version-history":[{"count":5,"href":"https:\/\/hookahshop.lt\/pl\/wp-json\/wp\/v2\/product\/38725\/revisions"}],"predecessor-version":[{"id":39128,"href":"https:\/\/hookahshop.lt\/pl\/wp-json\/wp\/v2\/product\/38725\/revisions\/39128"}],"wp:featuredmedia":[{"embeddable":true,"href":"https:\/\/hookahshop.lt\/pl\/wp-json\/wp\/v2\/media\/38726"}],"wp:attachment":[{"href":"https:\/\/hookahshop.lt\/pl\/wp-json\/wp\/v2\/media?parent=38725"}],"curies":[{"name":"wp","href":"https:\/\/api.w.org\/{rel}","templated":true}]}}