{"id":38737,"date":"2024-03-24T21:08:56","date_gmt":"2024-03-24T19:08:56","guid":{"rendered":"https:\/\/hookahshop.lt\/?post_type=product&#038;p=38737"},"modified":"2025-11-06T20:59:50","modified_gmt":"2025-11-06T18:59:50","slug":"kavos-pupeles-coffee-cruise-costa-rica-1kg","status":"publish","type":"product","link":"https:\/\/hookahshop.lt\/pl\/produkt\/kawa-ziarna-kawa-rejs-kostaryka-1kg\/","title":{"rendered":"Kawa ziarnista COFFEE CRUISE Kostaryka 1kg"},"content":{"rendered":"<h2>Kawa ziarnista COFFEE CRUISE Kostaryka 1kg<\/h2>\n<p>Wybierz Kostaryk\u0119, aby napi\u0107 si\u0119 mocnej kawy espresso, kt\u00f3ra doda energii i nape\u0142ni energi\u0105 Tw\u00f3j pracowity dzie\u0144. Goryczka ciemnej czekolady igra z karmelem, kt\u00f3ry uzupe\u0142nia smak przyjemn\u0105 goryczk\u0105. \u015awie\u017ce nuty cytryny uzupe\u0142niaj\u0105 t\u0119 harmoni\u0119. W aromacie Kostaryki wyczujesz tak\u017ce kusz\u0105c\u0105 nut\u0119 karmelu. Kostaryka to wyrazisty taniec smak\u00f3w, kt\u00f3ry si\u0119 zaczyna <strong>gorzka czekolada<\/strong>\u00a0z gorycz\u0105, kt\u00f3ra budzi ciekawo\u015b\u0107 \u2013 kontynuuje\u00a0<strong>karmelki<\/strong>\u00a0nuta, kt\u00f3ra kusi, by poczu\u0107 jeszcze wi\u0119cej rytm\u00f3w smakowych. Orze\u017awiaj\u0105cy\u00a0<strong>cytryny<\/strong>\u00a0nuty zach\u0119caj\u0105 do powolnej degustacji i cieszenia si\u0119 idealn\u0105 chwil\u0105... \u015arednio biedna Kostaryka, pochodz\u0105ca z Ameryki \u015arodkowej, zaliczana jest do kaw speciality posiadaj\u0105cych certyfikat SHB (Strictly Hard Bean), nadawany uprawom kawy na du\u017cej wysoko\u015bci.<\/p>\n<p><strong>Cechy:<\/strong><\/p>\n<ul>\n<li>Rodzaj kawy: Arabika 100%<\/li>\n<li>Si\u0142a: 4\/10<\/li>\n<li>Pra\u017cenie:\u00a0<strong>Przeci\u0119tny<\/strong>.<\/li>\n<li>Cia\u0142o:<strong> Przeci\u0119tny.<\/strong><\/li>\n<li>Aromat i s\u0142odycz:\u00a0<strong>Karmelki.<\/strong><\/li>\n<li>Gorycz:\u00a0<strong>Gorzka czekolada<\/strong><strong>.<\/strong><\/li>\n<li>P\u0142odno\u015b\u0107:\u00a0<strong>Cytryny<\/strong><strong>.<\/strong><\/li>\n<li aria-level=\"1\"><b>Op\u0142aca si\u0119 kupi\u0107:<\/b> 1 kg \u2248 100 fili\u017canek kawy.<\/li>\n<li aria-level=\"1\">Wysoce polecany\u00a0<b>do ekspres\u00f3w do kawy<\/b>.<\/li>\n<\/ul>\n<p>Czy masz jakie\u015b pytania? Skontaktuj si\u0119 z nami\u00a0<a href=\"https:\/\/hookahshop.lt\/pl\/lacznosc\/\">strona z kontaktami<\/a>\u00a0lub napisz do nas na adres\u00a0<a href=\"https:\/\/facebook.com\/HookahShop.lt\/\" target=\"_blank\" rel=\"noopener\">konto na Facebooku<\/a>\u00a0a my odpowiemy na Twoj\u0105 pro\u015bb\u0119 tego samego dnia.<\/p>\n<p>&nbsp;<\/p>","protected":false},"excerpt":{"rendered":"<p>Kawa ziarnista KAWOWA REJS Kostaryka 1kg Wybierz Kostaryk\u0119 na fili\u017cank\u0119 mocnej kawy espresso, kt\u00f3ra doda Ci energii i doda energii na pracowity dzie\u0144. Goryczka ciemnej czekolady igra z karmelem, kt\u00f3ry uzupe\u0142nia smak przyjemn\u0105 goryczk\u0105. \u015awie\u017ce nuty cytryny uzupe\u0142niaj\u0105 t\u0119 harmoni\u0119. W aromacie Kostaryki wyczujesz tak\u017ce kusz\u0105c\u0105 nut\u0119 karmelu. Kostaryka to wyrazisty taniec smak\u00f3w rozpoczynaj\u0105cy si\u0119 goryczk\u0105 ciemnej czekolady, [...]<\/p>","protected":false},"featured_media":38738,"comment_status":"open","ping_status":"closed","template":"","meta":[],"_links":{"self":[{"href":"https:\/\/hookahshop.lt\/pl\/wp-json\/wp\/v2\/product\/38737"}],"collection":[{"href":"https:\/\/hookahshop.lt\/pl\/wp-json\/wp\/v2\/product"}],"about":[{"href":"https:\/\/hookahshop.lt\/pl\/wp-json\/wp\/v2\/types\/product"}],"replies":[{"embeddable":true,"href":"https:\/\/hookahshop.lt\/pl\/wp-json\/wp\/v2\/comments?post=38737"}],"version-history":[{"count":3,"href":"https:\/\/hookahshop.lt\/pl\/wp-json\/wp\/v2\/product\/38737\/revisions"}],"predecessor-version":[{"id":39121,"href":"https:\/\/hookahshop.lt\/pl\/wp-json\/wp\/v2\/product\/38737\/revisions\/39121"}],"wp:featuredmedia":[{"embeddable":true,"href":"https:\/\/hookahshop.lt\/pl\/wp-json\/wp\/v2\/media\/38738"}],"wp:attachment":[{"href":"https:\/\/hookahshop.lt\/pl\/wp-json\/wp\/v2\/media?parent=38737"}],"curies":[{"name":"wp","href":"https:\/\/api.w.org\/{rel}","templated":true}]}}