{"id":38752,"date":"2024-03-24T21:27:11","date_gmt":"2024-03-24T19:27:11","guid":{"rendered":"https:\/\/hookahshop.lt\/?post_type=product&#038;p=38752"},"modified":"2025-11-06T20:59:50","modified_gmt":"2025-11-06T18:59:50","slug":"malta-kava-coffee-cruise-tanzania-250g","status":"publish","type":"product","link":"https:\/\/hookahshop.lt\/pl\/produkt\/kawa-mielona-rejs-tanzania-250g\/","title":{"rendered":"Kawa mielona COFFEE CRUISE Tanzania 250g"},"content":{"rendered":"<h2>Kawa mielona COFFEE CRUISE Tanzania 250g<\/h2>\n<p>Jagody kawy rosn\u0105ce w Tanzanii wyr\u00f3\u017cniaj\u0105 si\u0119 wielko\u015bci\u0105 i do\u015b\u0107 cz\u0119stym zbiorem. Smak kawy pozostawia g\u0142\u0119bokie wra\u017cenie. Kawa ta polecana jest mi\u0142o\u015bnikom kawy bogatej w goryczk\u0119, odrobin\u0119 s\u0142odyczy i owocowej kwasowo\u015bci. Idealnie po\u0142\u0105czone nuty czekolady i wanilii, owocowo\u015b\u0107 cytrus\u00f3w \u2013 to wszystko pasuje do tanza\u0144skiej kawy. Nie tylko smak, ale tak\u017ce zapach i kremowo\u015b\u0107 kawy wskazuj\u0105, \u017ce pochodzi ona z Afryki Wschodniej, gdzie tropikalny klimat pozwala na powolne i leniwe dojrzewanie ziaren kawy. Tanzania jest go\u015bcinna <strong>cytrus<\/strong>\u00a0towarzysz\u0105ca temu \u015bwie\u017ca kwasowo\u015b\u0107\u00a0<strong>czekolada<\/strong>\u00a0s\u0142odycz, kt\u00f3ra ma r\u00f3wnie\u017c nut\u0119 goryczy. Dodaje pikanterii do smaku\u00a0<strong>wanilia<\/strong>\u00a0notatka Aromat kawy budzi ch\u0119\u0107 podr\u00f3\u017cowania i zobaczenia ca\u0142ego pi\u0119kna Tanzanii, spaceru po plantacjach kawy, ogl\u0105dania zbioru jag\u00f3d i oczekiwania na \u015bwie\u017ce zbiory na przytulnych ranczach rolnik\u00f3w.<\/p>\n<p><strong>Cechy:<\/strong><\/p>\n<ul>\n<li>Rodzaj kawy: Arabika 100%<\/li>\n<li>Si\u0142a: 6\/10<\/li>\n<li>Pra\u017cenie:\u00a0<strong>Przeci\u0119tny<\/strong>.<\/li>\n<li>Cia\u0142o:<strong>\u00a0Przeci\u0119tny.<\/strong>\u00a0Idealny do delektowania si\u0119 wyj\u0105tkow\u0105 kaw\u0105;<\/li>\n<li>Aromat i s\u0142odycz:\u00a0<strong>Wanilia i owoce.<\/strong>\u00a0Delikatne po\u0142\u0105czenie wanilii i owoc\u00f3w uszcz\u0119\u015bliwi Ci\u0119 za ka\u017cdym razem, gdy przygotujesz fili\u017cank\u0119 kawy;<\/li>\n<li>Gorycz:\u00a0<strong>Czekolada<\/strong><strong>.<\/strong>\u00a0Ta nuta doda kawie tajemniczo\u015bci;<\/li>\n<li>P\u0142odno\u015b\u0107:\u00a0<strong>Owoce cytrusowe<\/strong><strong>.<\/strong>\u00a0Dlatego kawa b\u0119dzie wyj\u0105tkowo smaczna;<\/li>\n<li aria-level=\"1\"><b>Op\u0142aca si\u0119 kupi\u0107:<\/b> 250g \u2248 20 fili\u017canek kawy.<\/li>\n<li aria-level=\"1\">Wysoce polecany\u00a0<b>do ekspres\u00f3w do kawy<\/b>.<\/li>\n<\/ul>\n<p>Czy masz jakie\u015b pytania? Skontaktuj si\u0119 z nami\u00a0<a href=\"https:\/\/hookahshop.lt\/pl\/lacznosc\/\">strona z kontaktami<\/a>\u00a0lub napisz do nas na adres\u00a0<a href=\"https:\/\/facebook.com\/HookahShop.lt\/\" target=\"_blank\" rel=\"noopener\">konto na Facebooku<\/a>\u00a0a my odpowiemy na Twoj\u0105 pro\u015bb\u0119 tego samego dnia.<\/p>","protected":false},"excerpt":{"rendered":"<p>Kawa mielona COFFEE CRUISE Tanzania 250g Jagody kawy rosn\u0105ce w Tanzanii wyr\u00f3\u017cniaj\u0105 si\u0119 wielko\u015bci\u0105 i do\u015b\u0107 cz\u0119stym zbiorem. Smak kawy pozostawia g\u0142\u0119bokie wra\u017cenie. Kawa ta polecana jest mi\u0142o\u015bnikom kawy bogatej w goryczk\u0119, odrobin\u0119 s\u0142odyczy i owocowej kwasowo\u015bci. Idealnie po\u0142\u0105czone nuty czekolady i wanilii, owocowo\u015b\u0107 cytrus\u00f3w \u2013 to wszystko komponuje si\u0119 z tanza\u0144sk\u0105 kaw\u0105. Nie tylko smak, ale [\u2026]<\/p>","protected":false},"featured_media":38753,"comment_status":"open","ping_status":"closed","template":"","meta":[],"_links":{"self":[{"href":"https:\/\/hookahshop.lt\/pl\/wp-json\/wp\/v2\/product\/38752"}],"collection":[{"href":"https:\/\/hookahshop.lt\/pl\/wp-json\/wp\/v2\/product"}],"about":[{"href":"https:\/\/hookahshop.lt\/pl\/wp-json\/wp\/v2\/types\/product"}],"replies":[{"embeddable":true,"href":"https:\/\/hookahshop.lt\/pl\/wp-json\/wp\/v2\/comments?post=38752"}],"version-history":[{"count":3,"href":"https:\/\/hookahshop.lt\/pl\/wp-json\/wp\/v2\/product\/38752\/revisions"}],"predecessor-version":[{"id":39124,"href":"https:\/\/hookahshop.lt\/pl\/wp-json\/wp\/v2\/product\/38752\/revisions\/39124"}],"wp:featuredmedia":[{"embeddable":true,"href":"https:\/\/hookahshop.lt\/pl\/wp-json\/wp\/v2\/media\/38753"}],"wp:attachment":[{"href":"https:\/\/hookahshop.lt\/pl\/wp-json\/wp\/v2\/media?parent=38752"}],"curies":[{"name":"wp","href":"https:\/\/api.w.org\/{rel}","templated":true}]}}